{"id":125595,"date":"2025-11-10T15:44:53","date_gmt":"2025-11-10T14:44:53","guid":{"rendered":"https:\/\/baltic.se\/?post_type=product&#038;p=125595"},"modified":"2026-04-23T04:40:07","modified_gmt":"2026-04-23T02:40:07","slug":"classic-e-i-2025","status":"publish","type":"product","link":"https:\/\/baltic.se\/en\/produkt\/classic-e-i-2025\/","title":{"rendered":"CLASSIC E.I 2025"},"content":{"rendered":"<ul>\n<li>\u00c5tervunnet material<\/li>\n<\/ul>\n<p><\/p>\n<p>Classic E.I. \u00e4r ett p\u00e5litligt val f\u00f6r dig som trivs med segling, motorb\u00e5tsturer eller fiske i lugna vatten som sj\u00f6ar och kanaler. Den h\u00e4r flytv\u00e4sten kombinerar trygghet och bekv\u00e4mlighet med en genomt\u00e4nkt design och ett mer h\u00e5llbart materialval. Ett stabilt alternativ f\u00f6r alla som vill k\u00e4nna sig s\u00e4kra och bekv\u00e4ma ute p\u00e5 vattnet.<\/p>\n<p><strong>S\u00e4kerhet:<\/strong> Med en b\u00e4rf\u00f6rm\u00e5ga p\u00e5 50N och CE-godk\u00e4nnande ger Classic E.I. ett s\u00e4kert st\u00f6d f\u00f6r dig som \u00e4r simkunnig. F\u00f6r \u00e4nnu h\u00f6gre s\u00e4kerhet finns b\u00e5de grenband och visselpipa att k\u00f6pa till.<\/p>\n<p><strong>Komfort och passform: <\/strong>Flytv\u00e4sten \u00e4r utrustad med knytning i nederkant, dragkedja framtill samt ett midjeband med snabbsp\u00e4nne, vilket g\u00f6r det enkelt att f\u00e5 en stabil och sk\u00f6n passform. Den f\u00f6ljsamma utformningen g\u00f6r att v\u00e4sten fungerar lika bra vid lugna turer som under mer aktiva stunder.<\/p>\n<p><strong>Kvalitet och tillverkning: <\/strong>Classic E.I. produceras i Europa enligt h\u00f6ga kvalitetskrav och inneh\u00e5ller delvis \u00e5tervunnet material. Det ger en mer h\u00e5llbar produkt utan att tumma p\u00e5 livsl\u00e4ngd eller s\u00e4kerhet.<\/p>\n<p><strong>T\u00c4NK P\u00c5:<\/strong> En flytv\u00e4st \u00e4r ett viktigt s\u00e4kerhetshj\u00e4lpmedel som kan minska risken f\u00f6r drunkning, men den garanterar inte r\u00e4ddning. Anv\u00e4nd alltid flytv\u00e4sten korrekt och f\u00f6lj alla s\u00e4kerhetsinstruktioner.<\/p>\n","protected":false},"excerpt":{"rendered":"<p>Vi ut\u00f6kar E.I kollektionen med Classic E.I. Classic E.I \u00e4r ett bra allround flythj\u00e4lpmedel som passar till de flesta vattenaktiviteter.  I denna modell \u00e4r flytmaterialet tillverkat av \u00e5tervunnet polyeten och tyget av \u00e5tervunnen polyester. Alltid med Baltics kompromissl\u00f6sa kvalitet<\/p>\n","protected":false},"featured_media":104577,"template":"","meta":{"_et_pb_use_builder":"","_et_pb_old_content":"","_et_gb_content_width":"","inline_featured_image":false},"product_brand":[],"product_cat":[876,770],"product_tag":[],"acf":[],"_links":{"self":[{"href":"https:\/\/baltic.se\/en\/wp-json\/wp\/v2\/product\/125595"}],"collection":[{"href":"https:\/\/baltic.se\/en\/wp-json\/wp\/v2\/product"}],"about":[{"href":"https:\/\/baltic.se\/en\/wp-json\/wp\/v2\/types\/product"}],"wp:featuredmedia":[{"embeddable":true,"href":"https:\/\/baltic.se\/en\/wp-json\/wp\/v2\/media\/104577"}],"wp:attachment":[{"href":"https:\/\/baltic.se\/en\/wp-json\/wp\/v2\/media?parent=125595"}],"wp:term":[{"taxonomy":"product_brand","embeddable":true,"href":"https:\/\/baltic.se\/en\/wp-json\/wp\/v2\/product_brand?post=125595"},{"taxonomy":"product_cat","embeddable":true,"href":"https:\/\/baltic.se\/en\/wp-json\/wp\/v2\/product_cat?post=125595"},{"taxonomy":"product_tag","embeddable":true,"href":"https:\/\/baltic.se\/en\/wp-json\/wp\/v2\/product_tag?post=125595"}],"curies":[{"name":"wp","href":"https:\/\/api.w.org\/{rel}","templated":true}]}}