{"id":125577,"date":"2025-11-10T15:41:58","date_gmt":"2025-11-10T14:41:58","guid":{"rendered":"https:\/\/baltic.se\/?post_type=product&#038;p=125577"},"modified":"2026-04-17T04:40:45","modified_gmt":"2026-04-17T02:40:45","slug":"hera-e-i-2025","status":"publish","type":"product","link":"https:\/\/baltic.se\/en\/produkt\/hera-e-i-2025\/","title":{"rendered":"Hera E.I 2025"},"content":{"rendered":"<ul>\n<li>\u00c5tervunnet material<\/li>\n<li>Delat flytskum<\/li>\n<li>Designad f\u00f6r kvinnor<\/li>\n<li>F\u00f6ljsam passform<\/li>\n<\/ul>\n<p><\/p>\n<p>Flytv\u00e4sten Hera EI&nbsp;\u00e4r v\u00e5r senaste skapelse, s\u00e4rskilt utvecklad f\u00f6r kvinnor. Med sin f\u00f6ljsamma design och ett varierat f\u00e4rgutbud \u00e4r den perfekt f\u00f6r aktiv allroundanv\u00e4ndning, vare sig du seglar, paddlar kajak eller njuter av andra vattenaktiviteter.<\/p>\n<p><strong>S\u00e4kerhet:<\/strong>&nbsp;Med en flytkraft p\u00e5 50N och CE-certifiering erbjuder Hera E.I p\u00e5litlig s\u00e4kerhet p\u00e5 vattnet. V\u00e4sten \u00e4r designad f\u00f6r att ge god r\u00f6relsefrihet och trygghet f\u00f6r simkunniga kvinnor. F\u00f6r extra s\u00e4kerhet kan den kompletteras med tillval som grenband och visselpipa.<\/p>\n<p><strong>Passform och komfort:&nbsp;<\/strong>Den sportiga designen och flexibla materialen g\u00f6r Hera E.I mycket bekv\u00e4m f\u00f6r l\u00e5ngvarig anv\u00e4ndning. V\u00e4sten har en ergonomisk passform som smidigt anpassar sig efter din kropp och \u00e4r utrustad med detaljer som en utv\u00e4ndig ficka, knytsn\u00f6re, frontdragkedja och midjeband med snabbsp\u00e4nne f\u00f6r optimal komfort och funktionalitet.<\/p>\n<p><strong>Tillverkning och kvalitet:&nbsp;<\/strong>Flytv\u00e4sten \u00e4r tillverkad i Europa enligt strikta kvalitetsstandarder. Genom att anv\u00e4nda delvis \u00e5tervunnet material minimerar vi milj\u00f6p\u00e5verkan utan att kompromissa med kvaliteten.<\/p>\n<p><strong>T\u00c4NK P\u00c5:&nbsp;<\/strong>En flytv\u00e4st \u00e4r ett viktigt s\u00e4kerhetshj\u00e4lpmedel som kan minska risken f\u00f6r drunkning, men den garanterar inte r\u00e4ddning. Anv\u00e4nd alltid flytv\u00e4sten korrekt och f\u00f6lj alla s\u00e4kerhetsinstruktioner.<\/p>\n","protected":false},"excerpt":{"rendered":"<p>Vi ut\u00f6kar E.I kollektionen med Hera E.I. Hera E.I \u00e4r ett flythj\u00e4lpmedel utvecklad med kvinnan i fokus.  Det bredare br\u00f6stpartiet g\u00f6r den bekv\u00e4m, \u00e4ven f\u00f6r kvinnor med st\u00f6rre byst som tidigare haft problem med att hitta flythj\u00e4lpmedel som sitter bra. Sportig och slimad design. <\/p>\n","protected":false},"featured_media":104102,"template":"","meta":{"_et_pb_use_builder":"","_et_pb_old_content":"","_et_gb_content_width":"","inline_featured_image":false},"product_brand":[],"product_cat":[876,770],"product_tag":[],"acf":[],"_links":{"self":[{"href":"https:\/\/baltic.se\/en\/wp-json\/wp\/v2\/product\/125577"}],"collection":[{"href":"https:\/\/baltic.se\/en\/wp-json\/wp\/v2\/product"}],"about":[{"href":"https:\/\/baltic.se\/en\/wp-json\/wp\/v2\/types\/product"}],"wp:featuredmedia":[{"embeddable":true,"href":"https:\/\/baltic.se\/en\/wp-json\/wp\/v2\/media\/104102"}],"wp:attachment":[{"href":"https:\/\/baltic.se\/en\/wp-json\/wp\/v2\/media?parent=125577"}],"wp:term":[{"taxonomy":"product_brand","embeddable":true,"href":"https:\/\/baltic.se\/en\/wp-json\/wp\/v2\/product_brand?post=125577"},{"taxonomy":"product_cat","embeddable":true,"href":"https:\/\/baltic.se\/en\/wp-json\/wp\/v2\/product_cat?post=125577"},{"taxonomy":"product_tag","embeddable":true,"href":"https:\/\/baltic.se\/en\/wp-json\/wp\/v2\/product_tag?post=125577"}],"curies":[{"name":"wp","href":"https:\/\/api.w.org\/{rel}","templated":true}]}}