{"id":125555,"date":"2025-11-10T15:09:17","date_gmt":"2025-11-10T14:09:17","guid":{"rendered":"https:\/\/baltic.se\/?post_type=product&#038;p=125555"},"modified":"2026-04-06T04:40:42","modified_gmt":"2026-04-06T02:40:42","slug":"epiq-e-i-165-auto-flytvast-outlet","status":"publish","type":"product","link":"https:\/\/baltic.se\/en\/produkt\/epiq-e-i-165-auto-flytvast-outlet\/","title":{"rendered":"Epiq E.I 165 auto 2025"},"content":{"rendered":"<ul>\n<li>\u00c5tervunnet material<\/li>\n<li>F\u00f6r motorb\u00e5t<\/li>\n<li>Automatisk uppbl\u00e5sning<\/li>\n<\/ul>\n<p><\/p>\n<p><strong>Upplev trygghet p\u00e5 vattnet med den uppbl\u00e5sbara flytv\u00e4sten EPIQ E.I 165 Auto.<\/strong><\/p>\n<p> Denna flytv\u00e4st \u00e4r utvecklad f\u00f6r att ge h\u00f6g s\u00e4kerhet och maximal komfort vid segling, motorb\u00e5tsturer, fiske och andra vattenaktiviteter d\u00e4r p\u00e5litligt skydd \u00e4r avg\u00f6rande.<\/p>\n<p><strong>S\u00e4kerhet: <\/strong>EPIQ E.I 165 Auto har en b\u00e4rkraft p\u00e5 165N och \u00e4r CE-certifierad som r\u00e4ddningsv\u00e4st, vilket inneb\u00e4r att den uppfyller strikta s\u00e4kerhetskrav. Den \u00e4r utrustad med ett inspektionsf\u00f6nster f\u00f6r enkel kontroll av patronens status, samt ett l\u00f6stagbart grenband och en visselpipa f\u00f6r \u00f6kad s\u00e4kerhet.<\/p>\n<p><strong>Passform och komfort: <\/strong>Den ergonomiska och sportiga designen i flexibla material ger en bekv\u00e4m passform \u00f6ver b\u00e5de axlar och nacke. Flytv\u00e4sten \u00e4r framtagen f\u00f6r att kunna b\u00e4ras under l\u00e4ngre perioder utan att orsaka obehag.<\/p>\n<p><strong>Tillverkning och kvalitet: <\/strong>Flytv\u00e4sten \u00e4r tillverkad i Europa av delvis \u00e5tervunna material. Den kombinerar h\u00e5llbarhet med p\u00e5litlig prestanda \u2013 utan att n\u00e5gonsin kompromissa med din s\u00e4kerhet.<\/p>\n<p><strong>T\u00c4NK P\u00c5:&nbsp;<\/strong>En flytv\u00e4st \u00e4r ett viktigt s\u00e4kerhetshj\u00e4lpmedel som kan minska risken f\u00f6r drunkning, men den garanterar inte r\u00e4ddning. Anv\u00e4nd alltid flytv\u00e4sten korrekt och f\u00f6lj alla s\u00e4kerhetsinstruktioner.<\/p>\n","protected":false},"excerpt":{"rendered":"<p>Vi ut\u00f6kar E.I kollektionen med uppbl\u00e5sbara flytv\u00e4star! Epiq 165 har en sportig look och \u00e4r en mycket bekv\u00e4m v\u00e4st tack vare med tex. mesh-foder i nacken och en l\u00e5g vikt. Yttertyget \u00e4r tillverkat i \u00e5tervunnet material.<\/p>\n","protected":false},"featured_media":103505,"template":"","meta":{"_et_pb_use_builder":"","_et_pb_old_content":"","_et_gb_content_width":"","inline_featured_image":false},"product_brand":[],"product_cat":[770],"product_tag":[],"acf":[],"_links":{"self":[{"href":"https:\/\/baltic.se\/en\/wp-json\/wp\/v2\/product\/125555"}],"collection":[{"href":"https:\/\/baltic.se\/en\/wp-json\/wp\/v2\/product"}],"about":[{"href":"https:\/\/baltic.se\/en\/wp-json\/wp\/v2\/types\/product"}],"wp:featuredmedia":[{"embeddable":true,"href":"https:\/\/baltic.se\/en\/wp-json\/wp\/v2\/media\/103505"}],"wp:attachment":[{"href":"https:\/\/baltic.se\/en\/wp-json\/wp\/v2\/media?parent=125555"}],"wp:term":[{"taxonomy":"product_brand","embeddable":true,"href":"https:\/\/baltic.se\/en\/wp-json\/wp\/v2\/product_brand?post=125555"},{"taxonomy":"product_cat","embeddable":true,"href":"https:\/\/baltic.se\/en\/wp-json\/wp\/v2\/product_cat?post=125555"},{"taxonomy":"product_tag","embeddable":true,"href":"https:\/\/baltic.se\/en\/wp-json\/wp\/v2\/product_tag?post=125555"}],"curies":[{"name":"wp","href":"https:\/\/api.w.org\/{rel}","templated":true}]}}