{"id":1250,"date":"2021-03-26T22:11:21","date_gmt":"2021-03-26T21:11:21","guid":{"rendered":"https:\/\/baltic.se\/?post_type=product&#038;p=1250"},"modified":"2026-04-17T04:25:37","modified_gmt":"2026-04-17T02:25:37","slug":"indu-basic-m-e-d-solas-165-flytvast","status":"publish","type":"product","link":"https:\/\/baltic.se\/en\/produkt\/indu-basic-m-e-d-solas-165-flytvast\/","title":{"rendered":"Indu Basic M.E.D.\/Solas 165 Flytv\u00e4st"},"content":{"rendered":"<p>M.E.D\/SOLAS-godk\u00e4nd basmodell med fodral i slitstark PVC, dubbla grenband och snabbsp\u00e4nne.<\/p>\n<p><strong>T\u00c4NK P\u00c5:<\/strong> En flytv\u00e4st \u00e4r ett viktigt s\u00e4kerhetshj\u00e4lpmedel som kan minska risken f\u00f6r drunkning, men den garanterar inte r\u00e4ddning. Anv\u00e4nd alltid flytv\u00e4sten korrekt och f\u00f6lj alla s\u00e4kerhetsinstruktioner.<\/p>\n","protected":false},"excerpt":{"rendered":"<p>M.E.D\/SOLAS-godk\u00e4nd basmodell med fodral i slitstark PVC, dubbla grenband och snabbsp\u00e4nne. T\u00c4NK P\u00c5: En flytv\u00e4st \u00e4r ett viktigt s\u00e4kerhetshj\u00e4lpmedel som kan minska risken f\u00f6r drunkning, men den garanterar inte r\u00e4ddning. Anv\u00e4nd alltid flytv\u00e4sten korrekt och f\u00f6lj alla s\u00e4kerhetsinstruktioner.<\/p>\n","protected":false},"featured_media":18057,"template":"","meta":{"_et_pb_use_builder":"","_et_pb_old_content":"","_et_gb_content_width":"","inline_featured_image":false},"product_brand":[],"product_cat":[732,225,551,730],"product_tag":[],"acf":[],"_links":{"self":[{"href":"https:\/\/baltic.se\/en\/wp-json\/wp\/v2\/product\/1250"}],"collection":[{"href":"https:\/\/baltic.se\/en\/wp-json\/wp\/v2\/product"}],"about":[{"href":"https:\/\/baltic.se\/en\/wp-json\/wp\/v2\/types\/product"}],"wp:featuredmedia":[{"embeddable":true,"href":"https:\/\/baltic.se\/en\/wp-json\/wp\/v2\/media\/18057"}],"wp:attachment":[{"href":"https:\/\/baltic.se\/en\/wp-json\/wp\/v2\/media?parent=1250"}],"wp:term":[{"taxonomy":"product_brand","embeddable":true,"href":"https:\/\/baltic.se\/en\/wp-json\/wp\/v2\/product_brand?post=1250"},{"taxonomy":"product_cat","embeddable":true,"href":"https:\/\/baltic.se\/en\/wp-json\/wp\/v2\/product_cat?post=1250"},{"taxonomy":"product_tag","embeddable":true,"href":"https:\/\/baltic.se\/en\/wp-json\/wp\/v2\/product_tag?post=1250"}],"curies":[{"name":"wp","href":"https:\/\/api.w.org\/{rel}","templated":true}]}}