{"id":1242,"date":"2021-03-26T22:11:13","date_gmt":"2021-03-26T21:11:13","guid":{"rendered":"https:\/\/baltic.se\/?post_type=product&#038;p=1242"},"modified":"2026-04-04T04:25:27","modified_gmt":"2026-04-04T02:25:27","slug":"legend-m-e-d-solas-165","status":"publish","type":"product","link":"https:\/\/baltic.se\/en\/produkt\/legend-m-e-d-solas-165\/","title":{"rendered":"LEGEND M.E.D.\/SOLAS 165"},"content":{"rendered":"<p>Legend-serien av Baltic SOLAS flytv\u00e4star har god passform och h\u00f6g komfort, fodral av tyg eller avtorkbar PVC. Designen har mjuk krage med st\u00f6rre hals\u00f6ppning, skr\u00e4ddarsydd f\u00f6r att s\u00e4kerst\u00e4lla en n\u00e4ra passform med minimal volym. Standardfunktionerna inkluderar snabbsp\u00e4nne, grenband, lyft\u00f6gla och buddyline. Som extra tillbeh\u00f6r finns flytv\u00e4stljus, sprayhood, skyddsfodral, AIS och PLB.<\/p>\n<p><strong>T\u00c4NK P\u00c5:<\/strong> En flytv\u00e4st \u00e4r ett viktigt s\u00e4kerhetshj\u00e4lpmedel som kan minska risken f\u00f6r drunkning, men den garanterar inte r\u00e4ddning. Anv\u00e4nd alltid flytv\u00e4sten korrekt och f\u00f6lj alla s\u00e4kerhetsinstruktioner.<\/p>\n","protected":false},"excerpt":{"rendered":"<p>Legend-serien av Baltic SOLAS flytv\u00e4star har god passform och h\u00f6g komfort, fodral av tyg eller avtorkbar PVC. Designen har mjuk krage med st\u00f6rre hals\u00f6ppning, skr\u00e4ddarsydd f\u00f6r att s\u00e4kerst\u00e4lla en n\u00e4ra passform med minimal volym. Standardfunktionerna inkluderar snabbsp\u00e4nne, grenband, lyft\u00f6gla och buddyline. Som extra tillbeh\u00f6r finns flytv\u00e4stljus, sprayhood, skyddsfodral, AIS och PLB. T\u00c4NK P\u00c5: En flytv\u00e4st [&hellip;]<\/p>\n","protected":false},"featured_media":25517,"template":"","meta":{"_et_pb_use_builder":"","_et_pb_old_content":"","_et_gb_content_width":"","inline_featured_image":false},"product_brand":[],"product_cat":[225,551,730,733,731],"product_tag":[],"acf":[],"_links":{"self":[{"href":"https:\/\/baltic.se\/en\/wp-json\/wp\/v2\/product\/1242"}],"collection":[{"href":"https:\/\/baltic.se\/en\/wp-json\/wp\/v2\/product"}],"about":[{"href":"https:\/\/baltic.se\/en\/wp-json\/wp\/v2\/types\/product"}],"wp:featuredmedia":[{"embeddable":true,"href":"https:\/\/baltic.se\/en\/wp-json\/wp\/v2\/media\/25517"}],"wp:attachment":[{"href":"https:\/\/baltic.se\/en\/wp-json\/wp\/v2\/media?parent=1242"}],"wp:term":[{"taxonomy":"product_brand","embeddable":true,"href":"https:\/\/baltic.se\/en\/wp-json\/wp\/v2\/product_brand?post=1242"},{"taxonomy":"product_cat","embeddable":true,"href":"https:\/\/baltic.se\/en\/wp-json\/wp\/v2\/product_cat?post=1242"},{"taxonomy":"product_tag","embeddable":true,"href":"https:\/\/baltic.se\/en\/wp-json\/wp\/v2\/product_tag?post=1242"}],"curies":[{"name":"wp","href":"https:\/\/api.w.org\/{rel}","templated":true}]}}