{"id":1239,"date":"2021-03-26T22:11:10","date_gmt":"2021-03-26T21:11:10","guid":{"rendered":"https:\/\/baltic.se\/?post_type=product&#038;p=1239"},"modified":"2026-05-06T04:24:59","modified_gmt":"2026-05-06T02:24:59","slug":"winner-flytvast","status":"publish","type":"product","link":"https:\/\/baltic.se\/en\/products\/winner-life-jacket\/","title":{"rendered":"Winner Flytv\u00e4st"},"content":{"rendered":"<ul>\n<li>F\u00f6r motorb\u00e5t<\/li>\n<li>Enklare passform<\/li>\n<li>Automatisk uppbl\u00e5sning<\/li>\n<\/ul>\n<p><\/p>\n<p>Baltic Winner \u00e4r en uppbl\u00e5sbar r\u00e4ddningsv\u00e4st, utvecklad f\u00f6r motorb\u00e5t. Den kombinerar modern design med en h\u00f6g s\u00e4kerhetsniv\u00e5 f\u00f6r b\u00e5de nyb\u00f6rjare och erfarna anv\u00e4ndare.<\/p>\n<p><strong>S\u00e4kerhet:<\/strong> Med en b\u00e4rf\u00f6rm\u00e5ga p\u00e5 165N och CE-certifiering \u00e4r Baltic Winner utformad f\u00f6r att bidra till att h\u00e5lla anv\u00e4ndaren ovanf\u00f6r vattenytan. V\u00e4sten bl\u00e5ses upp automatiskt n\u00e4r du hamnar i vattnet, med m\u00f6jlighet till manuell uppbl\u00e5sning vid behov. Den \u00e4r utrustad med en luftt\u00e4t lunga och en kolsyrepatron som \u00e4r s\u00e4krad mot ofrivillig uppskruvning.<\/p>\n<p><strong>Passform och komfort:<\/strong> Den mjuka fleecekragen och det kraftiga yttertyget ger extra komfort och h\u00e5llbarhet. Grenbandet \u00e4r l\u00f6stagbart f\u00f6r en justerbar passform, och v\u00e4sten \u00e4r designad f\u00f6r att vara bekv\u00e4m under hela anv\u00e4ndningen.<\/p>\n<p><strong>Tillverkning och kvalitet:<\/strong> Baltic Winner \u00e4r tillverkad med h\u00f6gsta kvalitet och \u00e4r byggd f\u00f6r att klara tuffa f\u00f6rh\u00e5llanden. Den \u00e4r h\u00e5llbar och p\u00e5litlig, med en uppbl\u00e5sbar mekanism som fungerar effektivt n\u00e4r du beh\u00f6ver den som mest.<\/p>\n<p><strong>T\u00c4NK P\u00c5:<\/strong> En flytv\u00e4st \u00e4r ett viktigt s\u00e4kerhetshj\u00e4lpmedel som kan minska risken f\u00f6r drunkning, men den garanterar inte r\u00e4ddning. Anv\u00e4nd alltid flytv\u00e4sten korrekt och f\u00f6lj alla s\u00e4kerhetsinstruktioner.<\/p>\n","protected":false},"excerpt":{"rendered":"<p>Uppbl\u00e5sbar r\u00e4ddningsv\u00e4st f\u00f6r allround s\u00e4kerhet upp till 165N. Kompromissl\u00f6s Baltic-konstruktion med s\u00e4kerhet, funktion, kvalitet och passform. M\u00e5nga f\u00e4rger.<\/p>\n","protected":false},"featured_media":25779,"template":"","meta":{"_et_pb_use_builder":"","_et_pb_old_content":"","_et_gb_content_width":"","inline_featured_image":false},"product_brand":[],"product_cat":[86,112,90,730,733,72,731],"product_tag":[],"acf":[],"_links":{"self":[{"href":"https:\/\/baltic.se\/en\/wp-json\/wp\/v2\/product\/1239"}],"collection":[{"href":"https:\/\/baltic.se\/en\/wp-json\/wp\/v2\/product"}],"about":[{"href":"https:\/\/baltic.se\/en\/wp-json\/wp\/v2\/types\/product"}],"wp:featuredmedia":[{"embeddable":true,"href":"https:\/\/baltic.se\/en\/wp-json\/wp\/v2\/media\/25779"}],"wp:attachment":[{"href":"https:\/\/baltic.se\/en\/wp-json\/wp\/v2\/media?parent=1239"}],"wp:term":[{"taxonomy":"product_brand","embeddable":true,"href":"https:\/\/baltic.se\/en\/wp-json\/wp\/v2\/product_brand?post=1239"},{"taxonomy":"product_cat","embeddable":true,"href":"https:\/\/baltic.se\/en\/wp-json\/wp\/v2\/product_cat?post=1239"},{"taxonomy":"product_tag","embeddable":true,"href":"https:\/\/baltic.se\/en\/wp-json\/wp\/v2\/product_tag?post=1239"}],"curies":[{"name":"wp","href":"https:\/\/api.w.org\/{rel}","templated":true}]}}