{"id":1238,"date":"2021-03-26T22:11:09","date_gmt":"2021-03-26T21:11:09","guid":{"rendered":"https:\/\/baltic.se\/?post_type=product&#038;p=1238"},"modified":"2026-04-05T04:25:08","modified_gmt":"2026-04-05T02:25:08","slug":"winner-manuell-flytvast","status":"publish","type":"product","link":"https:\/\/baltic.se\/en\/produkt\/winner-manuell-flytvast\/","title":{"rendered":"Winner Manuell Flytv\u00e4st"},"content":{"rendered":"<ul>\n<li>Maximal s\u00e4kerhet<\/li>\n<li>CE-m\u00e4rkt och klassad som r\u00e4ddningsv\u00e4st<\/li>\n<li>165N b\u00e4rkraft<\/li>\n<li>Manuell uppbl\u00e5sning<\/li>\n<li>5 \u00e5rs garanti<\/li>\n<\/ul>\n<p><\/p>\n<p>Baltic Winner \u00e4r v\u00e5r instegsmodell bland uppbl\u00e5sbara r\u00e4ddningsv\u00e4star. En smidig och modern v\u00e4st som skyddar dig v\u00e4l i de flesta situationer. Kompromissl\u00f6s kvalitet, funktion och passform vittnar om en Baltic-konstruktion. Njut av en mjuk fleecekrage och kraftigt yttertyg. V\u00e4nligen observera att denna modell \u00e4r med manuell uppbl\u00e5sning. Grenbandet \u00e4r l\u00f6stagbart, och Baltic Winner har en b\u00e4rf\u00f6rm\u00e5ga p\u00e5 165N. Klassningen som r\u00e4ddningsv\u00e4st inneb\u00e4r att dina luftv\u00e4gar h\u00e5lls \u00f6ver ytan. V\u00e4stens uppbl\u00e5sningsventil \u00e4r kopplad till en luftt\u00e4t lunga f\u00f6r maximal funktion och s\u00e4kerhet. Drivgastuben \u00e4r s\u00e4krad mot ofrivillig uppskruvning, precis som p\u00e5 alla Baltics uppbl\u00e5sbara v\u00e4star. Drivgasen \u00e4r ofarlig, livsmedelsklassad koldioxid.<\/p>\n<p><strong>T\u00c4NK P\u00c5:<\/strong> En flytv\u00e4st \u00e4r ett viktigt s\u00e4kerhetshj\u00e4lpmedel som kan minska risken f\u00f6r drunkning, men den garanterar inte r\u00e4ddning. Anv\u00e4nd alltid flytv\u00e4sten korrekt och f\u00f6lj alla s\u00e4kerhetsinstruktioner.<\/p>\n","protected":false},"excerpt":{"rendered":"<p>Uppbl\u00e5sbar r\u00e4ddningsv\u00e4st f\u00f6r allround s\u00e4kerhet upp till 165N. Kompromissl\u00f6s Baltic-konstruktion med s\u00e4kerhet, funktion, kvalitet och passform. Manuell uppbl\u00e5sning. <\/p>\n","protected":false},"featured_media":25485,"template":"","meta":{"_et_pb_use_builder":"","_et_pb_old_content":"","_et_gb_content_width":"","inline_featured_image":false},"product_brand":[],"product_cat":[115,730,731],"product_tag":[],"acf":[],"_links":{"self":[{"href":"https:\/\/baltic.se\/en\/wp-json\/wp\/v2\/product\/1238"}],"collection":[{"href":"https:\/\/baltic.se\/en\/wp-json\/wp\/v2\/product"}],"about":[{"href":"https:\/\/baltic.se\/en\/wp-json\/wp\/v2\/types\/product"}],"wp:featuredmedia":[{"embeddable":true,"href":"https:\/\/baltic.se\/en\/wp-json\/wp\/v2\/media\/25485"}],"wp:attachment":[{"href":"https:\/\/baltic.se\/en\/wp-json\/wp\/v2\/media?parent=1238"}],"wp:term":[{"taxonomy":"product_brand","embeddable":true,"href":"https:\/\/baltic.se\/en\/wp-json\/wp\/v2\/product_brand?post=1238"},{"taxonomy":"product_cat","embeddable":true,"href":"https:\/\/baltic.se\/en\/wp-json\/wp\/v2\/product_cat?post=1238"},{"taxonomy":"product_tag","embeddable":true,"href":"https:\/\/baltic.se\/en\/wp-json\/wp\/v2\/product_tag?post=1238"}],"curies":[{"name":"wp","href":"https:\/\/api.w.org\/{rel}","templated":true}]}}