{"id":1234,"date":"2021-03-26T22:11:04","date_gmt":"2021-03-26T21:11:04","guid":{"rendered":"https:\/\/baltic.se\/?post_type=product&#038;p=1234"},"modified":"2026-04-06T04:24:54","modified_gmt":"2026-04-06T02:24:54","slug":"fishfarmer-165-argus-flytvast","status":"publish","type":"product","link":"https:\/\/baltic.se\/en\/produkt\/fishfarmer-165-argus-flytvast\/","title":{"rendered":"Fishfarmer 165 Argus Flytv\u00e4st"},"content":{"rendered":"<p>Fishfarmer 165 har ett slitstarkt mjukt PVC-ytterskydd som ger mycket h\u00f6g motst\u00e5ndskraft mot fiskolja, industriell olja, m\u00f6gel, UV-ljus, kraftigt n\u00f6tning etc. Utvecklad f\u00f6r yrkesfiskare med avtagbar ficka f\u00f6r kniv och h\u00e5llare f\u00f6r VHF-radio. Reflexer, lyft\u00f6gla, avtagbart grenband och f\u00e4stpunkt f\u00f6r sprayhood. Valfria tillbeh\u00f6r: sprayhood, flytv\u00e4stljus.<\/p>\n<p><strong>T\u00c4NK P\u00c5:<\/strong> En flytv\u00e4st \u00e4r ett viktigt s\u00e4kerhetshj\u00e4lpmedel som kan minska risken f\u00f6r drunkning, men den garanterar inte r\u00e4ddning. Anv\u00e4nd alltid flytv\u00e4sten korrekt och f\u00f6lj alla s\u00e4kerhetsinstruktioner.<\/p>\n","protected":false},"excerpt":{"rendered":"<p>Fishfarmer 165 har ett slitstarkt mjukt PVC-ytterskydd som ger mycket h\u00f6g motst\u00e5ndskraft mot fiskolja, industriell olja, m\u00f6gel, UV-ljus, kraftigt n\u00f6tning etc. Utvecklad f\u00f6r yrkesfiskare med avtagbar ficka f\u00f6r kniv och h\u00e5llare f\u00f6r VHF-radio. Reflexer, lyft\u00f6gla, avtagbart grenband och f\u00e4stpunkt f\u00f6r sprayhood. Valfria tillbeh\u00f6r: sprayhood, flytv\u00e4stljus. T\u00c4NK P\u00c5: En flytv\u00e4st \u00e4r ett viktigt s\u00e4kerhetshj\u00e4lpmedel som kan [&hellip;]<\/p>\n","protected":false},"featured_media":25513,"template":"","meta":{"_et_pb_use_builder":"","_et_pb_old_content":"","_et_gb_content_width":"","inline_featured_image":false},"product_brand":[],"product_cat":[225,558],"product_tag":[],"acf":[],"_links":{"self":[{"href":"https:\/\/baltic.se\/en\/wp-json\/wp\/v2\/product\/1234"}],"collection":[{"href":"https:\/\/baltic.se\/en\/wp-json\/wp\/v2\/product"}],"about":[{"href":"https:\/\/baltic.se\/en\/wp-json\/wp\/v2\/types\/product"}],"wp:featuredmedia":[{"embeddable":true,"href":"https:\/\/baltic.se\/en\/wp-json\/wp\/v2\/media\/25513"}],"wp:attachment":[{"href":"https:\/\/baltic.se\/en\/wp-json\/wp\/v2\/media?parent=1234"}],"wp:term":[{"taxonomy":"product_brand","embeddable":true,"href":"https:\/\/baltic.se\/en\/wp-json\/wp\/v2\/product_brand?post=1234"},{"taxonomy":"product_cat","embeddable":true,"href":"https:\/\/baltic.se\/en\/wp-json\/wp\/v2\/product_cat?post=1234"},{"taxonomy":"product_tag","embeddable":true,"href":"https:\/\/baltic.se\/en\/wp-json\/wp\/v2\/product_tag?post=1234"}],"curies":[{"name":"wp","href":"https:\/\/api.w.org\/{rel}","templated":true}]}}