{"id":1233,"date":"2021-03-26T22:11:03","date_gmt":"2021-03-26T21:11:03","guid":{"rendered":"https:\/\/baltic.se\/?post_type=product&#038;p=1233"},"modified":"2026-04-16T04:26:27","modified_gmt":"2026-04-16T02:26:27","slug":"industrial-165-argus-flytvast","status":"publish","type":"product","link":"https:\/\/baltic.se\/en\/produkt\/industrial-165-argus-flytvast\/","title":{"rendered":"Industrial 165 Argus Flytv\u00e4st"},"content":{"rendered":"<p>Industrial 165 har ett slitstarkt mjukt PVC-ytterskydd som ger mycket h\u00f6g motst\u00e5ndskraft mot fiskolja, industriell olja, m\u00f6gel, UV-ljus, kraftigt n\u00f6tning etc. Utvecklad f\u00f6r yrkesfiskare eller n\u00e4r en extra h\u00e5llbar flytv\u00e4st med automatisk uppbl\u00e5sning \u00e4r beh\u00f6vs. Reflexer, lyft\u00f6gla, avtagbart grenband och f\u00e4stpunkt f\u00f6r sprayhood. Valfria tillbeh\u00f6r: sprayhood, flytv\u00e4stljus.<\/p>\n<p><strong>T\u00c4NK P\u00c5:<\/strong> En flytv\u00e4st \u00e4r ett viktigt s\u00e4kerhetshj\u00e4lpmedel som kan minska risken f\u00f6r drunkning, men den garanterar inte r\u00e4ddning. Anv\u00e4nd alltid flytv\u00e4sten korrekt och f\u00f6lj alla s\u00e4kerhetsinstruktioner.<\/p>\n","protected":false},"excerpt":{"rendered":"<p>Industrial 165 har ett slitstarkt mjukt PVC-ytterskydd som ger mycket h\u00f6g motst\u00e5ndskraft mot fiskolja, industriell olja, m\u00f6gel, UV-ljus, kraftigt n\u00f6tning etc. Utvecklad f\u00f6r yrkesfiskare eller n\u00e4r en extra h\u00e5llbar flytv\u00e4st med automatisk uppbl\u00e5sning \u00e4r beh\u00f6vs. Reflexer, lyft\u00f6gla, avtagbart grenband och f\u00e4stpunkt f\u00f6r sprayhood. Valfria tillbeh\u00f6r: sprayhood, flytv\u00e4stljus. T\u00c4NK P\u00c5: En flytv\u00e4st \u00e4r ett viktigt s\u00e4kerhetshj\u00e4lpmedel [&hellip;]<\/p>\n","protected":false},"featured_media":25511,"template":"","meta":{"_et_pb_use_builder":"","_et_pb_old_content":"","_et_gb_content_width":"","inline_featured_image":false},"product_brand":[],"product_cat":[732,225,558,731],"product_tag":[],"acf":[],"_links":{"self":[{"href":"https:\/\/baltic.se\/en\/wp-json\/wp\/v2\/product\/1233"}],"collection":[{"href":"https:\/\/baltic.se\/en\/wp-json\/wp\/v2\/product"}],"about":[{"href":"https:\/\/baltic.se\/en\/wp-json\/wp\/v2\/types\/product"}],"wp:featuredmedia":[{"embeddable":true,"href":"https:\/\/baltic.se\/en\/wp-json\/wp\/v2\/media\/25511"}],"wp:attachment":[{"href":"https:\/\/baltic.se\/en\/wp-json\/wp\/v2\/media?parent=1233"}],"wp:term":[{"taxonomy":"product_brand","embeddable":true,"href":"https:\/\/baltic.se\/en\/wp-json\/wp\/v2\/product_brand?post=1233"},{"taxonomy":"product_cat","embeddable":true,"href":"https:\/\/baltic.se\/en\/wp-json\/wp\/v2\/product_cat?post=1233"},{"taxonomy":"product_tag","embeddable":true,"href":"https:\/\/baltic.se\/en\/wp-json\/wp\/v2\/product_tag?post=1233"}],"curies":[{"name":"wp","href":"https:\/\/api.w.org\/{rel}","templated":true}]}}