{"id":1232,"date":"2021-03-26T22:11:02","date_gmt":"2021-03-26T21:11:02","guid":{"rendered":"https:\/\/baltic.se\/?post_type=product&#038;p=1232"},"modified":"2026-04-14T04:25:06","modified_gmt":"2026-04-14T02:25:06","slug":"m-e-d-solas-foam-mk3-adult","status":"publish","type":"product","link":"https:\/\/baltic.se\/en\/produkt\/m-e-d-solas-foam-mk3-adult\/","title":{"rendered":"M.E.D.\/Solas Foam MK3 Adult"},"content":{"rendered":"<p>Utrustad med reflexer, sp\u00e4nne, visselpipa och lyft\u00f6gla samt Buddy Line. Yttermaterialet av h\u00e5llbar UV-reflekterande polyester, flytmaterial av laminerat polyetenskum. Testad och godk\u00e4nd enligt kraven f\u00f6r Life Saving Appliance i Marine Equipment Directive (MED) 96\/98 \/ EC (senaste upplagan), BILAGA A.1, punkt A.1 \/ 1.4 Testad enligt den internationella standarden IMO Res MSC.81 (70 ) med MSC. 200 (80).<\/p>\n","protected":false},"excerpt":{"rendered":"<p>Utrustad med reflexer, sp\u00e4nne, visselpipa och lyft\u00f6gla samt Buddy Line. Yttermaterialet av h\u00e5llbar UV-reflekterande polyester, flytmaterial av laminerat polyetenskum. Testad och godk\u00e4nd enligt kraven f\u00f6r Life Saving Appliance i Marine Equipment Directive (MED) 96\/98 \/ EC (senaste upplagan), BILAGA A.1, punkt A.1 \/ 1.4 Testad enligt den internationella standarden IMO Res MSC.81 (70 ) med [&hellip;]<\/p>\n","protected":false},"featured_media":25507,"template":"","meta":{"_et_pb_use_builder":"","_et_pb_old_content":"","_et_gb_content_width":"","inline_featured_image":false},"product_brand":[],"product_cat":[225,552,730],"product_tag":[],"acf":[],"_links":{"self":[{"href":"https:\/\/baltic.se\/en\/wp-json\/wp\/v2\/product\/1232"}],"collection":[{"href":"https:\/\/baltic.se\/en\/wp-json\/wp\/v2\/product"}],"about":[{"href":"https:\/\/baltic.se\/en\/wp-json\/wp\/v2\/types\/product"}],"wp:featuredmedia":[{"embeddable":true,"href":"https:\/\/baltic.se\/en\/wp-json\/wp\/v2\/media\/25507"}],"wp:attachment":[{"href":"https:\/\/baltic.se\/en\/wp-json\/wp\/v2\/media?parent=1232"}],"wp:term":[{"taxonomy":"product_brand","embeddable":true,"href":"https:\/\/baltic.se\/en\/wp-json\/wp\/v2\/product_brand?post=1232"},{"taxonomy":"product_cat","embeddable":true,"href":"https:\/\/baltic.se\/en\/wp-json\/wp\/v2\/product_cat?post=1232"},{"taxonomy":"product_tag","embeddable":true,"href":"https:\/\/baltic.se\/en\/wp-json\/wp\/v2\/product_tag?post=1232"}],"curies":[{"name":"wp","href":"https:\/\/api.w.org\/{rel}","templated":true}]}}