{"id":120,"date":"2021-02-05T10:26:32","date_gmt":"2021-02-05T09:26:32","guid":{"rendered":"https:\/\/baltic.se\/?post_type=product&#038;p=120"},"modified":"2026-04-06T14:00:18","modified_gmt":"2026-04-06T12:00:18","slug":"legend-165-sele-sla-flytvast","status":"publish","type":"product","link":"https:\/\/baltic.se\/en\/produkt\/legend-165-sele-sla-flytvast\/","title":{"rendered":"Legend 165 Sele SLA Flytv\u00e4st"},"content":{"rendered":"<ul>\n<li>F\u00f6r offshore segling<\/li>\n<li>Ergonomisk passform<\/li>\n<li>H\u00f6g komfort<\/li>\n<li>Sprayhood och n\u00f6dljus<\/li>\n<li>Godk\u00e4nd enligt OSR<\/li>\n<li>Automatisk uppbl\u00e5sning<\/li>\n<\/ul>\n<p><\/p>\n<p>Legend 165 Sele SLA \u00e4r en uppbl\u00e5sbar r\u00e4ddningsv\u00e4st som kombinerar h\u00f6g s\u00e4kerhet och komfort, perfekt f\u00f6r seglare och vattenentusiaster.<\/p>\n<p><strong>S\u00e4kerhet: <\/strong>Med en b\u00e4rf\u00f6rm\u00e5ga p\u00e5 165N \u00e4r v\u00e4sten godk\u00e4nd som r\u00e4ddningsv\u00e4st. Den har sprayhood, n\u00f6dljus och f\u00e4sten f\u00f6r AIS- och PLB-s\u00e4ndare. Inspektionsf\u00f6nster visar att patronen \u00e4r klar, och v\u00e4sten inkluderar \u00e4ven l\u00f6stagbart grenband och visselpipa f\u00f6r \u00f6kad s\u00e4kerhet. S\u00e4kerhetsselen med v\u00e4vd \u00f6gla ger extra trygghet.<\/p>\n<p><strong>Passform och komfort: <\/strong>Ergonomisk design och mjuka material g\u00f6r v\u00e4sten bekv\u00e4m och ger god r\u00f6relsefrihet. Axelbanden sitter l\u00e4ngre ut och ryggen har ett ventilerande mesh-foder f\u00f6r extra komfort under l\u00e5ng anv\u00e4ndning.<\/p>\n<p><strong>Tillverkning och kvalitet: <\/strong>Legend 165 Sele SLA tillverkas i Europa f\u00f6r att klara tuffa f\u00f6rh\u00e5llanden och leverera b\u00e5de p\u00e5litlighet och h\u00f6g prestanda. Med alternativ p\u00e5 190N och 305N b\u00e4rkraft \u00e4r den anpassad f\u00f6r l\u00e4ngre s\u00e4songer och mer kr\u00e4vande utmaningar.<\/p>\n<p><\/p>\n<p>Vill du l\u00e4sa mer om olika s\u00e4kerhetsklasser och typer av flytv\u00e4star kan du g\u00f6ra det h\u00e4r.<\/p>\n<p><strong>T\u00c4NK P\u00c5:<\/strong> En flytv\u00e4st \u00e4r ett viktigt s\u00e4kerhetshj\u00e4lpmedel som kan minska risken f\u00f6r drunkning, men den garanterar inte r\u00e4ddning. Anv\u00e4nd alltid flytv\u00e4sten korrekt och f\u00f6lj alla s\u00e4kerhetsinstruktioner.<\/p>\n","protected":false},"excerpt":{"rendered":"<p>Legend 165 Sele SLA \u00e4r oceanversionen f\u00f6r tuffa f\u00f6rh\u00e5llanden. Modellen har sele, sprayhood, n\u00f6dljus och f\u00e4sten f\u00f6r n\u00f6ds\u00e4ndare. Ber\u00f6md passform.<\/p>\n","protected":false},"featured_media":125020,"template":"","meta":{"_et_pb_use_builder":"","_et_pb_old_content":"","_et_gb_content_width":"","inline_featured_image":false},"product_brand":[],"product_cat":[112,90,72,730,733],"product_tag":[],"acf":[],"_links":{"self":[{"href":"https:\/\/baltic.se\/en\/wp-json\/wp\/v2\/product\/120"}],"collection":[{"href":"https:\/\/baltic.se\/en\/wp-json\/wp\/v2\/product"}],"about":[{"href":"https:\/\/baltic.se\/en\/wp-json\/wp\/v2\/types\/product"}],"wp:featuredmedia":[{"embeddable":true,"href":"https:\/\/baltic.se\/en\/wp-json\/wp\/v2\/media\/125020"}],"wp:attachment":[{"href":"https:\/\/baltic.se\/en\/wp-json\/wp\/v2\/media?parent=120"}],"wp:term":[{"taxonomy":"product_brand","embeddable":true,"href":"https:\/\/baltic.se\/en\/wp-json\/wp\/v2\/product_brand?post=120"},{"taxonomy":"product_cat","embeddable":true,"href":"https:\/\/baltic.se\/en\/wp-json\/wp\/v2\/product_cat?post=120"},{"taxonomy":"product_tag","embeddable":true,"href":"https:\/\/baltic.se\/en\/wp-json\/wp\/v2\/product_tag?post=120"}],"curies":[{"name":"wp","href":"https:\/\/api.w.org\/{rel}","templated":true}]}}