{"id":1172,"date":"2021-03-18T22:23:29","date_gmt":"2021-03-18T21:23:29","guid":{"rendered":"https:\/\/baltic.se\/?post_type=product&#038;p=1172"},"modified":"2026-04-20T18:13:29","modified_gmt":"2026-04-20T16:13:29","slug":"rescue-sling","status":"publish","type":"product","link":"https:\/\/baltic.se\/en\/produkt\/rescue-sling\/","title":{"rendered":"Rescue Sling"},"content":{"rendered":"<p>Tillf\u00f6rlitligt och l\u00e4ttanv\u00e4nt system f\u00f6r b\u00e4rgning av n\u00f6dst\u00e4lld. Enkel montering p\u00e5 pushpit med hj\u00e4lp av rej\u00e4la remmar som g\u00f6r att man kan f\u00e4sta Rescue Sling b\u00e5de vertikalt och horisontellt. Rescue Sling \u00e4r tillverkad i ett slitstarkt flourocerande yttermaterial och \u00e4r f\u00f6rsedd med 38 meter flytlina. Slingen har tillr\u00e4ckligt med flytkraft f\u00f6r att h\u00e5lla den n\u00f6dst\u00e4llde ovan vattenytan. 38 meter lina, godk\u00e4nd f\u00f6r internationell havskappsegling enligt World Sailing OSR.<\/p>\n","protected":false},"excerpt":{"rendered":"<p>Tillf\u00f6rlitligt och l\u00e4ttanv\u00e4nt system f\u00f6r b\u00e4rgning av n\u00f6dst\u00e4lld. Enkel montering p\u00e5 pushpit med hj\u00e4lp av rej\u00e4la remmar som g\u00f6r att man kan f\u00e4sta Rescue Sling b\u00e5de vertikalt och horisontellt. Rescue Sling \u00e4r tillverkad i ett slitstarkt flourocerande yttermaterial och \u00e4r f\u00f6rsedd med 38 meter flytlina. Slingen har tillr\u00e4ckligt med flytkraft f\u00f6r att h\u00e5lla den n\u00f6dst\u00e4llde [&hellip;]<\/p>\n","protected":false},"featured_media":25675,"template":"","meta":{"_et_pb_use_builder":"","_et_pb_old_content":"","_et_gb_content_width":"","inline_featured_image":false},"product_brand":[],"product_cat":[297],"product_tag":[],"acf":[],"_links":{"self":[{"href":"https:\/\/baltic.se\/en\/wp-json\/wp\/v2\/product\/1172"}],"collection":[{"href":"https:\/\/baltic.se\/en\/wp-json\/wp\/v2\/product"}],"about":[{"href":"https:\/\/baltic.se\/en\/wp-json\/wp\/v2\/types\/product"}],"wp:featuredmedia":[{"embeddable":true,"href":"https:\/\/baltic.se\/en\/wp-json\/wp\/v2\/media\/25675"}],"wp:attachment":[{"href":"https:\/\/baltic.se\/en\/wp-json\/wp\/v2\/media?parent=1172"}],"wp:term":[{"taxonomy":"product_brand","embeddable":true,"href":"https:\/\/baltic.se\/en\/wp-json\/wp\/v2\/product_brand?post=1172"},{"taxonomy":"product_cat","embeddable":true,"href":"https:\/\/baltic.se\/en\/wp-json\/wp\/v2\/product_cat?post=1172"},{"taxonomy":"product_tag","embeddable":true,"href":"https:\/\/baltic.se\/en\/wp-json\/wp\/v2\/product_tag?post=1172"}],"curies":[{"name":"wp","href":"https:\/\/api.w.org\/{rel}","templated":true}]}}