{"id":1164,"date":"2021-03-18T22:23:11","date_gmt":"2021-03-18T21:23:11","guid":{"rendered":"https:\/\/baltic.se\/?post_type=product&#038;p=1164"},"modified":"2026-04-15T22:14:17","modified_gmt":"2026-04-15T20:14:17","slug":"swedebuoy","status":"publish","type":"product","link":"https:\/\/baltic.se\/en\/produkt\/swedebuoy\/","title":{"rendered":"Swedebuoy"},"content":{"rendered":"<p>Man-\u00f6verbord-system med livboj och 38 m flytande lina i en f\u00f6rvaringsv\u00e4ska som enkelt och utan verktyg monteras p\u00e5 pushpit. Livbojen har \u00e5tta reflexer, grepphandtag, tv\u00e5 rej\u00e4la lyfthandtag samt snabbsp\u00e4nne.<\/p>\n","protected":false},"excerpt":{"rendered":"<p>Man-\u00f6verbord-system med livboj och 38 m flytande lina i en f\u00f6rvaringsv\u00e4ska som enkelt och utan verktyg monteras p\u00e5 pushpit. Livbojen har \u00e5tta reflexer, grepphandtag, tv\u00e5 rej\u00e4la lyfthandtag samt snabbsp\u00e4nne.<\/p>\n","protected":false},"featured_media":25391,"template":"","meta":{"_et_pb_use_builder":"","_et_pb_old_content":"","_et_gb_content_width":"","inline_featured_image":false},"product_brand":[],"product_cat":[297],"product_tag":[],"acf":[],"_links":{"self":[{"href":"https:\/\/baltic.se\/en\/wp-json\/wp\/v2\/product\/1164"}],"collection":[{"href":"https:\/\/baltic.se\/en\/wp-json\/wp\/v2\/product"}],"about":[{"href":"https:\/\/baltic.se\/en\/wp-json\/wp\/v2\/types\/product"}],"wp:featuredmedia":[{"embeddable":true,"href":"https:\/\/baltic.se\/en\/wp-json\/wp\/v2\/media\/25391"}],"wp:attachment":[{"href":"https:\/\/baltic.se\/en\/wp-json\/wp\/v2\/media?parent=1164"}],"wp:term":[{"taxonomy":"product_brand","embeddable":true,"href":"https:\/\/baltic.se\/en\/wp-json\/wp\/v2\/product_brand?post=1164"},{"taxonomy":"product_cat","embeddable":true,"href":"https:\/\/baltic.se\/en\/wp-json\/wp\/v2\/product_cat?post=1164"},{"taxonomy":"product_tag","embeddable":true,"href":"https:\/\/baltic.se\/en\/wp-json\/wp\/v2\/product_tag?post=1164"}],"curies":[{"name":"wp","href":"https:\/\/api.w.org\/{rel}","templated":true}]}}