{"id":1156,"date":"2021-03-18T22:22:53","date_gmt":"2021-03-18T21:22:53","guid":{"rendered":"https:\/\/baltic.se\/?post_type=product&#038;p=1156"},"modified":"2026-04-08T20:12:43","modified_gmt":"2026-04-08T18:12:43","slug":"lifesaver","status":"publish","type":"product","link":"https:\/\/baltic.se\/en\/produkt\/lifesaver\/","title":{"rendered":"LifeSaver"},"content":{"rendered":"<ul>\n<li>33g gaspatron<\/li>\n<li>140N flytkraft<\/li>\n<\/ul>\n<p><\/p>\n<p>LifeSaver \u00e4r en sj\u00e4lvuppbl\u00e5sbar h\u00e4stskoboj som kan anv\u00e4ndas till m\u00e5nga olika typer av b\u00e5tar, stora som sm\u00e5. Tack vara dess storlek och vikt \u00e4r den l\u00e4tt att f\u00f6rvara och anv\u00e4nda. Storleken i kombinationen med vikten g\u00f6r den l\u00e4tt att sikta och kasta r\u00e4tt. LifeSaver bl\u00e5ser upp sig sj\u00e4lv vid kontakt med vattenytan. H\u00e4stskobojen och uppbl\u00e5sningsmekanismen skyddas av ett plastfodral. N\u00e4r du kastar LifeSavern \u00f6ppnas fodralen 1-2cm s\u00e5 att vattnet kommer \u00e5t utl\u00f6sningsmekanismen n\u00e4r den tr\u00e4ffar vattenytan. N\u00e4r LifeSavern tr\u00e4ffar vattenytan, l\u00f6ser h\u00e4stskobojen ut med hj\u00e4lp av utl\u00f6saren. Fodralet h\u00e4nger kvar i den uppbl\u00e5sta h\u00e4stskobojen med hj\u00e4lp av ett sn\u00f6re och fungerar som ett ankare, f\u00f6r att f\u00f6rhindra att bojen bl\u00e5ser iv\u00e4g. Kom ih\u00e5g att f\u00f6rvara alltid produkten i tort n\u00e4r den inte anv\u00e4nds.<\/p>\n","protected":false},"excerpt":{"rendered":"<p>33g gaspatron 140N flytkraft LifeSaver \u00e4r en sj\u00e4lvuppbl\u00e5sbar h\u00e4stskoboj som kan anv\u00e4ndas till m\u00e5nga olika typer av b\u00e5tar, stora som sm\u00e5. Tack vara dess storlek och vikt \u00e4r den l\u00e4tt att f\u00f6rvara och anv\u00e4nda. Storleken i kombinationen med vikten g\u00f6r den l\u00e4tt att sikta och kasta r\u00e4tt. LifeSaver bl\u00e5ser upp sig sj\u00e4lv vid kontakt med [&hellip;]<\/p>\n","protected":false},"featured_media":25385,"template":"","meta":{"_et_pb_use_builder":"","_et_pb_old_content":"","_et_gb_content_width":"","inline_featured_image":false},"product_brand":[],"product_cat":[297],"product_tag":[],"acf":[],"_links":{"self":[{"href":"https:\/\/baltic.se\/en\/wp-json\/wp\/v2\/product\/1156"}],"collection":[{"href":"https:\/\/baltic.se\/en\/wp-json\/wp\/v2\/product"}],"about":[{"href":"https:\/\/baltic.se\/en\/wp-json\/wp\/v2\/types\/product"}],"wp:featuredmedia":[{"embeddable":true,"href":"https:\/\/baltic.se\/en\/wp-json\/wp\/v2\/media\/25385"}],"wp:attachment":[{"href":"https:\/\/baltic.se\/en\/wp-json\/wp\/v2\/media?parent=1156"}],"wp:term":[{"taxonomy":"product_brand","embeddable":true,"href":"https:\/\/baltic.se\/en\/wp-json\/wp\/v2\/product_brand?post=1156"},{"taxonomy":"product_cat","embeddable":true,"href":"https:\/\/baltic.se\/en\/wp-json\/wp\/v2\/product_cat?post=1156"},{"taxonomy":"product_tag","embeddable":true,"href":"https:\/\/baltic.se\/en\/wp-json\/wp\/v2\/product_tag?post=1156"}],"curies":[{"name":"wp","href":"https:\/\/api.w.org\/{rel}","templated":true}]}}