{"id":1153,"date":"2021-03-18T22:22:46","date_gmt":"2021-03-18T21:22:46","guid":{"rendered":"https:\/\/baltic.se\/?post_type=product&#038;p=1153"},"modified":"2026-04-08T20:13:09","modified_gmt":"2026-04-08T18:13:09","slug":"hastskoboj","status":"publish","type":"product","link":"https:\/\/baltic.se\/en\/produkt\/hastskoboj\/","title":{"rendered":"H\u00e4stskoboj"},"content":{"rendered":"<p>Livboj l\u00e4mplig f\u00f6r lugnare vatten n\u00e4ra land eller i hamn.<\/p>\n","protected":false},"excerpt":{"rendered":"<p>Livboj l\u00e4mplig f\u00f6r lugnare vatten n\u00e4ra land eller i hamn.<\/p>\n","protected":false},"featured_media":25379,"template":"","meta":{"_et_pb_use_builder":"","_et_pb_old_content":"","_et_gb_content_width":"","inline_featured_image":false},"product_brand":[],"product_cat":[297],"product_tag":[],"acf":[],"_links":{"self":[{"href":"https:\/\/baltic.se\/en\/wp-json\/wp\/v2\/product\/1153"}],"collection":[{"href":"https:\/\/baltic.se\/en\/wp-json\/wp\/v2\/product"}],"about":[{"href":"https:\/\/baltic.se\/en\/wp-json\/wp\/v2\/types\/product"}],"wp:featuredmedia":[{"embeddable":true,"href":"https:\/\/baltic.se\/en\/wp-json\/wp\/v2\/media\/25379"}],"wp:attachment":[{"href":"https:\/\/baltic.se\/en\/wp-json\/wp\/v2\/media?parent=1153"}],"wp:term":[{"taxonomy":"product_brand","embeddable":true,"href":"https:\/\/baltic.se\/en\/wp-json\/wp\/v2\/product_brand?post=1153"},{"taxonomy":"product_cat","embeddable":true,"href":"https:\/\/baltic.se\/en\/wp-json\/wp\/v2\/product_cat?post=1153"},{"taxonomy":"product_tag","embeddable":true,"href":"https:\/\/baltic.se\/en\/wp-json\/wp\/v2\/product_tag?post=1153"}],"curies":[{"name":"wp","href":"https:\/\/api.w.org\/{rel}","templated":true}]}}