{"id":1128,"date":"2021-03-18T22:21:50","date_gmt":"2021-03-18T21:21:50","guid":{"rendered":"https:\/\/baltic.se\/?post_type=product&#038;p=1128"},"modified":"2026-04-05T00:11:03","modified_gmt":"2026-04-04T22:11:03","slug":"flipper-flytvast","status":"publish","type":"product","link":"https:\/\/baltic.se\/en\/produkt\/flipper-flytvast\/","title":{"rendered":"Flipper Flytv\u00e4st"},"content":{"rendered":"<ul>\n<li>Allround <\/li>\n<li>Flytplagg<\/li>\n<li>V\u00e4ndbar design<\/li>\n<\/ul>\n<p><\/p>\n<p><span>Flipper \u00e4r ett v\u00e4ndbart flytplagg f\u00f6r simkunniga personer som s\u00f6ker funktion v\u00e4rme och en modern look. Perfekt f\u00f6r b\u00e5de aktiva dagar p\u00e5 vattnet och kyliga stunder p\u00e5 bryggan eller land.<\/span><\/p>\n<p><strong>S\u00e4kerhet:<\/strong><span> F\u00f6r dig som \u00e4r simkunnig och van vid vatten erbjuder Flipper en s\u00e4ker l\u00f6sning med god flytkraft. Den kragl\u00f6sa designen ger stor r\u00f6relsefrihet, vilket g\u00f6r v\u00e4sten s\u00e4rskilt uppskattad aktiva dagar. Observera att v\u00e4sten inte garanterar ryggl\u00e4ge vid medvetsl\u00f6shet, men ger ett stabilt st\u00f6d i vattnet.<\/span><\/p>\n<p><strong>Passform och komfort: <\/strong><span>Flipper har en rak sk\u00e4rning med insydda flytkanaler som ger ett stilrent uttryck, likt en klassisk dunv\u00e4st. V\u00e4sten \u00e4r v\u00e4ndbar och g\u00f6r det enkelt att byta f\u00e4rg beroende p\u00e5 stil eller milj\u00f6. Den n\u00e5got l\u00e4ngre modellen v\u00e4rmer \u00f6ver ryggslutet, och fyra dragkedjef\u00f6rsedda fickor \u2013 tv\u00e5 per sida \u2013 ger b\u00e5de funktion och form.<\/span><\/p>\n<p><strong>Tillverkning och kvalitet:<\/strong><span> Flipper \u00e4r tillverkad i snabbtorkande material som klarar b\u00e5de v\u00e4ta och vardagsanv\u00e4ndning. En slitstark v\u00e4st f\u00f6r dig som vill ha ett flytplagg som fungerar lika bra p\u00e5 sj\u00f6n som p\u00e5 land.<\/span><\/p>\n<p><\/p>\n<p>Vill du l\u00e4sa mer om olika s\u00e4kerhetsklasser och typer av flytv\u00e4star kan du g\u00f6ra det <a href=\"https:\/\/baltic.se\/att-valja-flytvast\/\" rel=\"noopener noreferrer\" target=\"_blank\">h\u00e4r<\/a>.<\/p>\n<p><strong>T\u00c4NK P\u00c5:<\/strong> En flytv\u00e4st \u00e4r ett viktigt s\u00e4kerhetshj\u00e4lpmedel som kan minska risken f\u00f6r drunkning, men den garanterar inte r\u00e4ddning. Anv\u00e4nd alltid flytv\u00e4sten korrekt och f\u00f6lj alla s\u00e4kerhetsinstruktioner.<\/p>\n","protected":false},"excerpt":{"rendered":"<p>Baltic Flipper \u2013 v\u00e4ndbart flytplagg i v\u00e4stmodell f\u00f6r kvinnor och m\u00e4n med dubbla dragkedjefickor. CE-m\u00e4rkt med 50N flytkraft och kompromissl\u00f6s kvalitet.<\/p>\n","protected":false},"featured_media":17720,"template":"","meta":{"_et_pb_use_builder":"","_et_pb_old_content":"","_et_gb_content_width":"","inline_featured_image":false},"product_brand":[],"product_cat":[81,86,112,90],"product_tag":[],"acf":[],"_links":{"self":[{"href":"https:\/\/baltic.se\/en\/wp-json\/wp\/v2\/product\/1128"}],"collection":[{"href":"https:\/\/baltic.se\/en\/wp-json\/wp\/v2\/product"}],"about":[{"href":"https:\/\/baltic.se\/en\/wp-json\/wp\/v2\/types\/product"}],"wp:featuredmedia":[{"embeddable":true,"href":"https:\/\/baltic.se\/en\/wp-json\/wp\/v2\/media\/17720"}],"wp:attachment":[{"href":"https:\/\/baltic.se\/en\/wp-json\/wp\/v2\/media?parent=1128"}],"wp:term":[{"taxonomy":"product_brand","embeddable":true,"href":"https:\/\/baltic.se\/en\/wp-json\/wp\/v2\/product_brand?post=1128"},{"taxonomy":"product_cat","embeddable":true,"href":"https:\/\/baltic.se\/en\/wp-json\/wp\/v2\/product_cat?post=1128"},{"taxonomy":"product_tag","embeddable":true,"href":"https:\/\/baltic.se\/en\/wp-json\/wp\/v2\/product_tag?post=1128"}],"curies":[{"name":"wp","href":"https:\/\/api.w.org\/{rel}","templated":true}]}}