{"id":1037,"date":"2021-03-18T22:18:26","date_gmt":"2021-03-18T21:18:26","guid":{"rendered":"https:\/\/baltic.se\/?post_type=product&#038;p=1037"},"modified":"2026-04-16T00:14:49","modified_gmt":"2026-04-15T22:14:49","slug":"sprayhood","status":"publish","type":"product","link":"https:\/\/baltic.se\/en\/produkt\/sprayhood\/","title":{"rendered":"Sprayhood"},"content":{"rendered":"<p>Designad f\u00f6r att passa snyggt inuti kragen p\u00e5 Baltics uppbl\u00e5sbara flytv\u00e4star, ett m\u00e5ste f\u00f6r att f\u00f6rhindra att vatten kommer in i luftv\u00e4garna. Ett unikt stagsystem st\u00f6ttar huvan fr\u00e5n ansiktet, ventilation f\u00f6r att stoppa kondens och h\u00e5lla koldioxid under 2,5%. Fluorescerande baksida med genolskinlig front f\u00f6r god sikt. Utrustad med reflexer, testad och godk\u00e4nd enligt EN ISO 12402-8.<\/p>\n","protected":false},"excerpt":{"rendered":"<p>Designad f\u00f6r att passa snyggt inuti kragen p\u00e5 Baltics uppbl\u00e5sbara flytv\u00e4star, ett m\u00e5ste f\u00f6r att f\u00f6rhindra att vatten kommer in i luftv\u00e4garna. Ett unikt stagsystem st\u00f6ttar huvan fr\u00e5n ansiktet, ventilation f\u00f6r att stoppa kondens och h\u00e5lla koldioxid under 2,5%. Fluorescerande baksida med genolskinlig front f\u00f6r god sikt. Utrustad med reflexer, testad och godk\u00e4nd enligt EN [&hellip;]<\/p>\n","protected":false},"featured_media":25615,"template":"","meta":{"_et_pb_use_builder":"","_et_pb_old_content":"","_et_gb_content_width":"","inline_featured_image":false},"product_brand":[],"product_cat":[82,315],"product_tag":[],"acf":[],"_links":{"self":[{"href":"https:\/\/baltic.se\/en\/wp-json\/wp\/v2\/product\/1037"}],"collection":[{"href":"https:\/\/baltic.se\/en\/wp-json\/wp\/v2\/product"}],"about":[{"href":"https:\/\/baltic.se\/en\/wp-json\/wp\/v2\/types\/product"}],"wp:featuredmedia":[{"embeddable":true,"href":"https:\/\/baltic.se\/en\/wp-json\/wp\/v2\/media\/25615"}],"wp:attachment":[{"href":"https:\/\/baltic.se\/en\/wp-json\/wp\/v2\/media?parent=1037"}],"wp:term":[{"taxonomy":"product_brand","embeddable":true,"href":"https:\/\/baltic.se\/en\/wp-json\/wp\/v2\/product_brand?post=1037"},{"taxonomy":"product_cat","embeddable":true,"href":"https:\/\/baltic.se\/en\/wp-json\/wp\/v2\/product_cat?post=1037"},{"taxonomy":"product_tag","embeddable":true,"href":"https:\/\/baltic.se\/en\/wp-json\/wp\/v2\/product_tag?post=1037"}],"curies":[{"name":"wp","href":"https:\/\/api.w.org\/{rel}","templated":true}]}}