{"id":1028,"date":"2021-03-18T22:18:05","date_gmt":"2021-03-18T21:18:05","guid":{"rendered":"https:\/\/baltic.se\/?post_type=product&#038;p=1028"},"modified":"2026-04-16T00:14:41","modified_gmt":"2026-04-15T22:14:41","slug":"co2-patron-38-gram","status":"publish","type":"product","link":"https:\/\/baltic.se\/en\/produkt\/co2-patron-38-gram\/","title":{"rendered":"CO2-Patron 38 Gram"},"content":{"rendered":"<p>S\u00e4kerst\u00e4ll en trygg upplevelse p\u00e5 vattnet med v\u00e5r 38g CO2-patron, specifikt utformad f\u00f6r Baltics uppbl\u00e5sbara flytv\u00e4star. Efter att din flytv\u00e4st har aktiverats \u00e4r det avg\u00f6rande att omg\u00e5ende byta b\u00e5de CO2-patronen och utl\u00f6saren f\u00f6r att bibeh\u00e5lla flytv\u00e4stens s\u00e4kerhet och funktionalitet.<\/p>\n<p><strong>Passar denna CO2-patron din flytv\u00e4st?<\/strong> Kontrollera den information som \u00e4r tryckt p\u00e5 insidan av din flytv\u00e4sts uppbl\u00e5sbara lunga. D\u00e4r hittar du uppgifter om vilken gaspatron som \u00e4r r\u00e4tt, till exempel &#8220;USE ONLY BALTIC 38g CO2 KIT #2438&#8221;. S\u00f6k artikelnumret p\u00e5 v\u00e5r hemsida f\u00f6r att enkelt hitta r\u00e4tt reservdel.<\/p>\n<p><strong>Installation:<\/strong> Byt ut CO2-patronen sj\u00e4lv genom att f\u00f6lja v\u00e5r detaljerade steg-f\u00f6r-steg-guide <a href=\"https:\/\/baltic.se\/wp-content\/uploads\/2021\/12\/Infofolder-om-uppblasbara-raddningsvastar_swe.pdf\" rel=\"noopener noreferrer\" target=\"_blank\">h\u00e4r<\/a>. Anv\u00e4nd alltid r\u00e4tt reservdelar f\u00f6r att s\u00e4kerst\u00e4lla flytv\u00e4stens l\u00e5ngvariga s\u00e4kerhet och h\u00e5llbarhet.<\/p>\n<p><strong>Underh\u00e5ll och service:<\/strong> H\u00e5ll din uppbl\u00e5sbara flytv\u00e4st i b\u00e4sta skick genom att g\u00f6ra en noggrann sj\u00e4lvkontroll f\u00f6re varje anv\u00e4ndning. Du hittar detaljerad information om hur du genomf\u00f6r detta <a href=\"https:\/\/baltic.se\/wp-content\/uploads\/2021\/12\/Infofolder-om-uppblasbara-raddningsvastar_swe.pdf\" rel=\"noopener noreferrer\" target=\"_blank\">h\u00e4r<\/a>. F\u00f6r att uppr\u00e4tth\u00e5lla flytv\u00e4stens optimala prestanda och garantera att garantin \u00e4r giltig, \u00e4r en \u00e5rlig service hos en Baltic-certifierad servicestation rekommenderad.<\/p>\n","protected":false},"excerpt":{"rendered":"<p>S\u00e4kerst\u00e4ll en trygg upplevelse p\u00e5 vattnet med v\u00e5r 38g CO2-patron, specifikt utformad f\u00f6r Baltics uppbl\u00e5sbara flytv\u00e4star. Efter att din flytv\u00e4st har aktiverats \u00e4r det avg\u00f6rande att omg\u00e5ende byta b\u00e5de CO2-patronen och utl\u00f6saren f\u00f6r att bibeh\u00e5lla flytv\u00e4stens s\u00e4kerhet och funktionalitet. Passar denna CO2-patron din flytv\u00e4st? Kontrollera den information som \u00e4r tryckt p\u00e5 insidan av din flytv\u00e4sts [&hellip;]<\/p>\n","protected":false},"featured_media":25627,"template":"","meta":{"_et_pb_use_builder":"","_et_pb_old_content":"","_et_gb_content_width":"","inline_featured_image":false},"product_brand":[],"product_cat":[82,315],"product_tag":[],"acf":[],"_links":{"self":[{"href":"https:\/\/baltic.se\/en\/wp-json\/wp\/v2\/product\/1028"}],"collection":[{"href":"https:\/\/baltic.se\/en\/wp-json\/wp\/v2\/product"}],"about":[{"href":"https:\/\/baltic.se\/en\/wp-json\/wp\/v2\/types\/product"}],"wp:featuredmedia":[{"embeddable":true,"href":"https:\/\/baltic.se\/en\/wp-json\/wp\/v2\/media\/25627"}],"wp:attachment":[{"href":"https:\/\/baltic.se\/en\/wp-json\/wp\/v2\/media?parent=1028"}],"wp:term":[{"taxonomy":"product_brand","embeddable":true,"href":"https:\/\/baltic.se\/en\/wp-json\/wp\/v2\/product_brand?post=1028"},{"taxonomy":"product_cat","embeddable":true,"href":"https:\/\/baltic.se\/en\/wp-json\/wp\/v2\/product_cat?post=1028"},{"taxonomy":"product_tag","embeddable":true,"href":"https:\/\/baltic.se\/en\/wp-json\/wp\/v2\/product_tag?post=1028"}],"curies":[{"name":"wp","href":"https:\/\/api.w.org\/{rel}","templated":true}]}}