{"id":1027,"date":"2021-03-18T22:18:03","date_gmt":"2021-03-18T21:18:03","guid":{"rendered":"https:\/\/baltic.se\/?post_type=product&#038;p=1027"},"modified":"2026-04-15T22:38:15","modified_gmt":"2026-04-15T20:38:15","slug":"co2-patron-33-gram","status":"publish","type":"product","link":"https:\/\/baltic.se\/en\/produkt\/co2-patron-33-gram\/","title":{"rendered":"CO2-Patron 33 Gram"},"content":{"rendered":"<p>33g CO2-patron till Baltics uppbl\u00e5sbara flytv\u00e4star med s\u00e4kerhetsstift. N\u00e4r du k\u00f6per en ny uppbl\u00e5sbara flytv\u00e4st kommer den komplett med CO2-patron och utl\u00f6sare, om din uppbl\u00e5sbara flytv\u00e4st l\u00f6ser ut beh\u00f6ver du ladda om den med en ny gaspatron och utl\u00f6sare. Detta kan du enkelt g\u00f6ra sj\u00e4lv genom att f\u00f6lja <a href=\"https:\/\/baltic.se\/wp-content\/uploads\/2021\/12\/Infofolder-om-uppblasbara-raddningsvastar_swe.pdf\" target=\"_blank\" rel=\"noopener noreferrer\"><u>denna guide<\/u><\/a>, samt anv\u00e4nda r\u00e4tt reservdelar till din flytv\u00e4st.<br \/><strong>Hur vet jag vilken CO2-patron som passar till min uppbl\u00e5sbara r\u00e4ddningsv\u00e4st? <\/strong><br \/><span>Inuti flytv\u00e4sten p\u00e5 den uppbl\u00e5sbara lungan finns information tryckt om vilken gaspatron som passar till din flytv\u00e4st. T ex \u201d<\/span><em style=\"background-color: white\">USE ONLY BALTIC 33g CO2 KIT #2433\u201d&nbsp;&nbsp;&nbsp;&nbsp;&nbsp;&nbsp;&nbsp;&nbsp;&nbsp;&nbsp;&nbsp;&nbsp;&nbsp;&nbsp;&nbsp;&nbsp;&nbsp;&nbsp;&nbsp;&nbsp;&nbsp;&nbsp;&nbsp;&nbsp;&nbsp;&nbsp;&nbsp;&nbsp;&nbsp;&nbsp;&nbsp;&nbsp;&nbsp;&nbsp;&nbsp;&nbsp;&nbsp;&nbsp;&nbsp;&nbsp;&nbsp;&nbsp;&nbsp;&nbsp;&nbsp;&nbsp;&nbsp;&nbsp;&nbsp;&nbsp;&nbsp;&nbsp;&nbsp;&nbsp;&nbsp;&nbsp;&nbsp;&nbsp;<\/em><br \/><span style=\"background-color: white\">Du kan l\u00e4tt f\u00e5 fram r\u00e4tt gaspatron till din flytv\u00e4st genom att s\u00f6ka p\u00e5 artikelnumret som du hittar tryckt p\u00e5 den uppbl\u00e5sbara lungan, i s\u00f6kfunktionen p\u00e5 v\u00e5r hemsida. <\/span><br \/><span>Innan varje anv\u00e4ndning av din uppbl\u00e5sbara flytv\u00e4st rekommenderar vi att en sj\u00e4lvkontroll genomf\u00f6rs. <\/span><a style=\"background-color: white\" href=\"https:\/\/baltic.se\/wp-content\/uploads\/2021\/12\/Infofolder-om-uppblasbara-raddningsvastar_swe.pdf\" target=\"_blank\" rel=\"noopener noreferrer\"><u>H\u00c4R<\/u><\/a><span style=\"background-color: white\"> kan du l\u00e4sa om hur du genomf\u00f6r en sj\u00e4lvkontroll.&nbsp;<\/span><br \/><span>Din uppbl\u00e5sbara flytv\u00e4st fr\u00e5n Baltic skall servas en g\u00e5ng om \u00e5ret av en BALTIC certifierad servicestation.<\/span> Underl\u00e5telse att serva produkten kan medf\u00f6ra att garantin inte g\u00e4ller.<\/p>\n","protected":false},"excerpt":{"rendered":"<p>33g CO2-patron till Baltics uppbl\u00e5sbara flytv\u00e4star med s\u00e4kerhetsstift. N\u00e4r du k\u00f6per en ny uppbl\u00e5sbara flytv\u00e4st kommer den komplett med CO2-patron och utl\u00f6sare, om din uppbl\u00e5sbara flytv\u00e4st l\u00f6ser ut beh\u00f6ver du ladda om den med en ny gaspatron och utl\u00f6sare. Detta kan du enkelt g\u00f6ra sj\u00e4lv genom att f\u00f6lja denna guide, samt anv\u00e4nda r\u00e4tt reservdelar till [&hellip;]<\/p>\n","protected":false},"featured_media":25625,"template":"","meta":{"_et_pb_use_builder":"","_et_pb_old_content":"","_et_gb_content_width":"","inline_featured_image":false},"product_brand":[],"product_cat":[82,315],"product_tag":[],"acf":[],"_links":{"self":[{"href":"https:\/\/baltic.se\/en\/wp-json\/wp\/v2\/product\/1027"}],"collection":[{"href":"https:\/\/baltic.se\/en\/wp-json\/wp\/v2\/product"}],"about":[{"href":"https:\/\/baltic.se\/en\/wp-json\/wp\/v2\/types\/product"}],"wp:featuredmedia":[{"embeddable":true,"href":"https:\/\/baltic.se\/en\/wp-json\/wp\/v2\/media\/25625"}],"wp:attachment":[{"href":"https:\/\/baltic.se\/en\/wp-json\/wp\/v2\/media?parent=1027"}],"wp:term":[{"taxonomy":"product_brand","embeddable":true,"href":"https:\/\/baltic.se\/en\/wp-json\/wp\/v2\/product_brand?post=1027"},{"taxonomy":"product_cat","embeddable":true,"href":"https:\/\/baltic.se\/en\/wp-json\/wp\/v2\/product_cat?post=1027"},{"taxonomy":"product_tag","embeddable":true,"href":"https:\/\/baltic.se\/en\/wp-json\/wp\/v2\/product_tag?post=1027"}],"curies":[{"name":"wp","href":"https:\/\/api.w.org\/{rel}","templated":true}]}}