{"id":1026,"date":"2021-03-18T22:18:01","date_gmt":"2021-03-18T21:18:01","guid":{"rendered":"https:\/\/baltic.se\/?post_type=product&#038;p=1026"},"modified":"2026-04-18T16:13:10","modified_gmt":"2026-04-18T14:13:10","slug":"co2-patron-20-gram","status":"publish","type":"product","link":"https:\/\/baltic.se\/en\/produkt\/co2-patron-20-gram\/","title":{"rendered":"CO2-Patron 20 Gram"},"content":{"rendered":"<p>Beh\u00e5ll s\u00e4kerheten p\u00e5 vattnet med v\u00e5r 20g CO2-patron, specifikt designad f\u00f6r Baltics uppbl\u00e5sbara flytv\u00e4star. N\u00e4r flytv\u00e4sten har aktiverats \u00e4r det viktigt att du snabbt byter ut CO2-patronen och utl\u00f6saren f\u00f6r att bevara flytv\u00e4stens effektivitet och funktion.<\/p>\n<p><strong>Passar denna CO2-patron din flytv\u00e4st?<\/strong> Kontrollera etiketten p\u00e5 insidan av din flytv\u00e4sts uppbl\u00e5sbara lunga f\u00f6r specifikationer om r\u00e4tt gaspatron, till exempel &#8220;USE ONLY BALTIC 20g CO2 KIT #2420&#8221;. Hitta r\u00e4tt reservdel enkelt genom att s\u00f6ka p\u00e5 artikelnumret p\u00e5 v\u00e5r hemsida.<\/p>\n<p><strong>Installation:<\/strong> Byt ut CO2-patronen sj\u00e4lv genom att f\u00f6lja v\u00e5r detaljerade steg-f\u00f6r-steg-guide <a href=\"https:\/\/baltic.se\/wp-content\/uploads\/2021\/12\/Infofolder-om-uppblasbara-raddningsvastar_swe.pdf\" rel=\"noopener noreferrer\" target=\"_blank\">h\u00e4r<\/a>. Anv\u00e4nd alltid korrekta reservdelar f\u00f6r att s\u00e4kerst\u00e4lla din flytv\u00e4sts l\u00e5ngvariga s\u00e4kerhet och h\u00e5llbarhet.<\/p>\n<p><strong>Underh\u00e5ll och service:<\/strong> Utf\u00f6r en noggrann kontroll sj\u00e4lv f\u00f6re varje anv\u00e4ndning f\u00f6r att garantera att din flytv\u00e4st \u00e4r i b\u00e4sta skick. <a href=\"https:\/\/baltic.se\/wp-content\/uploads\/2021\/12\/Infofolder-om-uppblasbara-raddningsvastar_swe.pdf\" rel=\"noopener noreferrer\" target=\"_blank\">H\u00e4r<\/a> hittar du information om hur du genomf\u00f6r en sj\u00e4lvkontroll. F\u00f6r att beh\u00e5lla optimal prestanda och s\u00e4kerst\u00e4lla att garantin \u00e4r giltig, b\u00f6r din flytv\u00e4st servas \u00e5rligen av en Baltic-certifierad servicestation.<\/p>\n","protected":false},"excerpt":{"rendered":"<p>Beh\u00e5ll s\u00e4kerheten p\u00e5 vattnet med v\u00e5r 20g CO2-patron, specifikt designad f\u00f6r Baltics uppbl\u00e5sbara flytv\u00e4star. N\u00e4r flytv\u00e4sten har aktiverats \u00e4r det viktigt att du snabbt byter ut CO2-patronen och utl\u00f6saren f\u00f6r att bevara flytv\u00e4stens effektivitet och funktion. Passar denna CO2-patron din flytv\u00e4st? Kontrollera etiketten p\u00e5 insidan av din flytv\u00e4sts uppbl\u00e5sbara lunga f\u00f6r specifikationer om r\u00e4tt gaspatron, [&hellip;]<\/p>\n","protected":false},"featured_media":25623,"template":"","meta":{"_et_pb_use_builder":"","_et_pb_old_content":"","_et_gb_content_width":"","inline_featured_image":false},"product_brand":[],"product_cat":[82,315],"product_tag":[],"acf":[],"_links":{"self":[{"href":"https:\/\/baltic.se\/en\/wp-json\/wp\/v2\/product\/1026"}],"collection":[{"href":"https:\/\/baltic.se\/en\/wp-json\/wp\/v2\/product"}],"about":[{"href":"https:\/\/baltic.se\/en\/wp-json\/wp\/v2\/types\/product"}],"wp:featuredmedia":[{"embeddable":true,"href":"https:\/\/baltic.se\/en\/wp-json\/wp\/v2\/media\/25623"}],"wp:attachment":[{"href":"https:\/\/baltic.se\/en\/wp-json\/wp\/v2\/media?parent=1026"}],"wp:term":[{"taxonomy":"product_brand","embeddable":true,"href":"https:\/\/baltic.se\/en\/wp-json\/wp\/v2\/product_brand?post=1026"},{"taxonomy":"product_cat","embeddable":true,"href":"https:\/\/baltic.se\/en\/wp-json\/wp\/v2\/product_cat?post=1026"},{"taxonomy":"product_tag","embeddable":true,"href":"https:\/\/baltic.se\/en\/wp-json\/wp\/v2\/product_tag?post=1026"}],"curies":[{"name":"wp","href":"https:\/\/api.w.org\/{rel}","templated":true}]}}