{"id":1023,"date":"2021-03-18T22:17:54","date_gmt":"2021-03-18T21:17:54","guid":{"rendered":"https:\/\/baltic.se\/?post_type=product&#038;p=1023"},"modified":"2026-04-16T22:13:22","modified_gmt":"2026-04-16T20:13:22","slug":"utlosare-capsule-united-moulders","status":"publish","type":"product","link":"https:\/\/baltic.se\/en\/produkt\/utlosare-capsule-united-moulders\/","title":{"rendered":"Utl\u00f6sare Capsule United Moulders"},"content":{"rendered":"<p>Utl\u00f6sare Capsule UML till Baltics uppbl\u00e5sbara flytv\u00e4star. N\u00e4r du k\u00f6per en ny uppbl\u00e5sbara flytv\u00e4st kommer den komplett med CO2-patron och utl\u00f6sare, om din uppbl\u00e5sbara flytv\u00e4st l\u00f6ser ut beh\u00f6ver du ladda om den med en ny gaspatron och utl\u00f6sare. Detta kan du enkelt g\u00f6ra sj\u00e4lv genom att f\u00f6lja <a href=\"https:\/\/baltic.se\/wp-content\/uploads\/2021\/12\/Infofolder-om-uppblasbara-raddningsvastar_swe.pdf\" rel=\"noopener noreferrer\" target=\"_blank\"><u>denna guide<\/u><\/a>, samt anv\u00e4nda r\u00e4tt reservdelar till din flytv\u00e4st.<\/p>\n<p><strong>Hur vet jag vilken utl\u00f6sare som passar till min uppbl\u00e5sbara r\u00e4ddningsv\u00e4st? <\/strong><\/p>\n<p><span>Inuti flytv\u00e4sten p\u00e5 den uppbl\u00e5sbara lungan finns information tryckt om vilken&nbsp;utl\u00f6sare som passar till din flytv\u00e4st. T ex \u201d<\/span><em>USE ONLY BALTIC <\/em>Capsule UML <em style=\"background-color: white\">#2407\u201d&nbsp;&nbsp;&nbsp;&nbsp;&nbsp;&nbsp;&nbsp;&nbsp;&nbsp;&nbsp;&nbsp;&nbsp;&nbsp;&nbsp;&nbsp;&nbsp;&nbsp;&nbsp;&nbsp;&nbsp;&nbsp;&nbsp;&nbsp;&nbsp;&nbsp;&nbsp;&nbsp;&nbsp;&nbsp;&nbsp;&nbsp;&nbsp;&nbsp;&nbsp;&nbsp;&nbsp;&nbsp;&nbsp;&nbsp;&nbsp;&nbsp;&nbsp;&nbsp;&nbsp;&nbsp;&nbsp;&nbsp;&nbsp;&nbsp;&nbsp;&nbsp;&nbsp;&nbsp;&nbsp;&nbsp;&nbsp;&nbsp;&nbsp;<\/em><\/p>\n<p><span style=\"background-color: white\">Du kan l\u00e4tt f\u00e5 fram r\u00e4tt utl\u00f6sare till din flytv\u00e4st genom att s\u00f6ka p\u00e5 artikelnumret som du hittar tryckt p\u00e5 den uppbl\u00e5sbara lungan, i s\u00f6kfunktionen p\u00e5 v\u00e5r hemsida. <\/span><\/p>\n<p><span>Innan varje anv\u00e4ndning av din uppbl\u00e5sbara flytv\u00e4st rekommenderar vi att en sj\u00e4lvkontroll genomf\u00f6rs. <\/span><a href=\"https:\/\/baltic.se\/wp-content\/uploads\/2021\/12\/Infofolder-om-uppblasbara-raddningsvastar_swe.pdf\" rel=\"noopener noreferrer\" target=\"_blank\" style=\"background-color: white\"><u>H\u00c4R<\/u><\/a><span style=\"background-color: white\"> kan du l\u00e4sa om hur du genomf\u00f6r en sj\u00e4lvkontroll.&nbsp;<\/span><\/p>\n<p><span>Din uppbl\u00e5sbara flytv\u00e4st fr\u00e5n Baltic skall servas en g\u00e5ng om \u00e5ret av en BALTIC certifierad servicestation.<\/span> Underl\u00e5telse att serva produkten kan medf\u00f6ra att garantin inte g\u00e4ller.<\/p>\n","protected":false},"excerpt":{"rendered":"<p>Utl\u00f6sare Pro Sensor Elite automatventil fr\u00e5n Baltic.<\/p>\n","protected":false},"featured_media":25467,"template":"","meta":{"_et_pb_use_builder":"","_et_pb_old_content":"","_et_gb_content_width":"","inline_featured_image":false},"product_brand":[],"product_cat":[82,315],"product_tag":[],"acf":[],"_links":{"self":[{"href":"https:\/\/baltic.se\/en\/wp-json\/wp\/v2\/product\/1023"}],"collection":[{"href":"https:\/\/baltic.se\/en\/wp-json\/wp\/v2\/product"}],"about":[{"href":"https:\/\/baltic.se\/en\/wp-json\/wp\/v2\/types\/product"}],"wp:featuredmedia":[{"embeddable":true,"href":"https:\/\/baltic.se\/en\/wp-json\/wp\/v2\/media\/25467"}],"wp:attachment":[{"href":"https:\/\/baltic.se\/en\/wp-json\/wp\/v2\/media?parent=1023"}],"wp:term":[{"taxonomy":"product_brand","embeddable":true,"href":"https:\/\/baltic.se\/en\/wp-json\/wp\/v2\/product_brand?post=1023"},{"taxonomy":"product_cat","embeddable":true,"href":"https:\/\/baltic.se\/en\/wp-json\/wp\/v2\/product_cat?post=1023"},{"taxonomy":"product_tag","embeddable":true,"href":"https:\/\/baltic.se\/en\/wp-json\/wp\/v2\/product_tag?post=1023"}],"curies":[{"name":"wp","href":"https:\/\/api.w.org\/{rel}","templated":true}]}}