{"id":1020,"date":"2021-03-18T22:17:47","date_gmt":"2021-03-18T21:17:47","guid":{"rendered":"https:\/\/baltic.se\/?post_type=product&#038;p=1020"},"modified":"2026-04-19T12:13:16","modified_gmt":"2026-04-19T10:13:16","slug":"nodljus-m-e-d-solas","status":"publish","type":"product","link":"https:\/\/baltic.se\/en\/produkt\/nodljus-m-e-d-solas\/","title":{"rendered":"N\u00f6dljus M.E.D. \/ Solas"},"content":{"rendered":"<p>Detta kompakta n\u00f6dljus passar p\u00e5 samtliga Baltic SOLAS-v\u00e4star och Baltic uppbl\u00e5sbara v\u00e4star, f\u00f6rutom Compact 100.&nbsp;N\u00f6dljuset monteras enkelt med medf\u00f6ljande clips. N\u00f6dljuset aktiveras automatiskt vid kontakt med vatten men kan ocks\u00e5 startas manuellt.<\/p>\n","protected":false},"excerpt":{"rendered":"<p>Kompakta n\u00f6dljus som aktiveras vid kontakt med vatten kan ocks\u00e5 startas manuellt. Passar p\u00e5 samtliga Baltic SOLAS-v\u00e4star och uppbl\u00e5sbara v\u00e4star. <\/p>\n","protected":false},"featured_media":25609,"template":"","meta":{"_et_pb_use_builder":"","_et_pb_old_content":"","_et_gb_content_width":"","inline_featured_image":false},"product_brand":[],"product_cat":[82,315],"product_tag":[],"acf":[],"_links":{"self":[{"href":"https:\/\/baltic.se\/en\/wp-json\/wp\/v2\/product\/1020"}],"collection":[{"href":"https:\/\/baltic.se\/en\/wp-json\/wp\/v2\/product"}],"about":[{"href":"https:\/\/baltic.se\/en\/wp-json\/wp\/v2\/types\/product"}],"wp:featuredmedia":[{"embeddable":true,"href":"https:\/\/baltic.se\/en\/wp-json\/wp\/v2\/media\/25609"}],"wp:attachment":[{"href":"https:\/\/baltic.se\/en\/wp-json\/wp\/v2\/media?parent=1020"}],"wp:term":[{"taxonomy":"product_brand","embeddable":true,"href":"https:\/\/baltic.se\/en\/wp-json\/wp\/v2\/product_brand?post=1020"},{"taxonomy":"product_cat","embeddable":true,"href":"https:\/\/baltic.se\/en\/wp-json\/wp\/v2\/product_cat?post=1020"},{"taxonomy":"product_tag","embeddable":true,"href":"https:\/\/baltic.se\/en\/wp-json\/wp\/v2\/product_tag?post=1020"}],"curies":[{"name":"wp","href":"https:\/\/api.w.org\/{rel}","templated":true}]}}