{"id":1016,"date":"2021-03-18T22:17:38","date_gmt":"2021-03-18T21:17:38","guid":{"rendered":"https:\/\/baltic.se\/?post_type=product&#038;p=1016"},"modified":"2026-04-11T16:13:27","modified_gmt":"2026-04-11T14:13:27","slug":"maja-kattflytvast","status":"publish","type":"product","link":"https:\/\/baltic.se\/en\/produkt\/maja-kattflytvast\/","title":{"rendered":"Maja Kattflytv\u00e4st"},"content":{"rendered":"<ul>\n<li>5\u00e5rs garanti<\/li>\n<li>D-ring f\u00f6r koppel<\/li>\n<li>Lyfthandtag p\u00e5 ryggen<\/li>\n<li>Designad i Sverige<\/li>\n<li>Made in Europe<\/li>\n<\/ul>\n<p><\/p>\n<p>Flytv\u00e4st designad speciellt f\u00f6r katter. Kattflytv\u00e4sten Maja \u00e4r framtagen f\u00f6r att ge b\u00e4sta passform p\u00e5 kattens smidiga kropp. Med en t\u00e4tt \u00e5tsittande hals\u00f6ppning samt ett extra band under magen sitter Maja stadigt p\u00e5 din katt p\u00e5 land, i vatten och vid lyft. V\u00e4sten har D-ring f\u00f6r f\u00e4ste av koppel, omlottkn\u00e4ppning i hals, reflex p\u00e5 lyfthandtaget. UV-gult high visibility tyg f\u00f6r b\u00e4sta synlighet.<\/p>\n","protected":false},"excerpt":{"rendered":"<p>Flytv\u00e4sten Maja \u00e4r designad speciellt f\u00f6r katter. Maja \u00e4r framtagen f\u00f6r att ge b\u00e4sta passform p\u00e5 kattens smidiga kropp.<\/p>\n","protected":false},"featured_media":79279,"template":"","meta":{"_et_pb_use_builder":"","_et_pb_old_content":"","_et_gb_content_width":"","inline_featured_image":false},"product_brand":[],"product_cat":[116,92],"product_tag":[],"acf":[],"_links":{"self":[{"href":"https:\/\/baltic.se\/en\/wp-json\/wp\/v2\/product\/1016"}],"collection":[{"href":"https:\/\/baltic.se\/en\/wp-json\/wp\/v2\/product"}],"about":[{"href":"https:\/\/baltic.se\/en\/wp-json\/wp\/v2\/types\/product"}],"wp:featuredmedia":[{"embeddable":true,"href":"https:\/\/baltic.se\/en\/wp-json\/wp\/v2\/media\/79279"}],"wp:attachment":[{"href":"https:\/\/baltic.se\/en\/wp-json\/wp\/v2\/media?parent=1016"}],"wp:term":[{"taxonomy":"product_brand","embeddable":true,"href":"https:\/\/baltic.se\/en\/wp-json\/wp\/v2\/product_brand?post=1016"},{"taxonomy":"product_cat","embeddable":true,"href":"https:\/\/baltic.se\/en\/wp-json\/wp\/v2\/product_cat?post=1016"},{"taxonomy":"product_tag","embeddable":true,"href":"https:\/\/baltic.se\/en\/wp-json\/wp\/v2\/product_tag?post=1016"}],"curies":[{"name":"wp","href":"https:\/\/api.w.org\/{rel}","templated":true}]}}