{"id":1007,"date":"2021-03-18T22:17:18","date_gmt":"2021-03-18T21:17:18","guid":{"rendered":"https:\/\/baltic.se\/?post_type=product&#038;p=1007"},"modified":"2026-04-04T14:12:50","modified_gmt":"2026-04-04T12:12:50","slug":"zorro-hundflytvast","status":"publish","type":"product","link":"https:\/\/baltic.se\/en\/produkt\/zorro-hundflytvast\/","title":{"rendered":"Zorro Hundflytv\u00e4st"},"content":{"rendered":"<ul>\n<li>5\u00e5rs garanti<\/li>\n<li>D-ring f\u00f6r koppel<\/li>\n<li>Lyfthandtag p\u00e5 ryggen<\/li>\n<li>Designad i Sverige<\/li>\n<li>Made in Europe<\/li>\n<\/ul>\n<p><\/p>\n<p>Flytv\u00e4sten Zorro \u00e4r designad f\u00f6r att ge din hund maximal komfort i sin flytv\u00e4st. Extra flytmaterial under magen g\u00f6r att inga sp\u00e4nnen eller band skaver. Ing\u00e5ng med dragkedja l\u00e4ngs hela ryggen. Reflex och lyfthandtag p\u00e5 ryggen. Band med snabbsp\u00e4nne och D-ring f\u00f6r koppel. Finns i f\u00e4rgerna r\u00f6d och uv-gul.<\/p>\n","protected":false},"excerpt":{"rendered":"<p>Flytv\u00e4sten Zorro fr\u00e5n Baltic \u00e4r designad f\u00f6r att ge din hund maximal komfort i sin flytv\u00e4st. Perfekt f\u00f6r din b\u00e4sta v\u00e4n som vill f\u00f6lja med till sj\u00f6ss<\/p>\n","protected":false},"featured_media":25318,"template":"","meta":{"_et_pb_use_builder":"","_et_pb_old_content":"","_et_gb_content_width":"","inline_featured_image":false},"product_brand":[],"product_cat":[876,770],"product_tag":[],"acf":[],"_links":{"self":[{"href":"https:\/\/baltic.se\/en\/wp-json\/wp\/v2\/product\/1007"}],"collection":[{"href":"https:\/\/baltic.se\/en\/wp-json\/wp\/v2\/product"}],"about":[{"href":"https:\/\/baltic.se\/en\/wp-json\/wp\/v2\/types\/product"}],"wp:featuredmedia":[{"embeddable":true,"href":"https:\/\/baltic.se\/en\/wp-json\/wp\/v2\/media\/25318"}],"wp:attachment":[{"href":"https:\/\/baltic.se\/en\/wp-json\/wp\/v2\/media?parent=1007"}],"wp:term":[{"taxonomy":"product_brand","embeddable":true,"href":"https:\/\/baltic.se\/en\/wp-json\/wp\/v2\/product_brand?post=1007"},{"taxonomy":"product_cat","embeddable":true,"href":"https:\/\/baltic.se\/en\/wp-json\/wp\/v2\/product_cat?post=1007"},{"taxonomy":"product_tag","embeddable":true,"href":"https:\/\/baltic.se\/en\/wp-json\/wp\/v2\/product_tag?post=1007"}],"curies":[{"name":"wp","href":"https:\/\/api.w.org\/{rel}","templated":true}]}}