{"id":36856,"date":"2022-11-14T23:10:18","date_gmt":"2022-11-14T22:10:18","guid":{"rendered":"https:\/\/baltic.se\/?page_id=36856"},"modified":"2026-04-15T12:48:38","modified_gmt":"2026-04-15T10:48:38","slug":"hallbarhet","status":"publish","type":"page","link":"https:\/\/baltic.se\/en\/pages\/hallbarhet\/","title":{"rendered":"H\u00e5llbarhet"},"content":{"rendered":"<p>[et_pb_section fb_built=&#8221;1&#8243; _builder_version=&#8221;4.9.3&#8243; _module_preset=&#8221;default&#8221; custom_margin=&#8221;0px||0px||false|false&#8221; custom_padding=&#8221;0px||0px||false|false&#8221; da_is_popup=&#8221;off&#8221; da_exit_intent=&#8221;off&#8221; da_has_close=&#8221;on&#8221; da_alt_close=&#8221;off&#8221; da_dark_close=&#8221;off&#8221; da_not_modal=&#8221;on&#8221; da_is_singular=&#8221;off&#8221; da_with_loader=&#8221;off&#8221; da_has_shadow=&#8221;on&#8221; da_disable_devices=&#8221;off|off|off&#8221;][et_pb_row _builder_version=&#8221;4.9.3&#8243; _module_preset=&#8221;default&#8221;][et_pb_column type=&#8221;4_4&#8243; _builder_version=&#8221;4.9.3&#8243; _module_preset=&#8221;default&#8221;][et_pb_text _builder_version=&#8221;4.9.3&#8243; _module_preset=&#8221;default&#8221; text_font=&#8221;Inter||||||||&#8221; custom_padding=&#8221;||0px|||&#8221; hover_enabled=&#8221;0&#8243; sticky_enabled=&#8221;0&#8243;]<\/p>\n<p><strong>Filosofi <\/strong><\/p>\n<p>Start where you are. Use what you have. Do what you can. Det \u00e4r denna filosofi som Baltic anammar i v\u00e5rt h\u00e5llbarhetsarbete. \u00c4nda sedan 1977 har Baltic arbetat med visionen att alltid ligga i framkant n\u00e4r det kommer till utveckling av marina s\u00e4kerhetsprodukter med kompromissl\u00f6s kvalit\u00e9. Det har gjort oss till en marknadsledande akt\u00f6r inom v\u00e5r bransch.<\/p>\n<p>Kompromissl\u00f6sheten \u00e4r n\u00e5got som vi nu \u00f6vers\u00e4tter in i v\u00e5rt h\u00e5llbarhetsarbete. Som marknadsledande f\u00f6retag \u00e4r det viktigt att vi tar kompromissl\u00f6st ansvar i h\u00e5llbarhetsfr\u00e5gor. Vi \u00e4r \u00f6dmjuka inf\u00f6r den stora uppgiften som st\u00e5r oss tillm\u00f6tes, och \u00e4r medvetna om att vi har en l\u00e5ng v\u00e4g kvar att g\u00e5, men v\u00e5rt h\u00e5llbarhetsarbetearbete \u00e4r ig\u00e5ng, och det \u00e4r vi v\u00e4ldigt stolta \u00f6ver.<\/p>\n<p><strong>Transparens <\/strong><\/p>\n<p>Vi p\u00e5 Baltic arbetar efter att alltid erbjuda v\u00e5r kunder transparens i de valen vi g\u00f6r. Att arbeta med h\u00e5llbarhet har m\u00e5nga och sv\u00e5ra aspekter, d\u00e4rf\u00f6r vill vi erbjuda m\u00f6jligheten att syna oss i s\u00f6mmarna och uppmanar v\u00e5ra kunder att st\u00e4lla de tuffa fr\u00e5gorna till oss. P\u00e5 det s\u00e4ttet kan vi utvecklas tillsammans.<\/p>\n<p>Vi vill vara transparanta i de valen vi g\u00f6r, varf\u00f6r vi g\u00f6r dem \u2013 och varf\u00f6r vi inte kan g\u00f6ra vissa saker.<\/p>\n<p><strong>Rediscover your Baltic Products <\/strong><\/p>\n<p>Att h\u00e5lla produkter vid liv s\u00e5 l\u00e4nge som m\u00f6jligt har en stor vinning f\u00f6r milj\u00f6n. D\u00e4rf\u00f6r erbjuder Baltic m\u00f6jligheten att laga en produkt som g\u00e5tt s\u00f6nder, \u00e4ven utanf\u00f6r garantitiden g\u00e5tt ut.&nbsp; Vi har ett stort lager av reservdelar och duktiga s\u00f6mmerskor i \u00c4lgar\u00e5s som kan hj\u00e4lpa dig med din produkt. Det f\u00e5r dock inte ske p\u00e5 bekostnad av din produkts s\u00e4kerhet och f\u00f6rm\u00e5ga att r\u00e4dda ditt liv.<\/p>\n<p>Har du en trasig Baltic produkt? Kontakta oss p\u00e5 <a href=\"mailto:info@baltic.se\">info@baltic.se<\/a> s\u00e5 g\u00f6r vi en bed\u00f6mning om det g\u00e5r att laga din produkt.<\/p>\n<p>&nbsp;<\/p>\n<p>[\/et_pb_text][\/et_pb_column][\/et_pb_row][\/et_pb_section]<\/p>\n","protected":false},"excerpt":{"rendered":"<p>[et_pb_section fb_built=&#8221;1&#8243; _builder_version=&#8221;4.9.3&#8243; _module_preset=&#8221;default&#8221; custom_margin=&#8221;0px||0px||false|false&#8221; custom_padding=&#8221;0px||0px||false|false&#8221; da_is_popup=&#8221;off&#8221; da_exit_intent=&#8221;off&#8221; da_has_close=&#8221;on&#8221; da_alt_close=&#8221;off&#8221; da_dark_close=&#8221;off&#8221; da_not_modal=&#8221;on&#8221; da_is_singular=&#8221;off&#8221; da_with_loader=&#8221;off&#8221; da_has_shadow=&#8221;on&#8221; da_disable_devices=&#8221;off|off|off&#8221;][et_pb_row _builder_version=&#8221;4.9.3&#8243; _module_preset=&#8221;default&#8221;][et_pb_column type=&#8221;4_4&#8243; _builder_version=&#8221;4.9.3&#8243; _module_preset=&#8221;default&#8221;][et_pb_text _builder_version=&#8221;4.9.3&#8243; _module_preset=&#8221;default&#8221; text_font=&#8221;Inter||||||||&#8221; custom_padding=&#8221;||0px|||&#8221; hover_enabled=&#8221;0&#8243; sticky_enabled=&#8221;0&#8243;] Filosofi Start where you are. Use what you have. Do what you can. Det \u00e4r denna filosofi som Baltic anammar i v\u00e5rt h\u00e5llbarhetsarbete. \u00c4nda sedan 1977 har Baltic [&hellip;]<\/p>\n","protected":false},"author":121,"featured_media":0,"parent":0,"menu_order":0,"comment_status":"closed","ping_status":"closed","template":"","meta":{"_et_pb_use_builder":"on","_et_pb_old_content":"","_et_gb_content_width":"","inline_featured_image":false},"acf":[],"_links":{"self":[{"href":"https:\/\/baltic.se\/en\/wp-json\/wp\/v2\/pages\/36856"}],"collection":[{"href":"https:\/\/baltic.se\/en\/wp-json\/wp\/v2\/pages"}],"about":[{"href":"https:\/\/baltic.se\/en\/wp-json\/wp\/v2\/types\/page"}],"author":[{"embeddable":true,"href":"https:\/\/baltic.se\/en\/wp-json\/wp\/v2\/users\/121"}],"replies":[{"embeddable":true,"href":"https:\/\/baltic.se\/en\/wp-json\/wp\/v2\/comments?post=36856"}],"version-history":[{"count":6,"href":"https:\/\/baltic.se\/en\/wp-json\/wp\/v2\/pages\/36856\/revisions"}],"predecessor-version":[{"id":127063,"href":"https:\/\/baltic.se\/en\/wp-json\/wp\/v2\/pages\/36856\/revisions\/127063"}],"wp:attachment":[{"href":"https:\/\/baltic.se\/en\/wp-json\/wp\/v2\/media?parent=36856"}],"curies":[{"name":"wp","href":"https:\/\/api.w.org\/{rel}","templated":true}]}}