{"id":29088,"date":"2022-04-13T17:07:12","date_gmt":"2022-04-13T15:07:12","guid":{"rendered":"https:\/\/baltic.se\/the-perfect-world-foundation\/"},"modified":"2022-04-13T17:07:15","modified_gmt":"2022-04-13T15:07:15","slug":"the-perfect-world-foundation","status":"publish","type":"page","link":"https:\/\/baltic.se\/en\/the-perfect-world-foundation\/","title":{"rendered":"The Perfect World Foundation"},"content":{"rendered":"<p>[et_pb_section fb_built=&#8221;1&#8243; _builder_version=&#8221;4.9.3&#8243; _module_preset=&#8221;default&#8221; use_background_color_gradient=&#8221;on&#8221; background_color_gradient_start=&#8221;rgba(0,0,0,0.56)&#8221; background_color_gradient_end=&#8221;rgba(168,168,168,0)&#8221; background_color_gradient_direction=&#8221;154deg&#8221; background_color_gradient_start_position=&#8221;28%&#8221; background_color_gradient_overlays_image=&#8221;on&#8221; background_image=&#8221;https:\/\/baltic.se\/wp-content\/uploads\/2021\/05\/matt-hardy-6ArTTluciuA-unsplash-scaled.jpg&#8221; background_position=&#8221;top_center&#8221; custom_margin=&#8221;0px||0px||false|false&#8221; custom_padding=&#8221;0px||0px||false|false&#8221; filter_saturate=&#8221;150%&#8221; filter_brightness=&#8221;107%&#8221;][et_pb_row column_structure=&#8221;1_2,1_2&#8243; _builder_version=&#8221;4.9.3&#8243; _module_preset=&#8221;default&#8221; custom_margin=&#8221;0px||0px||false|false&#8221; custom_padding=&#8221;25vh||25vh||true|false&#8221;][et_pb_column type=&#8221;1_2&#8243; _builder_version=&#8221;4.9.3&#8243; _module_preset=&#8221;default&#8221;][et_pb_text _builder_version=&#8221;4.9.3&#8243; _module_preset=&#8221;82f81a93-dd8e-48cf-8112-29b187ebd23c&#8221; header_2_font_size=&#8221;48px&#8221; header_4_line_height=&#8221;1.3em&#8221; custom_padding=&#8221;||||true|false&#8221; header_text_align_tablet=&#8221;&#8221; header_text_align_phone=&#8221;&#8221; header_text_align_last_edited=&#8221;on|desktop&#8221; header_2_font_size_tablet=&#8221;&#8221; header_2_font_size_phone=&#8221;34px&#8221; header_2_font_size_last_edited=&#8221;on|phone&#8221;]<\/p>\n<h1>The perfect world foundation<\/h1>\n<h4 style=\"text-align: left;\">We love boats, water, sun, sailing and canoeing. In short we love everything to do with water. Therefore we have devoted our time to make life safer on or around water and to have fun in safety and comfort! Our business is based on our nature, and that this is a nice place to be. Unfortunately, the development is going in the wrong direction in this area with ocean acidification, littering and environmental damage.<\/h4>\n<p>&nbsp;<\/p>\n<p>[\/et_pb_text][\/et_pb_column][et_pb_column type=&#8221;1_2&#8243; _builder_version=&#8221;4.9.3&#8243; _module_preset=&#8221;default&#8221;][\/et_pb_column][\/et_pb_row][\/et_pb_section][et_pb_section fb_built=&#8221;1&#8243; _builder_version=&#8221;4.9.3&#8243; _module_preset=&#8221;default&#8221; custom_margin=&#8221;0px||||false|false&#8221; custom_padding=&#8221;0px||0px||false|false&#8221;][et_pb_row _builder_version=&#8221;4.9.3&#8243; _module_preset=&#8221;default&#8221;][et_pb_column type=&#8221;4_4&#8243; _builder_version=&#8221;4.9.3&#8243; _module_preset=&#8221;default&#8221;][et_pb_text _builder_version=&#8221;4.9.3&#8243; _module_preset=&#8221;default&#8221; header_4_line_height=&#8221;1.3em&#8221; custom_margin=&#8221;0px||||false|false&#8221; custom_padding=&#8221;5%|20%|3%|20%|false|false&#8221; custom_padding_tablet=&#8221;&#8221; custom_padding_phone=&#8221;|5%||5%|false|false&#8221; custom_padding_last_edited=&#8221;on|phone&#8221;]<\/p>\n<h4 style=\"text-align: center;\">Start where you are. Use what you have. Do what you can. This quote from Arthur Ashe is the approach we at Baltic adopt when we share our sustainability journey with you. The element closest to our business is water, which is why we work to stop littering and pick up the rubbish that has ended up in our nature. We do this together with The Perfect World Foundation and their sea saving project, Save The Ocean.<\/h4>\n<p>[\/et_pb_text][\/et_pb_column][\/et_pb_row][\/et_pb_section][et_pb_section fb_built=&#8221;1&#8243; _builder_version=&#8221;4.9.3&#8243; _module_preset=&#8221;default&#8221; background_color=&#8221;#f9f9f9&#8243;][et_pb_row column_structure=&#8221;1_2,1_2&#8243; _builder_version=&#8221;4.9.3&#8243; _module_preset=&#8221;default&#8221;][et_pb_column type=&#8221;1_2&#8243; _builder_version=&#8221;4.9.3&#8243; _module_preset=&#8221;default&#8221;][et_pb_text _builder_version=&#8221;4.9.3&#8243; _module_preset=&#8221;default&#8221; text_font=&#8221;||||||||&#8221; header_4_font=&#8221;eurostile-extended|700||on|||||&#8221; custom_padding=&#8221;10%|0px|10%|20%|false|false&#8221;]<\/p>\n<h4>About the Perfect World Foundation<\/h4>\n<p>The Perfect World Foundation is a Swedish based non-profit organization working with wildlife and nature in crisis, around the world. By increasing knowledge and spreading awareness, our aim is to create courage and preconditions for change, one step at a time. Our clear mission is to save the world.<\/p>\n<p>[\/et_pb_text][\/et_pb_column][et_pb_column type=&#8221;1_2&#8243; _builder_version=&#8221;4.9.3&#8243; _module_preset=&#8221;default&#8221;][et_pb_image src=&#8221;https:\/\/baltic.se\/wp-content\/uploads\/2022\/03\/tpwf-save-the-ocean-logo-black-002.png&#8221; title_text=&#8221;tpwf-save-the-ocean-logo-black (002)&#8221; align=&#8221;center&#8221; _builder_version=&#8221;4.9.3&#8243; _module_preset=&#8221;default&#8221; width=&#8221;50%&#8221;][\/et_pb_image][\/et_pb_column][\/et_pb_row][\/et_pb_section][et_pb_section fb_built=&#8221;1&#8243; _builder_version=&#8221;4.9.3&#8243; _module_preset=&#8221;default&#8221; use_background_color_gradient=&#8221;on&#8221; background_color_gradient_start=&#8221;#00284c&#8221; background_color_gradient_end=&#8221;#12446d&#8221; background_color_gradient_start_position=&#8221;48%&#8221; background_color_gradient_end_position=&#8221;85%&#8221; background_image=&#8221;https:\/\/baltic.se\/wp-content\/uploads\/2022\/03\/naja-bertolt-jensen-ex7EKxqShxk-unsplash2294-scaled.jpg&#8221; height=&#8221;1000px&#8221; max_height=&#8221;800px&#8221;][et_pb_row _builder_version=&#8221;4.9.3&#8243; _module_preset=&#8221;default&#8221;][et_pb_column type=&#8221;4_4&#8243; _builder_version=&#8221;4.9.3&#8243; _module_preset=&#8221;default&#8221; background_image=&#8221;https:\/\/baltic.se\/wp-content\/uploads\/2022\/03\/Extreme3-scaled-25.jpg&#8221;][\/et_pb_column][\/et_pb_row][et_pb_row _builder_version=&#8221;4.9.3&#8243; _module_preset=&#8221;default&#8221;][et_pb_column type=&#8221;4_4&#8243; _builder_version=&#8221;4.9.3&#8243; _module_preset=&#8221;default&#8221;][et_pb_text _builder_version=&#8221;4.9.3&#8243; _module_preset=&#8221;default&#8221; text_font=&#8221;|600|||||||&#8221; text_text_color=&#8221;#FFFFFF&#8221; header_text_color=&#8221;#FFFFFF&#8221; header_4_font=&#8221;eurostile-extended||||||||&#8221;]<\/p>\n<h4 style=\"text-align: left;\"><strong>SAVE THE OCEAN<\/strong><\/h4>\n<p style=\"text-align: left;\">Save the Ocean is The Perfect World Foundation&#8217;s overall sea rescue project with campaigns such as Blue Bucket, which aims to engage everyone to help pick up plastic from our seas, along coasts and beaches, with the goal of spreading knowledge about the impact of plastic waste on our sea. Ghost Net Zero, which is their major campaign to, among other things, locate, pick up, recycle, and reuse lost fishing equipment, so-called ghost nets.<\/p>\n<p style=\"text-align: left;\">Researchers estimate that there are more than 150 million tons of plastic in our oceans, and an additional 5\u201313 million tons of plastic are added each year. And as much as 80% of all plastic waste in the sea comes from our activities on land. By 2050, it is estimated that there will be more plastic than fish in our oceans, if litter continues at the same rate.<\/p>\n<p style=\"text-align: left;\">Lost fishing equipment, nets and cages are the biggest contributing factor to microplastics in our oceans. Every year, more than 600,000 tonnes of fishing equipment are lost in the sea, which continues to &#8220;ghost fish&#8221; for hundreds of years, if it remains.<\/p>\n<p style=\"text-align: left;\">With their Ghost Net Zero campaign, they work to spread knowledge, support innovations and activities to enable the location, salvage, recycling and reuse of lost fishing equipment, so-called ghost nets. Their vision is zero ghost nets in our oceans.<\/p>\n<p style=\"text-align: left;\">Want to read more about The Perfect World Foundation? <a href=\"https:\/\/www.theperfectworld.com\/se\/\">HERE<\/a><br \/>\ncan you do it<\/p>\n<p>[\/et_pb_text][\/et_pb_column][\/et_pb_row][\/et_pb_section][et_pb_section fb_built=&#8221;1&#8243; _builder_version=&#8221;4.9.3&#8243; _module_preset=&#8221;default&#8221; use_background_color_gradient=&#8221;on&#8221; background_color_gradient_start=&#8221;#00284c&#8221; background_color_gradient_end=&#8221;#12446d&#8221; background_color_gradient_direction=&#8221;204deg&#8221; background_color_gradient_start_position=&#8221;19%&#8221; background_color_gradient_end_position=&#8221;85%&#8221; background_color_gradient_overlays_image=&#8221;on&#8221; background_image=&#8221;https:\/\/baltic.se\/wp-content\/uploads\/2022\/03\/naja-bertolt-jensen-BJUoZu0mpt0-unsplash2293-scaled.jpg&#8221; height=&#8221;1000px&#8221; max_height=&#8221;800px&#8221;][et_pb_row _builder_version=&#8221;4.9.3&#8243; _module_preset=&#8221;default&#8221;][et_pb_column type=&#8221;4_4&#8243; _builder_version=&#8221;4.9.3&#8243; _module_preset=&#8221;default&#8221; background_image=&#8221;https:\/\/baltic.se\/wp-content\/uploads\/2022\/03\/Extreme3-scaled-25.jpg&#8221;][\/et_pb_column][\/et_pb_row][et_pb_row _builder_version=&#8221;4.9.3&#8243; _module_preset=&#8221;default&#8221;][et_pb_column type=&#8221;4_4&#8243; _builder_version=&#8221;4.9.3&#8243; _module_preset=&#8221;default&#8221;][et_pb_text _builder_version=&#8221;4.9.3&#8243; _module_preset=&#8221;default&#8221; text_font=&#8221;|600|||||||&#8221; text_text_color=&#8221;#FFFFFF&#8221; header_text_color=&#8221;#FFFFFF&#8221; header_4_font=&#8221;eurostile-extended|||on|||||&#8221;]<\/p>\n<h4 style=\"text-align: left;\"><strong>Baltic och The Perfect World Foundation <\/strong><\/h4>\n<p>Baltic har sedan december 2021 samarbetat med The Perfect World Foundation med det gemensamma m\u00e5let att sprida kunskap om problematiken som nedskr\u00e4pning av v\u00e5ra hav medf\u00f6r, f\u00f6rebygga, och plocka upp det sk\u00e4rpet som redan finns d\u00e4r. Tillsammans har vi hj\u00e4lpt till att plocka upp 3000L plast ur v\u00e5ra hav.<\/p>\n<p>Under 2022 har vi m\u00e5nga gemensamma projekt p\u00e5 g\u00e5ng och ser fram emot att f\u00e5 dela v\u00e5r resa med v\u00e5ra \u00e5terf\u00f6rs\u00e4ljare och kunder, mot plastfria hav.<\/p>\n<p>Och kom ih\u00e5g, allt sk\u00e4rp som tas med ut i naturen ska med hem!<\/p>\n<h4><\/h4>\n<h4><strong>Plastkompensation<\/strong><\/h4>\n<p>N\u00e4r du handlar fr\u00e5n v\u00e5r webshop kan du v\u00e4lja att sk\u00e4nka 10kr i plastkompensation. Din g\u00e5va g\u00e5r oavkortat till The Perfect World Foundation, 10kr i plastkompensation hj\u00e4lper till att st\u00e4da upp 2L plast fr\u00e5n v\u00e5r natur. Baltic dubblar alla g\u00e5vor vi f\u00e5r in, gemensamt hj\u00e4lper vi d\u00e5 till att st\u00e4da upp 4L fr\u00e5n v\u00e5ra hav. <a href=\"https:\/\/www.theperfectworld.com\/se\/\">H\u00c4R<\/a> kan du l\u00e4sa mer om vad din g\u00e5va kan bidra med och om The Perfect World Foundation.<\/p>\n<p>[\/et_pb_text][\/et_pb_column][\/et_pb_row][\/et_pb_section][et_pb_section fb_built=&#8221;1&#8243; _builder_version=&#8221;4.9.3&#8243; _module_preset=&#8221;default&#8221;][et_pb_row column_structure=&#8221;1_3,1_3,1_3&#8243; _builder_version=&#8221;4.9.3&#8243; _module_preset=&#8221;default&#8221; custom_padding=&#8221;0px||0px||false|false&#8221;][et_pb_column type=&#8221;1_3&#8243; _builder_version=&#8221;4.9.3&#8243; _module_preset=&#8221;default&#8221;][et_pb_image src=&#8221;https:\/\/baltic.se\/wp-content\/uploads\/2021\/04\/Athena3-scaled.jpg&#8221; title_text=&#8221;Athena3&#8243; _builder_version=&#8221;4.9.3&#8243; _module_preset=&#8221;default&#8221;][\/et_pb_image][\/et_pb_column][et_pb_column type=&#8221;1_3&#8243; _builder_version=&#8221;4.9.3&#8243; _module_preset=&#8221;default&#8221;][et_pb_image src=&#8221;https:\/\/baltic.se\/wp-content\/uploads\/2021\/04\/P5A9827-scaled.jpg&#8221; title_text=&#8221;_P5A9827&#8243; _builder_version=&#8221;4.9.3&#8243; _module_preset=&#8221;default&#8221;][\/et_pb_image][\/et_pb_column][et_pb_column type=&#8221;1_3&#8243; _builder_version=&#8221;4.9.3&#8243; _module_preset=&#8221;default&#8221;][et_pb_image src=&#8221;https:\/\/baltic.se\/wp-content\/uploads\/2021\/04\/Extreme3-scaled.jpg&#8221; title_text=&#8221;Extreme3&#8243; _builder_version=&#8221;4.9.3&#8243; _module_preset=&#8221;default&#8221;][\/et_pb_image][\/et_pb_column][\/et_pb_row][et_pb_row column_structure=&#8221;1_2,1_2&#8243; _builder_version=&#8221;4.9.3&#8243; _module_preset=&#8221;default&#8221; custom_padding=&#8221;0px||0px||false|false&#8221;][et_pb_column type=&#8221;1_2&#8243; _builder_version=&#8221;4.9.3&#8243; _module_preset=&#8221;default&#8221;][et_pb_image src=&#8221;https:\/\/baltic.se\/wp-content\/uploads\/2021\/04\/Carbon3-scaled.jpg&#8221; title_text=&#8221;Carbon3&#8243; _builder_version=&#8221;4.9.3&#8243; _module_preset=&#8221;default&#8221;][\/et_pb_image][\/et_pb_column][et_pb_column type=&#8221;1_2&#8243; _builder_version=&#8221;4.9.3&#8243; _module_preset=&#8221;default&#8221;][et_pb_image src=&#8221;https:\/\/baltic.se\/wp-content\/uploads\/2021\/04\/Splitfront2-scaled.jpg&#8221; title_text=&#8221;Splitfront2&#8243; _builder_version=&#8221;4.9.3&#8243; _module_preset=&#8221;default&#8221;][\/et_pb_image][\/et_pb_column][\/et_pb_row][\/et_pb_section]<\/p>\n","protected":false},"excerpt":{"rendered":"<p>[et_pb_section fb_built=&#8221;1&#8243; _builder_version=&#8221;4.9.3&#8243; _module_preset=&#8221;default&#8221; use_background_color_gradient=&#8221;on&#8221; background_color_gradient_start=&#8221;rgba(0,0,0,0.56)&#8221; background_color_gradient_end=&#8221;rgba(168,168,168,0)&#8221; background_color_gradient_direction=&#8221;154deg&#8221; background_color_gradient_start_position=&#8221;28%&#8221; background_color_gradient_overlays_image=&#8221;on&#8221; background_image=&#8221;https:\/\/baltic.se\/wp-content\/uploads\/2021\/05\/matt-hardy-6ArTTluciuA-unsplash-scaled.jpg&#8221; background_position=&#8221;top_center&#8221; custom_margin=&#8221;0px||0px||false|false&#8221; custom_padding=&#8221;0px||0px||false|false&#8221; filter_saturate=&#8221;150%&#8221; filter_brightness=&#8221;107%&#8221;][et_pb_row column_structure=&#8221;1_2,1_2&#8243; _builder_version=&#8221;4.9.3&#8243; _module_preset=&#8221;default&#8221; custom_margin=&#8221;0px||0px||false|false&#8221; custom_padding=&#8221;25vh||25vh||true|false&#8221;][et_pb_column type=&#8221;1_2&#8243; _builder_version=&#8221;4.9.3&#8243; _module_preset=&#8221;default&#8221;][et_pb_text _builder_version=&#8221;4.9.3&#8243; _module_preset=&#8221;82f81a93-dd8e-48cf-8112-29b187ebd23c&#8221; header_2_font_size=&#8221;48px&#8221; header_4_line_height=&#8221;1.3em&#8221; custom_padding=&#8221;||||true|false&#8221; header_text_align_tablet=&#8221;&#8221; header_text_align_phone=&#8221;&#8221; header_text_align_last_edited=&#8221;on|desktop&#8221; header_2_font_size_tablet=&#8221;&#8221; header_2_font_size_phone=&#8221;34px&#8221; header_2_font_size_last_edited=&#8221;on|phone&#8221;] The perfect world foundation We love boats, water, sun, sailing and canoeing. In short we love everything to do with [&hellip;]<\/p>\n","protected":false},"author":121,"featured_media":0,"parent":0,"menu_order":0,"comment_status":"closed","ping_status":"closed","template":"","meta":{"_et_pb_use_builder":"on","_et_pb_old_content":"","_et_gb_content_width":"","inline_featured_image":false},"acf":[],"_links":{"self":[{"href":"https:\/\/baltic.se\/en\/wp-json\/wp\/v2\/pages\/29088"}],"collection":[{"href":"https:\/\/baltic.se\/en\/wp-json\/wp\/v2\/pages"}],"about":[{"href":"https:\/\/baltic.se\/en\/wp-json\/wp\/v2\/types\/page"}],"author":[{"embeddable":true,"href":"https:\/\/baltic.se\/en\/wp-json\/wp\/v2\/users\/121"}],"replies":[{"embeddable":true,"href":"https:\/\/baltic.se\/en\/wp-json\/wp\/v2\/comments?post=29088"}],"version-history":[{"count":2,"href":"https:\/\/baltic.se\/en\/wp-json\/wp\/v2\/pages\/29088\/revisions"}],"predecessor-version":[{"id":29090,"href":"https:\/\/baltic.se\/en\/wp-json\/wp\/v2\/pages\/29088\/revisions\/29090"}],"wp:attachment":[{"href":"https:\/\/baltic.se\/en\/wp-json\/wp\/v2\/media?parent=29088"}],"curies":[{"name":"wp","href":"https:\/\/api.w.org\/{rel}","templated":true}]}}