{"id":18442,"date":"2021-05-11T15:56:02","date_gmt":"2021-05-11T13:56:02","guid":{"rendered":"https:\/\/baltic.se\/contact\/"},"modified":"2025-04-25T15:44:42","modified_gmt":"2025-04-25T13:44:42","slug":"contact","status":"publish","type":"page","link":"https:\/\/baltic.se\/en\/contact\/","title":{"rendered":"Contact"},"content":{"rendered":"<p>[et_pb_section fb_built=&#8221;1&#8243; _builder_version=&#8221;4.9.3&#8243; _module_preset=&#8221;default&#8221; custom_margin=&#8221;0px|0px|0px|0px|false|false&#8221; custom_padding=&#8221;0px|0px|0px|0px|false|false&#8221; hover_enabled=&#8221;0&#8243; da_disable_devices=&#8221;off|off|off&#8221; sticky_enabled=&#8221;0&#8243; da_is_popup=&#8221;off&#8221; da_exit_intent=&#8221;off&#8221; da_has_close=&#8221;on&#8221; da_alt_close=&#8221;off&#8221; da_dark_close=&#8221;off&#8221; da_not_modal=&#8221;on&#8221; da_is_singular=&#8221;off&#8221; da_with_loader=&#8221;off&#8221; da_has_shadow=&#8221;on&#8221;][et_pb_row custom_padding_last_edited=&#8221;on|phone&#8221; _builder_version=&#8221;4.9.3&#8243; _module_preset=&#8221;default&#8221; background_color=&#8221;#FFFFFF&#8221; background_color_gradient_direction=&#8221;91deg&#8221; background_enable_image=&#8221;off&#8221; height=&#8221;565px&#8221; custom_padding=&#8221;|||41px|false|false&#8221; custom_padding_tablet=&#8221;&#8221; custom_padding_phone=&#8221;|||5%|false|false&#8221;][et_pb_column type=&#8221;4_4&#8243; _builder_version=&#8221;4.9.3&#8243; _module_preset=&#8221;default&#8221;][et_pb_text _builder_version=&#8221;4.9.3&#8243; _module_preset=&#8221;default&#8221; text_text_color=&#8221;#000000&#8243; header_text_color=&#8221;#000000&#8243; header_2_font=&#8221;eurostile|800|||||||&#8221; header_2_text_color=&#8221;#000000&#8243; header_2_font_size=&#8221;1.4rem&#8221; custom_margin=&#8221;||||false|false&#8221; hover_enabled=&#8221;0&#8243; header_font_size_tablet=&#8221;&#8221; header_font_size_phone=&#8221;1.4rem&#8221; header_font_size_last_edited=&#8221;on|phone&#8221; header_2_font_size_tablet=&#8221;&#8221; header_2_font_size_phone=&#8221;1rem&#8221; header_2_font_size_last_edited=&#8221;on|phone&#8221; sticky_enabled=&#8221;0&#8243;]<\/p>\n<h1>CONTACT US<\/h1>\n<p>&nbsp;<\/p>\n<h2>SWEDEN<\/h2>\n<p>Baltic Safety Products AB (publ)<br \/>Industriv\u00e4gen 7, 545 72 \u00c4lgar\u00e5s<br \/>Tel: 0506-369 90<br \/><a href=\"mailto:info@baltic.se\">info@baltic.se<\/a><\/p>\n<h2>UK<\/h2>\n<p>Baltic Safety Products UK Ltd<br \/>Tel: +44 238 045 7272<br \/><a href=\"mailto:sales@baltic-uk.com\">sales@baltic-uk.com<\/a><\/p>\n<h2>PRESS\/PR<\/h2>\n<p><a href=\"mailto:press@baltic.se\">press@baltic.se<\/a><\/p>\n<h2>QUESTIONS TO OUR WEBSHOP<\/h2>\n<p><a href=\"mailto:webshop@baltic.se\">webshop@baltic.se<\/a><\/p>\n<p>[\/et_pb_text][\/et_pb_column][\/et_pb_row][et_pb_row custom_padding_last_edited=&#8221;on|phone&#8221; _builder_version=&#8221;4.9.3&#8243; _module_preset=&#8221;default&#8221; background_color=&#8221;#0f2b44&#8243; background_color_gradient_direction=&#8221;91deg&#8221; background_enable_image=&#8221;off&#8221; custom_padding=&#8221;|||41px|false|false&#8221; custom_padding_tablet=&#8221;&#8221; custom_padding_phone=&#8221;|||5%|false|false&#8221;][et_pb_column type=&#8221;4_4&#8243; _builder_version=&#8221;4.9.3&#8243; _module_preset=&#8221;default&#8221;][et_pb_text _builder_version=&#8221;4.9.3&#8243; _module_preset=&#8221;default&#8221; text_font=&#8221;Inter|900||on|||||&#8221; text_text_color=&#8221;#FFFFFF&#8221; header_font=&#8221;eurostile|700||on|||||&#8221; header_text_color=&#8221;#000000&#8243; header_2_font=&#8221;eurostile|800||on|||||&#8221; header_2_text_color=&#8221;#FFFFFF&#8221; header_2_font_size=&#8221;1.4rem&#8221; header_3_font=&#8221;eurostile|800||on|||||&#8221; header_3_text_color=&#8221;#FFFFFF&#8221; header_3_font_size=&#8221;1.6rem&#8221; header_3_letter_spacing=&#8221;2px&#8221; custom_margin=&#8221;||||false|false&#8221; hover_enabled=&#8221;0&#8243; header_3_text_align_tablet=&#8221;&#8221; header_3_text_align_phone=&#8221;&#8221; header_3_text_align_last_edited=&#8221;on|phone&#8221; header_3_font_size_tablet=&#8221;&#8221; header_3_font_size_phone=&#8221;1rem&#8221; header_3_font_size_last_edited=&#8221;on|phone&#8221; header_3_line_height_tablet=&#8221;&#8221; header_3_line_height_phone=&#8221;1.2em&#8221; header_3_line_height_last_edited=&#8221;on|phone&#8221; sticky_enabled=&#8221;0&#8243;]<\/p>\n<h2><strong><span style=\"color: #ffffff; font-family: eurostile, Helvetica, Arial, Lucida, sans-serif; font-size: 1rem; text-transform: none;\">Whistleblowing<\/span><\/strong><\/h2>\n<div id=\"content_q7h5t14uc\" class=\"column-content\" data-module=\"fluidtext\">\n<div class=\"is-content\">\n<h3><span style=\"color: #ffffff;\">Our whistleblower service ensures anonymity and transparency<\/span><\/h3>\n<\/div>\n<\/div>\n<p><a href=\"mailto:info@baltic.se\"><\/a><a href=\"mailto:webshop@baltic.se\"><\/a><\/p>\n<p>[\/et_pb_text][et_pb_button button_url=&#8221;@ET-DC@eyJkeW5hbWljIjp0cnVlLCJjb250ZW50IjoicG9zdF9saW5rX3VybF9hdHRhY2htZW50Iiwic2V0dGluZ3MiOnsicG9zdF9pZCI6IjEyMDY2MiJ9fQ==@&#8221; button_text=&#8221;READ MORE&#8221; button_alignment=&#8221;left&#8221; _builder_version=&#8221;4.9.3&#8243; _dynamic_attributes=&#8221;button_url&#8221; _module_preset=&#8221;default&#8221; button_border_color=&#8221;#FFFFFF&#8221; custom_margin=&#8221;2%||2%||false|false&#8221; hover_enabled=&#8221;0&#8243; sticky_enabled=&#8221;0&#8243;][\/et_pb_button][\/et_pb_column][\/et_pb_row][\/et_pb_section]<\/p>\n","protected":false},"excerpt":{"rendered":"<p>[et_pb_section fb_built=&#8221;1&#8243; _builder_version=&#8221;4.9.3&#8243; _module_preset=&#8221;default&#8221; custom_margin=&#8221;0px|0px|0px|0px|false|false&#8221; custom_padding=&#8221;0px|0px|0px|0px|false|false&#8221; hover_enabled=&#8221;0&#8243; da_disable_devices=&#8221;off|off|off&#8221; sticky_enabled=&#8221;0&#8243; da_is_popup=&#8221;off&#8221; da_exit_intent=&#8221;off&#8221; da_has_close=&#8221;on&#8221; da_alt_close=&#8221;off&#8221; da_dark_close=&#8221;off&#8221; da_not_modal=&#8221;on&#8221; da_is_singular=&#8221;off&#8221; da_with_loader=&#8221;off&#8221; da_has_shadow=&#8221;on&#8221;][et_pb_row custom_padding_last_edited=&#8221;on|phone&#8221; _builder_version=&#8221;4.9.3&#8243; _module_preset=&#8221;default&#8221; background_color=&#8221;#FFFFFF&#8221; background_color_gradient_direction=&#8221;91deg&#8221; background_enable_image=&#8221;off&#8221; height=&#8221;565px&#8221; custom_padding=&#8221;|||41px|false|false&#8221; custom_padding_tablet=&#8221;&#8221; custom_padding_phone=&#8221;|||5%|false|false&#8221;][et_pb_column type=&#8221;4_4&#8243; _builder_version=&#8221;4.9.3&#8243; _module_preset=&#8221;default&#8221;][et_pb_text _builder_version=&#8221;4.9.3&#8243; _module_preset=&#8221;default&#8221; text_text_color=&#8221;#000000&#8243; header_text_color=&#8221;#000000&#8243; header_2_font=&#8221;eurostile|800|||||||&#8221; header_2_text_color=&#8221;#000000&#8243; header_2_font_size=&#8221;1.4rem&#8221; custom_margin=&#8221;||||false|false&#8221; hover_enabled=&#8221;0&#8243; header_font_size_tablet=&#8221;&#8221; header_font_size_phone=&#8221;1.4rem&#8221; header_font_size_last_edited=&#8221;on|phone&#8221; header_2_font_size_tablet=&#8221;&#8221; header_2_font_size_phone=&#8221;1rem&#8221; header_2_font_size_last_edited=&#8221;on|phone&#8221; sticky_enabled=&#8221;0&#8243;] CONTACT US &nbsp; SWEDEN Baltic Safety Products AB [&hellip;]<\/p>\n","protected":false},"author":121,"featured_media":0,"parent":0,"menu_order":0,"comment_status":"closed","ping_status":"closed","template":"","meta":{"_et_pb_use_builder":"on","_et_pb_old_content":"","_et_gb_content_width":"","inline_featured_image":false},"acf":[],"_links":{"self":[{"href":"https:\/\/baltic.se\/en\/wp-json\/wp\/v2\/pages\/18442"}],"collection":[{"href":"https:\/\/baltic.se\/en\/wp-json\/wp\/v2\/pages"}],"about":[{"href":"https:\/\/baltic.se\/en\/wp-json\/wp\/v2\/types\/page"}],"author":[{"embeddable":true,"href":"https:\/\/baltic.se\/en\/wp-json\/wp\/v2\/users\/121"}],"replies":[{"embeddable":true,"href":"https:\/\/baltic.se\/en\/wp-json\/wp\/v2\/comments?post=18442"}],"version-history":[{"count":7,"href":"https:\/\/baltic.se\/en\/wp-json\/wp\/v2\/pages\/18442\/revisions"}],"predecessor-version":[{"id":120666,"href":"https:\/\/baltic.se\/en\/wp-json\/wp\/v2\/pages\/18442\/revisions\/120666"}],"wp:attachment":[{"href":"https:\/\/baltic.se\/en\/wp-json\/wp\/v2\/media?parent=18442"}],"curies":[{"name":"wp","href":"https:\/\/api.w.org\/{rel}","templated":true}]}}