{"id":982,"date":"2021-03-18T22:16:22","date_gmt":"2021-03-18T21:16:22","guid":{"rendered":"https:\/\/baltic.se\/?post_type=product&#038;p=982"},"modified":"2026-04-04T08:23:06","modified_gmt":"2026-04-04T06:23:06","slug":"mascot-hund-flytvast","status":"publish","type":"product","link":"https:\/\/baltic.se\/de\/produkt\/mascot-hund-flytvast\/","title":{"rendered":"Mascot Hundflytv\u00e4st"},"content":{"rendered":"<ul>\n<li>5\u00e5rs garanti<\/li>\n<li>D-ring f\u00f6r koppel<\/li>\n<li>Lyfthandtag p\u00e5 ryggen<\/li>\n<li>Designad i Sverige<\/li>\n<li>Made in Europe<\/li>\n<\/ul>\n<p><\/p>\n<p>Mascot \u00e4r den perfekta flytv\u00e4sten till din b\u00e4sta v\u00e4n som vill med till sj\u00f6ss. V\u00e4lbalanserad hundflytv\u00e4st med lyfthandtag och reflex p\u00e5 ryggen. Breda band med snabbsp\u00e4nnen f\u00f6r smidig p\u00e5- och avtagning. D-ring f\u00f6r koppel. Finns i f\u00e4rgerna, uv-gul\/svart, r\u00f6d\/svart, rosa\/svart och gr\u00f6n\/svart.<\/p>\n","protected":false},"excerpt":{"rendered":"<p>Baltic Mascot \u00e4r den perfekta flytv\u00e4sten till din b\u00e4sta v\u00e4n som vill med till sj\u00f6ss. V\u00e4lbalanserad hundflytv\u00e4st med lyfthandtag och reflex p\u00e5 ryggen.<\/p>\n","protected":false},"featured_media":25312,"template":"","meta":{"_et_pb_use_builder":"","_et_pb_old_content":"","_et_gb_content_width":"","inline_featured_image":false},"product_brand":[],"product_cat":[116,92],"product_tag":[],"acf":[],"_links":{"self":[{"href":"https:\/\/baltic.se\/de\/wp-json\/wp\/v2\/product\/982"}],"collection":[{"href":"https:\/\/baltic.se\/de\/wp-json\/wp\/v2\/product"}],"about":[{"href":"https:\/\/baltic.se\/de\/wp-json\/wp\/v2\/types\/product"}],"wp:featuredmedia":[{"embeddable":true,"href":"https:\/\/baltic.se\/de\/wp-json\/wp\/v2\/media\/25312"}],"wp:attachment":[{"href":"https:\/\/baltic.se\/de\/wp-json\/wp\/v2\/media?parent=982"}],"wp:term":[{"taxonomy":"product_brand","embeddable":true,"href":"https:\/\/baltic.se\/de\/wp-json\/wp\/v2\/product_brand?post=982"},{"taxonomy":"product_cat","embeddable":true,"href":"https:\/\/baltic.se\/de\/wp-json\/wp\/v2\/product_cat?post=982"},{"taxonomy":"product_tag","embeddable":true,"href":"https:\/\/baltic.se\/de\/wp-json\/wp\/v2\/product_tag?post=982"}],"curies":[{"name":"wp","href":"https:\/\/api.w.org\/{rel}","templated":true}]}}