{"id":976,"date":"2021-03-18T22:16:08","date_gmt":"2021-03-18T21:16:08","guid":{"rendered":"https:\/\/baltic.se\/?post_type=product&#038;p=976"},"modified":"2026-04-05T16:12:08","modified_gmt":"2026-04-05T14:12:08","slug":"special-hundflytvast","status":"publish","type":"product","link":"https:\/\/baltic.se\/de\/produkt\/special-hundflytvast\/","title":{"rendered":"Special Hundflytv\u00e4st"},"content":{"rendered":"<ul>\n<li>L\u00e4mpar sig till tr\u00e4ning<\/li>\n<li>5\u00e5rs garanti<\/li>\n<li>Robust design<\/li>\n<li>Designad i Sverige<\/li>\n<li>Made in Europe<\/li>\n<\/ul>\n<p><\/p>\n<p>Avancerad flytv\u00e4st till hund som l\u00e4mpar sig t ex f\u00f6r tr\u00e4ning i bass\u00e4ng, rehab tr\u00e4ning eller sp\u00e5rs\u00f6kning. Skyddar hunden regn, vind och kyla. Supermjukt flytmaterial. Stark signalf\u00e4rg p\u00e5 ryggen. Reflexer p\u00e5 lyfthandtag och sidorna. D-ringar f\u00f6r anslutning till sele och koppel. Tv\u00e5 fickor f\u00f6r tr\u00e4ningstyngder eller f\u00f6rvaring. Robusta band med snabbjusteringssp\u00e4nnen g\u00f6r v\u00e4sten l\u00e4tt att ta av och p\u00e5.<\/p>\n","protected":false},"excerpt":{"rendered":"<p>Avancerad flytv\u00e4st till hund fr\u00e5n Baltic. Special l\u00e4mpar sig t ex f\u00f6r tr\u00e4ning i bass\u00e4ng, rehab tr\u00e4ning eller sp\u00e5rs\u00f6kning.<\/p>\n","protected":false},"featured_media":79303,"template":"","meta":{"_et_pb_use_builder":"","_et_pb_old_content":"","_et_gb_content_width":"","inline_featured_image":false},"product_brand":[],"product_cat":[116,92],"product_tag":[],"acf":[],"_links":{"self":[{"href":"https:\/\/baltic.se\/de\/wp-json\/wp\/v2\/product\/976"}],"collection":[{"href":"https:\/\/baltic.se\/de\/wp-json\/wp\/v2\/product"}],"about":[{"href":"https:\/\/baltic.se\/de\/wp-json\/wp\/v2\/types\/product"}],"wp:featuredmedia":[{"embeddable":true,"href":"https:\/\/baltic.se\/de\/wp-json\/wp\/v2\/media\/79303"}],"wp:attachment":[{"href":"https:\/\/baltic.se\/de\/wp-json\/wp\/v2\/media?parent=976"}],"wp:term":[{"taxonomy":"product_brand","embeddable":true,"href":"https:\/\/baltic.se\/de\/wp-json\/wp\/v2\/product_brand?post=976"},{"taxonomy":"product_cat","embeddable":true,"href":"https:\/\/baltic.se\/de\/wp-json\/wp\/v2\/product_cat?post=976"},{"taxonomy":"product_tag","embeddable":true,"href":"https:\/\/baltic.se\/de\/wp-json\/wp\/v2\/product_tag?post=976"}],"curies":[{"name":"wp","href":"https:\/\/api.w.org\/{rel}","templated":true}]}}