{"id":975,"date":"2021-03-18T22:15:23","date_gmt":"2021-03-18T21:15:23","guid":{"rendered":"https:\/\/baltic.se\/?post_type=product&#038;p=975"},"modified":"2026-04-19T06:12:47","modified_gmt":"2026-04-19T04:12:47","slug":"supreme-3-krok-sakerhetslina","status":"publish","type":"product","link":"https:\/\/baltic.se\/de\/produkt\/supreme-3-krok-sakerhetslina\/","title":{"rendered":"Supreme 3-Krok S\u00e4kerhetslina"},"content":{"rendered":"<ul>\n<li>F\u00f6r Segling<\/li>\n<\/ul>\n<p><\/p>\n<p><span>En s\u00e4kerhetslina tillsammans med s\u00e4kerhetssele eller flytv\u00e4st med integrerad s\u00e4kerhetssele \u00e4r ett bra s\u00e4tt att undvika att falla \u00f6verbord, eller om man faller \u00f6verbord kunna ta sig ombord igen.&nbsp;<\/span><\/p>\n<p><span>Baltic Supreme 3-krok \u00e4r en kraftig <\/span><span>elastisk s\u00e4kerhetslina i UV-stabiliserad polyamid<\/span><span>. F\u00f6rsedd med s\u00e4kerhetslina \u00f6verbelastningsindikator, denna visar om <\/span><span>linan varit utsatt f\u00f6r s\u00e5 h\u00e5rd belastning att linan skall bytas u<\/span>t. <span>Tre kraftiga karbinkrokar g\u00f6r det m\u00f6jligt att vara kopplad \u00e4ven under f\u00f6rflyttning<\/span><span>. <\/span><span>Specialkarbinkrokar i aluminium av bergsbekl\u00e4ttringskvalitet och design. Godk\u00e4nd f\u00f6r internationell havskappsegling enligt World Sailing OSR.<\/span><span> <\/span><span>L\u00e4ngd 2m. Baltics s\u00e4kerhetslinor \u00e4r godk\u00e4nda enligt EN ISO 12401:2009.<\/span><\/p>\n","protected":false},"excerpt":{"rendered":"<p>Elastisk lina i UV-stabiliserad polyamid fr\u00e5n Baltic. Specialkarbinkrokar i aluminium av bergsbekl\u00e4ttringskvalitet och design. <\/p>\n","protected":false},"featured_media":25377,"template":"","meta":{"_et_pb_use_builder":"","_et_pb_old_content":"","_et_gb_content_width":"","inline_featured_image":false},"product_brand":[],"product_cat":[298],"product_tag":[],"acf":[],"_links":{"self":[{"href":"https:\/\/baltic.se\/de\/wp-json\/wp\/v2\/product\/975"}],"collection":[{"href":"https:\/\/baltic.se\/de\/wp-json\/wp\/v2\/product"}],"about":[{"href":"https:\/\/baltic.se\/de\/wp-json\/wp\/v2\/types\/product"}],"wp:featuredmedia":[{"embeddable":true,"href":"https:\/\/baltic.se\/de\/wp-json\/wp\/v2\/media\/25377"}],"wp:attachment":[{"href":"https:\/\/baltic.se\/de\/wp-json\/wp\/v2\/media?parent=975"}],"wp:term":[{"taxonomy":"product_brand","embeddable":true,"href":"https:\/\/baltic.se\/de\/wp-json\/wp\/v2\/product_brand?post=975"},{"taxonomy":"product_cat","embeddable":true,"href":"https:\/\/baltic.se\/de\/wp-json\/wp\/v2\/product_cat?post=975"},{"taxonomy":"product_tag","embeddable":true,"href":"https:\/\/baltic.se\/de\/wp-json\/wp\/v2\/product_tag?post=975"}],"curies":[{"name":"wp","href":"https:\/\/api.w.org\/{rel}","templated":true}]}}