{"id":970,"date":"2021-03-18T22:15:12","date_gmt":"2021-03-18T21:15:12","guid":{"rendered":"https:\/\/baltic.se\/?post_type=product&#038;p=970"},"modified":"2026-04-07T14:13:26","modified_gmt":"2026-04-07T12:13:26","slug":"symmetric-3-krok-sakerhetslina","status":"publish","type":"product","link":"https:\/\/baltic.se\/de\/produkt\/symmetric-3-krok-sakerhetslina\/","title":{"rendered":"Symmetric 3-Krok S\u00e4kerhetslina"},"content":{"rendered":"<ul>\n<li>F\u00f6r Segling<\/li>\n<\/ul>\n<p><\/p>\n<p><span>En s\u00e4kerhetslina tillsammans med s\u00e4kerhetssele eller flytv\u00e4st med integrerad s\u00e4kerhetssele \u00e4r ett bra s\u00e4tt att undvika att falla \u00f6verbord, eller om man faller \u00f6verbord kunna ta sig ombord igen.&nbsp;<\/span><\/p>\n<p><span>Baltic Symmetric 3-krok \u00e4r en kraftig s\u00e4kerhetslina f\u00f6rsedd med \u00f6verbelastningsindikator, denna visar om&nbsp;linan varit utsatt f\u00f6r s\u00e5 h\u00e5rd belastning att linan skall bytas ut.&nbsp;Tre kraftiga karbinkrokar g\u00f6r det m\u00f6jligt att vara kopplad \u00e4ven under f\u00f6rflyttning.&nbsp;L\u00e4ngd 2m. Baltics s\u00e4kerhetslinor \u00e4r godk\u00e4nda enligt EN ISO 12401:2009.<\/span><\/p>\n","protected":false},"excerpt":{"rendered":"<p>Symmetrisk lina med tre kraftiga karbinkrokar som g\u00f6r det m\u00f6jligt att vara kopplad \u00e4ven under f\u00f6rflyttning. Med \u00f6verbelastningsindikator. L\u00e4ngd 2 m.<\/p>\n","protected":false},"featured_media":25367,"template":"","meta":{"_et_pb_use_builder":"","_et_pb_old_content":"","_et_gb_content_width":"","inline_featured_image":false},"product_brand":[],"product_cat":[298],"product_tag":[],"acf":[],"_links":{"self":[{"href":"https:\/\/baltic.se\/de\/wp-json\/wp\/v2\/product\/970"}],"collection":[{"href":"https:\/\/baltic.se\/de\/wp-json\/wp\/v2\/product"}],"about":[{"href":"https:\/\/baltic.se\/de\/wp-json\/wp\/v2\/types\/product"}],"wp:featuredmedia":[{"embeddable":true,"href":"https:\/\/baltic.se\/de\/wp-json\/wp\/v2\/media\/25367"}],"wp:attachment":[{"href":"https:\/\/baltic.se\/de\/wp-json\/wp\/v2\/media?parent=970"}],"wp:term":[{"taxonomy":"product_brand","embeddable":true,"href":"https:\/\/baltic.se\/de\/wp-json\/wp\/v2\/product_brand?post=970"},{"taxonomy":"product_cat","embeddable":true,"href":"https:\/\/baltic.se\/de\/wp-json\/wp\/v2\/product_cat?post=970"},{"taxonomy":"product_tag","embeddable":true,"href":"https:\/\/baltic.se\/de\/wp-json\/wp\/v2\/product_tag?post=970"}],"curies":[{"name":"wp","href":"https:\/\/api.w.org\/{rel}","templated":true}]}}