{"id":93325,"date":"2023-08-30T04:52:24","date_gmt":"2023-08-30T02:52:24","guid":{"rendered":"https:\/\/baltic.se\/?post_type=product&#038;p=93325"},"modified":"2026-04-15T04:46:52","modified_gmt":"2026-04-15T02:46:52","slug":"epiq-165-hammar-sele-flytvast","status":"publish","type":"product","link":"https:\/\/baltic.se\/de\/produkt\/epiq-165-hammar-sele-flytvast\/","title":{"rendered":"Epiq 165 Hammar sele flytv\u00e4st"},"content":{"rendered":"<ul>\n<li>F\u00f6r Segling<\/li>\n<li>\u00c5tervunnet material<\/li>\n<li>Automatisk Hammaruppbl\u00e5sning<\/li>\n<\/ul>\n<p><\/p>\n<p>Epiq E.I Hammar Sele \u00e4r en p\u00e5litlig uppbl\u00e5sbar flytv\u00e4st som kombinerar h\u00f6g s\u00e4kerhet med milj\u00f6v\u00e4nliga material. Den \u00e4r idealisk f\u00f6r segling, motorb\u00e5tar och andra professionella vattenaktiviteter, d\u00e4r trygghet och komfort \u00e4r avg\u00f6rande.<\/p>\n<p><strong>S\u00e4kerhet:<\/strong> Flytv\u00e4sten erbjuder en b\u00e4rkraft p\u00e5 165N och \u00e4r CE-certifierad, vilket garanterar den h\u00f6gsta s\u00e4kerhetsstandarden. Den \u00e4r utrustad med ett inspektionsf\u00f6nster f\u00f6r enkel kontroll av patronens laddning och funktion, samt ett l\u00f6stagbart grenband och en visselpipa f\u00f6r extra trygghet.<\/p>\n<p><strong>Passform och komfort:<\/strong> Den uppbl\u00e5sbara designen, tillsammans med mjuka och flexibla material, ger flytv\u00e4sten en ergonomisk passform. Den integrerade selen och den genomt\u00e4nkta designen s\u00e4kerst\u00e4ller att v\u00e4sten sitter bekv\u00e4mt \u00f6ver axlar och nacke, vilket g\u00f6r den perfekt f\u00f6r l\u00e4ngre vattenturer.<\/p>\n<p><strong>Tillverkning och kvalitet:<\/strong> Flytv\u00e4sten \u00e4r tillverkad i Europa enligt h\u00f6ga kvalitetsstandarder. Genom att anv\u00e4nda \u00e5tervunnet material av h\u00f6gsta kvalitet f\u00f6rb\u00e4ttrar vi din vattenupplevelse och st\u00e4rker v\u00e5rt \u00e5tagande f\u00f6r h\u00e5llbarhet och prestanda.<\/p>\n<p>Vill du l\u00e4sa mer om olika s\u00e4kerhetsklasser och typer av flytv\u00e4star kan du g\u00f6ra det&nbsp;<u>h\u00e4r<\/u>.<\/p>\n<p><strong>T\u00c4NK P\u00c5:<\/strong> En flytv\u00e4st \u00e4r ett viktigt s\u00e4kerhetshj\u00e4lpmedel som kan minska risken f\u00f6r drunkning, men den garanterar inte r\u00e4ddning. Anv\u00e4nd alltid flytv\u00e4sten korrekt och f\u00f6lj alla s\u00e4kerhetsinstruktioner.<\/p>\n","protected":false},"excerpt":{"rendered":"<p>Vi ut\u00f6kar E.I kollektionen med uppbl\u00e5sbara flytv\u00e4star! Epiq 165 hammar sele har en sportig look och \u00e4r en mycket bekv\u00e4m v\u00e4st tack vare med tex. mesh-foder i nacken och en l\u00e5g vikt. Yttertyget \u00e4r tillverkat i \u00e5tervunnet material. Hammar-utl\u00f6sningen g\u00f6r den l\u00e4mplig f\u00f6r segling i tuffa f\u00f6rh\u00e5llanden. <\/p>\n","protected":false},"featured_media":103529,"template":"","meta":{"_et_pb_use_builder":"","_et_pb_old_content":"","_et_gb_content_width":"","inline_featured_image":false},"product_brand":[],"product_cat":[876,770],"product_tag":[],"acf":[],"_links":{"self":[{"href":"https:\/\/baltic.se\/de\/wp-json\/wp\/v2\/product\/93325"}],"collection":[{"href":"https:\/\/baltic.se\/de\/wp-json\/wp\/v2\/product"}],"about":[{"href":"https:\/\/baltic.se\/de\/wp-json\/wp\/v2\/types\/product"}],"wp:featuredmedia":[{"embeddable":true,"href":"https:\/\/baltic.se\/de\/wp-json\/wp\/v2\/media\/103529"}],"wp:attachment":[{"href":"https:\/\/baltic.se\/de\/wp-json\/wp\/v2\/media?parent=93325"}],"wp:term":[{"taxonomy":"product_brand","embeddable":true,"href":"https:\/\/baltic.se\/de\/wp-json\/wp\/v2\/product_brand?post=93325"},{"taxonomy":"product_cat","embeddable":true,"href":"https:\/\/baltic.se\/de\/wp-json\/wp\/v2\/product_cat?post=93325"},{"taxonomy":"product_tag","embeddable":true,"href":"https:\/\/baltic.se\/de\/wp-json\/wp\/v2\/product_tag?post=93325"}],"curies":[{"name":"wp","href":"https:\/\/api.w.org\/{rel}","templated":true}]}}