{"id":750,"date":"2021-03-18T14:02:47","date_gmt":"2021-03-18T13:02:47","guid":{"rendered":"https:\/\/baltic.se\/?post_type=product&#038;p=750"},"modified":"2026-04-05T00:04:52","modified_gmt":"2026-04-04T22:04:52","slug":"pluto-hundflytvast","status":"publish","type":"product","link":"https:\/\/baltic.se\/de\/produkt\/pluto-hundflytvast\/","title":{"rendered":"Pluto Hundflytv\u00e4st"},"content":{"rendered":"<ul>\n<li>Smidig, genomt\u00e4nkt och s\u00e4ker<\/li>\n<li>Olika storlekar 0 \u2013 50 kg<\/li>\n<li>Smidig p\u00e5- och avtagning<\/li>\n<li>Reflexer f\u00f6r \u00f6kad synbarhet<\/li>\n<li>B\u00e4rhandtag p\u00e5 ryggen<\/li>\n<li>5 \u00e5rs garanti<\/li>\n<li>Bl\u00e5, orange, rosa<\/li>\n<\/ul>\n<p><\/p>\n<p>Hundflytv\u00e4st Pluto \u00e4r en Baltic f\u00f6r v\u00e5ra fyrbenta v\u00e4nner, med allt vad det inneb\u00e4r av komfort och kompromissl\u00f6s funktion. Pluto \u00e4r bekv\u00e4m med lyfthandtag p\u00e5 ryggen, kraftiga band och sk\u00f6nt skydd mot kyla och v\u00e4rme. S\u00e4kerheten finns inbyggd i kraftfulla reflexer, snabbsp\u00e4nnen och D-ring f\u00f6r anslutning till koppel. Baltic Pluto \u00e4r prisv\u00e4rd hundflytv\u00e4st och finns i en m\u00e4ngd storlekar fr\u00e5n kn\u00e4hundar till stora hundar p\u00e5 50 kg. S\u00e4rskilt popul\u00e4r \u00e4r Pluto som rosa hundflytv\u00e4st.<\/p>\n","protected":false},"excerpt":{"rendered":"<p>Bekv\u00e4m flytv\u00e4st f\u00f6r sm\u00e5 och stora hundar till 50 kg. Skyddar mot kyla\/v\u00e4rme. Kompromissl\u00f6s Baltic-konstruktion \u2013 reflexer, lyfthandtag och snabbsp\u00e4nnen. <\/p>\n","protected":false},"featured_media":25302,"template":"","meta":{"_et_pb_use_builder":"","_et_pb_old_content":"","_et_gb_content_width":"","inline_featured_image":false},"product_brand":[],"product_cat":[116,92],"product_tag":[],"acf":[],"_links":{"self":[{"href":"https:\/\/baltic.se\/de\/wp-json\/wp\/v2\/product\/750"}],"collection":[{"href":"https:\/\/baltic.se\/de\/wp-json\/wp\/v2\/product"}],"about":[{"href":"https:\/\/baltic.se\/de\/wp-json\/wp\/v2\/types\/product"}],"wp:featuredmedia":[{"embeddable":true,"href":"https:\/\/baltic.se\/de\/wp-json\/wp\/v2\/media\/25302"}],"wp:attachment":[{"href":"https:\/\/baltic.se\/de\/wp-json\/wp\/v2\/media?parent=750"}],"wp:term":[{"taxonomy":"product_brand","embeddable":true,"href":"https:\/\/baltic.se\/de\/wp-json\/wp\/v2\/product_brand?post=750"},{"taxonomy":"product_cat","embeddable":true,"href":"https:\/\/baltic.se\/de\/wp-json\/wp\/v2\/product_cat?post=750"},{"taxonomy":"product_tag","embeddable":true,"href":"https:\/\/baltic.se\/de\/wp-json\/wp\/v2\/product_tag?post=750"}],"curies":[{"name":"wp","href":"https:\/\/api.w.org\/{rel}","templated":true}]}}