{"id":391,"date":"2021-03-11T22:02:27","date_gmt":"2021-03-11T21:02:27","guid":{"rendered":"https:\/\/baltic.se\/?post_type=product&#038;p=391"},"modified":"2026-04-12T04:12:09","modified_gmt":"2026-04-12T02:12:09","slug":"stinger","status":"publish","type":"product","link":"https:\/\/baltic.se\/de\/produkt\/stinger\/","title":{"rendered":"Stinger Flytv\u00e4st"},"content":{"rendered":"<ul>\n<li>F\u00f6r vattensport<\/li>\n<li>D-ring f\u00f6r d\u00f6dmansgrepp<\/li>\n<li>Handtag f\u00f6r passagerare<\/li>\n<\/ul>\n<p><\/p>\n<p>Stinger flytv\u00e4st \u00e4r perfekt f\u00f6r dig som gillar vattensporter. Den erbjuder b\u00e5de s\u00e4kerhet och komfort f\u00f6r att g\u00f6ra dina vatten\u00e4ventyr s\u00e5 bra som m\u00f6jligt.<\/p>\n<p><strong>S\u00e4kerhet:<\/strong> Med en flytkraft p\u00e5 50N \u00e4r denna v\u00e4st ett bra val f\u00f6r simkunniga \u00f6ver 25 kg. Flytkraften \u00e4r j\u00e4mnt f\u00f6rdelad mellan fram- och baksidan, vilket ger bra flyt. V\u00e4sten saknar krage f\u00f6r huvudst\u00f6d, s\u00e5 den kan inte garantera att en medvetsl\u00f6s person v\u00e4nds till ryggl\u00e4ge. CE-m\u00e4rkt och uppfyller strikta s\u00e4kerhetsstandarder f\u00f6r din trygghet.<\/p>\n<p><strong>Passform och komfort:<\/strong> Flytv\u00e4sten \u00e4r b\u00e5de bekv\u00e4m och justerbar. Handtag p\u00e5 br\u00f6stet g\u00f6r det l\u00e4ttare att f\u00e5 ett bra grepp, och fickan med dragkedja \u00e4r praktisk f\u00f6r sm\u00e5saker. Justerbara band ser till att v\u00e4sten sitter bra, och grenband samt visselpipa kan l\u00e4ggas till f\u00f6r extra s\u00e4kerhet.<\/p>\n<p><strong>Tillverkning och kvalitet: <\/strong>Stinger \u00e4r tillverkad i Europa och \u00e4r byggd f\u00f6r att st\u00e5 emot tuffa f\u00f6rh\u00e5llanden och ge p\u00e5litlig prestanda under alla dina vatten\u00e4ventyr.<\/p>\n<p><strong>T\u00c4NK P\u00c5:<\/strong> En flytv\u00e4st \u00e4r ett viktigt s\u00e4kerhetshj\u00e4lpmedel som kan minska risken f\u00f6r drunkning, men den garanterar inte r\u00e4ddning. Anv\u00e4nd alltid flytv\u00e4sten korrekt och f\u00f6lj alla s\u00e4kerhetsinstruktioner.<\/p>\n","protected":false},"excerpt":{"rendered":"<p>Flytv\u00e4sten Stinger fr\u00e5n Baltic passar bra till vattenskidor och vattenskoter. Bra passform, kraftiga handtag, dragkedja samt midjeband med snabbsp\u00e4nne. <\/p>\n","protected":false},"featured_media":25241,"template":"","meta":{"_et_pb_use_builder":"off","_et_pb_old_content":"Flytv\u00e4st utvecklad f\u00f6r vattensport. Kraftiga handtag p\u00e5 br\u00f6stet f\u00f6r passagerare att h\u00e5lla fast sig i. Reflex p\u00e5 axlarna. Utv\u00e4ndig ficka med dragkedja. Dragkedja i fronten och midjeband med snabbsp\u00e4nne. Grenband och visselpipa som tillval. 50N b\u00e4rf\u00f6rm\u00e5ga och klassas d\u00e4r med som ett flythj\u00e4lpmedel. De flytv\u00e4star som har en b\u00e4rf\u00f6rm\u00e5ga p\u00e5 50 Newton, ibland kallade seglarv\u00e4star, har ett n\u00e5got enklare utf\u00f6rande \u00e4n r\u00e4ddningsv\u00e4star. En 50N flytv\u00e4st h\u00e5ller dig flytande med god marginal men saknar krage f\u00f6r st\u00f6ttning av huvudet. Den har flytkraften j\u00e4mnare f\u00f6rdelad mellan fram- och baksida och garanterar d\u00e4rf\u00f6r inte att v\u00e4nda en medvetsl\u00f6s person till ryggl\u00e4ge. 50N flytv\u00e4st rekommenderas d\u00e4rf\u00f6r till simkunniga personer som v\u00e4ger minst 25kg.\r\n<ul>\r\n \t<li>5\u00e5rs garanti<\/li>\r\n \t<li>Utvecklad f\u00f6r vattensport<\/li>\r\n \t<li>D-ring f\u00f6r d\u00f6dmansgrepp<\/li>\r\n \t<li>Designad i Sverige<\/li>\r\n \t<li>Made in Europe<\/li>\r\n<\/ul>","_et_gb_content_width":"","inline_featured_image":false},"product_brand":[],"product_cat":[80,878,90,733],"product_tag":[],"acf":[],"_links":{"self":[{"href":"https:\/\/baltic.se\/de\/wp-json\/wp\/v2\/product\/391"}],"collection":[{"href":"https:\/\/baltic.se\/de\/wp-json\/wp\/v2\/product"}],"about":[{"href":"https:\/\/baltic.se\/de\/wp-json\/wp\/v2\/types\/product"}],"wp:featuredmedia":[{"embeddable":true,"href":"https:\/\/baltic.se\/de\/wp-json\/wp\/v2\/media\/25241"}],"wp:attachment":[{"href":"https:\/\/baltic.se\/de\/wp-json\/wp\/v2\/media?parent=391"}],"wp:term":[{"taxonomy":"product_brand","embeddable":true,"href":"https:\/\/baltic.se\/de\/wp-json\/wp\/v2\/product_brand?post=391"},{"taxonomy":"product_cat","embeddable":true,"href":"https:\/\/baltic.se\/de\/wp-json\/wp\/v2\/product_cat?post=391"},{"taxonomy":"product_tag","embeddable":true,"href":"https:\/\/baltic.se\/de\/wp-json\/wp\/v2\/product_tag?post=391"}],"curies":[{"name":"wp","href":"https:\/\/api.w.org\/{rel}","templated":true}]}}