{"id":388,"date":"2021-03-11T22:02:25","date_gmt":"2021-03-11T21:02:25","guid":{"rendered":"https:\/\/baltic.se\/?post_type=product&#038;p=388"},"modified":"2026-04-04T14:06:42","modified_gmt":"2026-04-04T12:06:42","slug":"paddler-flytvast","status":"publish","type":"product","link":"https:\/\/baltic.se\/de\/produkt\/paddler-flytvast\/","title":{"rendered":"Paddler Flytv\u00e4st"},"content":{"rendered":"<ul>\n<li>Flera storlekar<\/li>\n<li>Br\u00f6stficka<\/li>\n<\/ul>\n<p><\/p>\n<p>Paddler flytv\u00e4st \u00e4r ett bekv\u00e4mt och m\u00e5ngsidigt val f\u00f6r nyb\u00f6rjare och fritidspaddlare. Den passar perfekt f\u00f6r b\u00e5de hav och sj\u00f6, och fungerar \u00e4ven som extra skydd vid b\u00e5tliv och strandaktiviteter.<\/p>\n<p><strong>S\u00e4kerhet:<\/strong> Paddler \u00e4r CE-m\u00e4rkt och har en flytkraft p\u00e5 50N, vilket g\u00f6r den l\u00e4mplig f\u00f6r simkunniga personer som v\u00e4ger minst 25 kg. Flytkraften \u00e4r j\u00e4mnt f\u00f6rdelad mellan fram- och baksidan, vilket ger stabilitet men garanterar inte att en medvetsl\u00f6s person automatiskt v\u00e4nds till ryggl\u00e4ge. Flytv\u00e4sten \u00e4r utrustad med grenband och en praktisk dragkedja framtill f\u00f6r en s\u00e4ker och enkel passform.<\/p>\n<p><strong>Passform och komfort: <\/strong>Med sin onesize-design och res\u00e5r i axlarna erbjuder Paddler b\u00e5de flexibilitet och r\u00f6relsefrihet. Den \u00e4r l\u00e4tt och bekv\u00e4m att b\u00e4ra under l\u00e4ngre turer, och passar olika kroppstyper, vilket g\u00f6r den till ett bra val f\u00f6r familjer eller grupper som delar utrustning.<\/p>\n<p><strong>Tillverkning och kvalitet: <\/strong>Flytv\u00e4sten \u00e4r tillverkad i Europa enligt h\u00f6ga kvalitetsstandarder och erbjuder b\u00e5de h\u00e5llbarhet och p\u00e5litlighet. Den \u00e4r idealisk f\u00f6r lugnare vattenaktiviteter och ger trygghet b\u00e5de p\u00e5 och n\u00e4ra vattnet.<\/p>\n<p><strong>T\u00c4NK P\u00c5:<\/strong> En flytv\u00e4st \u00e4r ett viktigt s\u00e4kerhetshj\u00e4lpmedel som kan minska risken f\u00f6r drunkning, men den garanterar inte r\u00e4ddning. Anv\u00e4nd alltid flytv\u00e4sten korrekt och f\u00f6lj alla s\u00e4kerhetsinstruktioner.<\/p>\n","protected":false},"excerpt":{"rendered":"<p>Flytv\u00e4sten Paddler fr\u00e5n Baltic \u00e4r utvecklad f\u00f6r paddling. L\u00e4tt p\u00e5- och avtagning, smidig och finns tillg\u00e4nglig i tre storlekar.   <\/p>\n","protected":false},"featured_media":25561,"template":"","meta":{"_et_pb_use_builder":"","_et_pb_old_content":"","_et_gb_content_width":"","inline_featured_image":false},"product_brand":[],"product_cat":[80,710,711,90],"product_tag":[],"acf":[],"_links":{"self":[{"href":"https:\/\/baltic.se\/de\/wp-json\/wp\/v2\/product\/388"}],"collection":[{"href":"https:\/\/baltic.se\/de\/wp-json\/wp\/v2\/product"}],"about":[{"href":"https:\/\/baltic.se\/de\/wp-json\/wp\/v2\/types\/product"}],"wp:featuredmedia":[{"embeddable":true,"href":"https:\/\/baltic.se\/de\/wp-json\/wp\/v2\/media\/25561"}],"wp:attachment":[{"href":"https:\/\/baltic.se\/de\/wp-json\/wp\/v2\/media?parent=388"}],"wp:term":[{"taxonomy":"product_brand","embeddable":true,"href":"https:\/\/baltic.se\/de\/wp-json\/wp\/v2\/product_brand?post=388"},{"taxonomy":"product_cat","embeddable":true,"href":"https:\/\/baltic.se\/de\/wp-json\/wp\/v2\/product_cat?post=388"},{"taxonomy":"product_tag","embeddable":true,"href":"https:\/\/baltic.se\/de\/wp-json\/wp\/v2\/product_tag?post=388"}],"curies":[{"name":"wp","href":"https:\/\/api.w.org\/{rel}","templated":true}]}}