{"id":386,"date":"2021-03-11T22:02:23","date_gmt":"2021-03-11T21:02:23","guid":{"rendered":"https:\/\/baltic.se\/?post_type=product&#038;p=386"},"modified":"2026-04-11T02:06:14","modified_gmt":"2026-04-11T00:06:14","slug":"radial-flytvast","status":"publish","type":"product","link":"https:\/\/baltic.se\/de\/produkt\/radial-flytvast\/","title":{"rendered":"Radial Flytv\u00e4st"},"content":{"rendered":"<ul>\n<li>Justerbar passform<\/li>\n<\/ul>\n<p><\/p>\n<p>Radial flytv\u00e4st \u00e4r resultatet av v\u00e5rt engagemang f\u00f6r s\u00e4kerhet och h\u00f6g kvalitet. Designad f\u00f6r att ge b\u00e5de trygghet och r\u00f6relsefrihet p\u00e5 vattnet, oavsett om du f\u00f6r paddlar p\u00e5 havet eller i en sj\u00f6.<\/p>\n<p><strong>S\u00e4kerhet<\/strong>: Flytv\u00e4sten erbjuder en flexibel och bekv\u00e4m l\u00f6sning med sex justeringsm\u00f6jligheter: tv\u00e5 p\u00e5 varje sida samt p\u00e5 axlarna. Den \u00e4r utrustad med res\u00e5r i sidpartierna och grenband f\u00f6r \u00f6kad s\u00e4kerhet. Minsta storleken har dubbla grenband. Med en b\u00e4rkraft p\u00e5 50N \u00e4r den ett p\u00e5litligt flythj\u00e4lpmedel f\u00f6r anv\u00e4ndare som v\u00e4ger mellan 30\u201390+ kg. CE-m\u00e4rkningen garanterar att v\u00e4sten uppfyller h\u00f6gsta standarder f\u00f6r kvalitet och s\u00e4kerhet. Observera att v\u00e4sten inte garanterar automatisk v\u00e4ndning till ryggl\u00e4ge f\u00f6r en medvetsl\u00f6s person.<\/p>\n<p><strong>Passform och komfort<\/strong>: Modellen \u00e4r perfekt f\u00f6r simkunniga personer som f\u00f6redrar en smidig och bekv\u00e4m flytv\u00e4st utan krage. Den erbjuder sex justeringsm\u00f6jligheter f\u00f6r en individuell passform och \u00e4r utrustad med neoprenskydd \u00f6ver axelremmarna f\u00f6r att minimera risken f\u00f6r skav. Reflexpiping p\u00e5 framsidan \u00f6kar synligheten i alla ljusf\u00f6rh\u00e5llanden.<\/p>\n<p><strong>Tillverkning och kvalitet<\/strong>: Tillverkad med h\u00f6ga kvalitetsstandarder i Europa f\u00f6r att s\u00e4kerst\u00e4lla utm\u00e4rkt produktkvalitet och s\u00e4kerhet.<\/p>\n<p><strong>T\u00c4NK P\u00c5:<\/strong> En flytv\u00e4st \u00e4r ett viktigt s\u00e4kerhetshj\u00e4lpmedel som kan minska risken f\u00f6r drunkning, men den garanterar inte r\u00e4ddning. Anv\u00e4nd alltid flytv\u00e4sten korrekt och f\u00f6lj alla s\u00e4kerhetsinstruktioner.<\/p>\n","protected":false},"excerpt":{"rendered":"<p>Flytv\u00e4sten Radial fr\u00e5n Baltic \u00e4r en sk\u00f6n och flexibel flytv\u00e4st med 6 stycken justeringsm\u00f6jligheter. Dess utformning ger anv\u00e4ndaren god r\u00f6relsef\u00f6rm\u00e5ga och passar till paddling<\/p>\n","protected":false},"featured_media":25545,"template":"","meta":{"_et_pb_use_builder":"","_et_pb_old_content":"","_et_gb_content_width":"","inline_featured_image":false},"product_brand":[],"product_cat":[80,91,710,90,770],"product_tag":[],"acf":[],"_links":{"self":[{"href":"https:\/\/baltic.se\/de\/wp-json\/wp\/v2\/product\/386"}],"collection":[{"href":"https:\/\/baltic.se\/de\/wp-json\/wp\/v2\/product"}],"about":[{"href":"https:\/\/baltic.se\/de\/wp-json\/wp\/v2\/types\/product"}],"wp:featuredmedia":[{"embeddable":true,"href":"https:\/\/baltic.se\/de\/wp-json\/wp\/v2\/media\/25545"}],"wp:attachment":[{"href":"https:\/\/baltic.se\/de\/wp-json\/wp\/v2\/media?parent=386"}],"wp:term":[{"taxonomy":"product_brand","embeddable":true,"href":"https:\/\/baltic.se\/de\/wp-json\/wp\/v2\/product_brand?post=386"},{"taxonomy":"product_cat","embeddable":true,"href":"https:\/\/baltic.se\/de\/wp-json\/wp\/v2\/product_cat?post=386"},{"taxonomy":"product_tag","embeddable":true,"href":"https:\/\/baltic.se\/de\/wp-json\/wp\/v2\/product_tag?post=386"}],"curies":[{"name":"wp","href":"https:\/\/api.w.org\/{rel}","templated":true}]}}