{"id":382,"date":"2021-03-11T22:02:20","date_gmt":"2021-03-11T21:02:20","guid":{"rendered":"https:\/\/baltic.se\/?post_type=product&#038;p=382"},"modified":"2026-04-11T02:05:22","modified_gmt":"2026-04-11T00:05:22","slug":"extreme-flytvast","status":"publish","type":"product","link":"https:\/\/baltic.se\/de\/produkt\/extreme-flytvast\/","title":{"rendered":"Extreme Flytv\u00e4st"},"content":{"rendered":"<ul>\n<li>Br\u00f6stficka<\/li>\n<li>Kortare modell<\/li>\n<\/ul>\n<p><\/p>\n<p>F\u00f6r den aktiva jolleseglaren och kajakpaddlaren \u00e4r Extreme flytv\u00e4st det sj\u00e4lvklara valet. Den \u00e4r designad f\u00f6r att ge smidighet, komfort och s\u00e4kerhet f\u00f6r alla dina vatten\u00e4ventyr.<\/p>\n<p><strong>S\u00e4kerhet:<\/strong> Med en b\u00e4rf\u00f6rm\u00e5ga p\u00e5 50N och CE-m\u00e4rkning uppfyller Extreme flytv\u00e4st str\u00e4nga s\u00e4kerhetsstandarder och garanterar trygghet vid jollesegling och kajakpaddling. Den ergonomiska designen och l\u00e4tta vikten m\u00f6jligg\u00f6r optimal r\u00f6relsefrihet, vilket \u00e4r avg\u00f6rande f\u00f6r att snabbt kunna vrida huvudet och h\u00e5lla uppsikt.<\/p>\n<p><strong>Passform och komfort:<\/strong> V\u00e4sten \u00e4r designad f\u00f6r att vara b\u00e5de bekv\u00e4m och justerbar. Mjuka material och mesh-kl\u00e4dd rygg ger h\u00f6g komfort i alla f\u00f6rh\u00e5llanden. Justerbara remmar med neopren s\u00e4kerst\u00e4ller en perfekt passform. Br\u00f6stficka med dragkedja och ryggficka f\u00f6r vattenflaskor erbjuder b\u00e5de praktisk f\u00f6rvaring och \u00f6kad sikt.<\/p>\n<p><strong>Tillverkning och kvalitet:<\/strong> Flytv\u00e4sten \u00e4r tillverkad i Europa och erbjuder h\u00f6gsta kvalitet och l\u00e5ngvarig h\u00e5llbarhet. Den \u00e4r konstruerad f\u00f6r att st\u00e5 emot kr\u00e4vande f\u00f6rh\u00e5llanden och garanterar p\u00e5litlig prestanda under alla dina vattenaktiviteter.<\/p>\n<p><strong>T\u00c4NK P\u00c5:<\/strong> En flytv\u00e4st \u00e4r ett viktigt s\u00e4kerhetshj\u00e4lpmedel som kan minska risken f\u00f6r drunkning, men den garanterar inte r\u00e4ddning. Anv\u00e4nd alltid flytv\u00e4sten korrekt och f\u00f6lj alla s\u00e4kerhetsinstruktioner.<\/p>\n","protected":false},"excerpt":{"rendered":"<p>Extreme \u00e4r v\u00e5r moderna flytv\u00e4st f\u00f6r jollesegling. H\u00e4r f\u00e5r du perfekt passform och god r\u00f6relsefrihet f\u00f6r en aktiv seglare eller kajakpaddlare.<\/p>\n","protected":false},"featured_media":25233,"template":"","meta":{"_et_pb_use_builder":"","_et_pb_old_content":"","_et_gb_content_width":"","inline_featured_image":false},"product_brand":[],"product_cat":[80,112,90],"product_tag":[],"acf":[],"_links":{"self":[{"href":"https:\/\/baltic.se\/de\/wp-json\/wp\/v2\/product\/382"}],"collection":[{"href":"https:\/\/baltic.se\/de\/wp-json\/wp\/v2\/product"}],"about":[{"href":"https:\/\/baltic.se\/de\/wp-json\/wp\/v2\/types\/product"}],"wp:featuredmedia":[{"embeddable":true,"href":"https:\/\/baltic.se\/de\/wp-json\/wp\/v2\/media\/25233"}],"wp:attachment":[{"href":"https:\/\/baltic.se\/de\/wp-json\/wp\/v2\/media?parent=382"}],"wp:term":[{"taxonomy":"product_brand","embeddable":true,"href":"https:\/\/baltic.se\/de\/wp-json\/wp\/v2\/product_brand?post=382"},{"taxonomy":"product_cat","embeddable":true,"href":"https:\/\/baltic.se\/de\/wp-json\/wp\/v2\/product_cat?post=382"},{"taxonomy":"product_tag","embeddable":true,"href":"https:\/\/baltic.se\/de\/wp-json\/wp\/v2\/product_tag?post=382"}],"curies":[{"name":"wp","href":"https:\/\/api.w.org\/{rel}","templated":true}]}}