{"id":380,"date":"2021-03-11T22:02:19","date_gmt":"2021-03-11T21:02:19","guid":{"rendered":"https:\/\/baltic.se\/?post_type=product&#038;p=380"},"modified":"2026-04-03T18:04:09","modified_gmt":"2026-04-03T16:04:09","slug":"aqua-flytvast","status":"publish","type":"product","link":"https:\/\/baltic.se\/de\/produkt\/aqua-flytvast\/","title":{"rendered":"Aqua Flytv\u00e4st"},"content":{"rendered":"<ul>\n<li>Allround <\/li>\n<\/ul>\n<p><\/p>\n<p>Baltic Aqua flytv\u00e4st kombinerar s\u00e4kerhet, h\u00f6g kvalitet och h\u00e5llbara detaljer f\u00f6r att erbjuda en smidig seglarv\u00e4st med optimal passform. Perfekt f\u00f6r lugnare vatten eller som extrav\u00e4st i b\u00e5ten och p\u00e5 landet.<\/p>\n<p><strong>S\u00e4kerhet:<\/strong> Flytv\u00e4sten \u00e4r CE-m\u00e4rkt och uppfyller strikta s\u00e4kerhetskrav. Med en b\u00e4rkraft p\u00e5 50N (30\u201390+ kg) klassas Aqua som ett flythj\u00e4lpmedel och passar simkunniga personer som k\u00e4nner sig trygga p\u00e5 sj\u00f6n. Den kragfria designen \u00f6kar r\u00f6relsefriheten och \u00e4r perfekt f\u00f6r l\u00e5nga turer p\u00e5 vattnet. V\u00e4lj till grenband och visselpipa f\u00f6r extra s\u00e4kerhet.<\/p>\n<p><strong>Passform och komfort:<\/strong> Denna seglarv\u00e4st har ett kraftigt midjeband och res\u00e5r f\u00f6r en perfekt passform. Enkel att justera med snabbsp\u00e4nne och knytband, vilket g\u00f6r den b\u00e5de praktisk och bekv\u00e4m. Den kragfria designen g\u00f6r v\u00e4sten extra smidig att b\u00e4ra.<\/p>\n<p><strong>Tillverkning och kvalitet:<\/strong> Baltic Aqua flytv\u00e4st \u00e4r tillverkad i Europa enligt h\u00f6ga kvalitetsstandarder. Varje detalj \u00e4r noggrant utformad f\u00f6r h\u00e5llbarhet och l\u00e5ngvarig anv\u00e4ndning.<\/p>\n<p><strong>T\u00c4NK P\u00c5:<\/strong> En flytv\u00e4st \u00e4r ett viktigt s\u00e4kerhetshj\u00e4lpmedel som kan minska risken f\u00f6r drunkning, men den garanterar inte r\u00e4ddning. Anv\u00e4nd alltid flytv\u00e4sten korrekt och f\u00f6lj alla s\u00e4kerhetsinstruktioner.<\/p>\n","protected":false},"excerpt":{"rendered":"<p>Baltic Aqua \u2013 Den perfekta extrav\u00e4sten, fortfarande med  kompromissl\u00f6s kvalitet. En smidig och enkel flytv\u00e4st med 50N flytkraft f\u00f6r simkunniga \u00f6ver 25 kg. <\/p>\n","protected":false},"featured_media":25189,"template":"","meta":{"_et_pb_use_builder":"","_et_pb_old_content":"","_et_gb_content_width":"","inline_featured_image":false},"product_brand":[],"product_cat":[80,86,112,90],"product_tag":[],"acf":[],"_links":{"self":[{"href":"https:\/\/baltic.se\/de\/wp-json\/wp\/v2\/product\/380"}],"collection":[{"href":"https:\/\/baltic.se\/de\/wp-json\/wp\/v2\/product"}],"about":[{"href":"https:\/\/baltic.se\/de\/wp-json\/wp\/v2\/types\/product"}],"wp:featuredmedia":[{"embeddable":true,"href":"https:\/\/baltic.se\/de\/wp-json\/wp\/v2\/media\/25189"}],"wp:attachment":[{"href":"https:\/\/baltic.se\/de\/wp-json\/wp\/v2\/media?parent=380"}],"wp:term":[{"taxonomy":"product_brand","embeddable":true,"href":"https:\/\/baltic.se\/de\/wp-json\/wp\/v2\/product_brand?post=380"},{"taxonomy":"product_cat","embeddable":true,"href":"https:\/\/baltic.se\/de\/wp-json\/wp\/v2\/product_cat?post=380"},{"taxonomy":"product_tag","embeddable":true,"href":"https:\/\/baltic.se\/de\/wp-json\/wp\/v2\/product_tag?post=380"}],"curies":[{"name":"wp","href":"https:\/\/api.w.org\/{rel}","templated":true}]}}