{"id":376,"date":"2021-03-11T22:02:13","date_gmt":"2021-03-11T21:02:13","guid":{"rendered":"https:\/\/baltic.se\/?post_type=product&#038;p=376"},"modified":"2026-04-19T08:03:14","modified_gmt":"2026-04-19T06:03:14","slug":"ocean-sele-flytvast","status":"publish","type":"product","link":"https:\/\/baltic.se\/de\/produkt\/ocean-sele-flytvast\/","title":{"rendered":"Ocean Sele Flytv\u00e4st"},"content":{"rendered":"<ul>\n<li>Allround <\/li>\n<li>Integrerad sele<\/li>\n<li>Barnstorlekar<\/li>\n<\/ul>\n<p><\/p>\n<p>Baltic Ocean Sele \u00e4r en kompromissl\u00f6s r\u00e4ddningsv\u00e4st f\u00f6r barn 3\u201340 kg, designad f\u00f6r att erbjuda b\u00e5de maximal s\u00e4kerhet och komfort p\u00e5 vattnet.<\/p>\n<p><strong>S\u00e4kerhet:<\/strong> V\u00e4sten har en b\u00e4rf\u00f6rm\u00e5ga p\u00e5 100N och \u00e4r utrustad med en CE-godk\u00e4nd sele med D-ring i rostfritt st\u00e5l (f\u00e4ste f\u00f6r s\u00e4kerhetslina b\u00e5de fram och bak, bak endast f\u00f6r storlek 3\u201315 kg). Flytv\u00e4sten \u00e4r designad f\u00f6r att hj\u00e4lpa till att h\u00e5lla barnet i ryggl\u00e4ge och luftv\u00e4garna \u00f6ver vattenytan. V\u00e4sten har ocks\u00e5 reflexer, visselpipa och grenband f\u00f6r \u00f6kad synlighet och s\u00e4kerhet.<\/p>\n<p><strong>Passform:<\/strong> V\u00e4sten \u00e4r designad f\u00f6r att sitta bra p\u00e5 barnet. F\u00f6r storlekarna 3\u201315 kg finns ett smidigt handtag bakom kragen, extra bekv\u00e4mt grenband och dubbla f\u00e4sten som h\u00e5ller v\u00e4sten p\u00e5 plats under alla aktiviteter. Den justerbara designen ger full r\u00f6relsefrihet och h\u00f6g komfort.<\/p>\n<p><strong>Tillverkning och kvalitet:<\/strong> Tillverkad i Europa med h\u00f6gkvalitativa material som s\u00e4kerst\u00e4ller b\u00e5de l\u00e5ngvarig h\u00e5llbarhet och optimal komfort f\u00f6r barnet under alla vatten\u00e4ventyr.<\/p>\n<p><strong>T\u00c4NK P\u00c5:<\/strong> En flytv\u00e4st \u00e4r ett viktigt s\u00e4kerhetshj\u00e4lpmedel som kan minska risken f\u00f6r drunkning, men den garanterar inte r\u00e4ddning. Anv\u00e4nd alltid flytv\u00e4sten korrekt och f\u00f6lj alla s\u00e4kerhetsinstruktioner.<\/p>\n","protected":false},"excerpt":{"rendered":"<p>R\u00e4ddningsv\u00e4st f\u00f6r barn och juniorer. Inbyggd CE-godk\u00e4nd sele f\u00f6r s\u00e4kerhetslina. Kompromissl\u00f6s Baltic-konstruktion f\u00f6r maximal s\u00e4kerhet f\u00f6r barn.  <\/p>\n","protected":false},"featured_media":25300,"template":"","meta":{"_et_pb_use_builder":"","_et_pb_old_content":"","_et_gb_content_width":"","inline_featured_image":false},"product_brand":[],"product_cat":[77,91,112],"product_tag":[],"acf":[],"_links":{"self":[{"href":"https:\/\/baltic.se\/de\/wp-json\/wp\/v2\/product\/376"}],"collection":[{"href":"https:\/\/baltic.se\/de\/wp-json\/wp\/v2\/product"}],"about":[{"href":"https:\/\/baltic.se\/de\/wp-json\/wp\/v2\/types\/product"}],"wp:featuredmedia":[{"embeddable":true,"href":"https:\/\/baltic.se\/de\/wp-json\/wp\/v2\/media\/25300"}],"wp:attachment":[{"href":"https:\/\/baltic.se\/de\/wp-json\/wp\/v2\/media?parent=376"}],"wp:term":[{"taxonomy":"product_brand","embeddable":true,"href":"https:\/\/baltic.se\/de\/wp-json\/wp\/v2\/product_brand?post=376"},{"taxonomy":"product_cat","embeddable":true,"href":"https:\/\/baltic.se\/de\/wp-json\/wp\/v2\/product_cat?post=376"},{"taxonomy":"product_tag","embeddable":true,"href":"https:\/\/baltic.se\/de\/wp-json\/wp\/v2\/product_tag?post=376"}],"curies":[{"name":"wp","href":"https:\/\/api.w.org\/{rel}","templated":true}]}}