{"id":359,"date":"2021-03-11T22:01:49","date_gmt":"2021-03-11T21:01:49","guid":{"rendered":"https:\/\/baltic.se\/?post_type=product&#038;p=359"},"modified":"2026-04-19T06:02:22","modified_gmt":"2026-04-19T04:02:22","slug":"skipper-flytvast","status":"publish","type":"product","link":"https:\/\/baltic.se\/de\/produkt\/skipper-flytvast\/","title":{"rendered":"Skipper flytv\u00e4st"},"content":{"rendered":"<ul>\n<li>Allround <\/li>\n<li>Barnstorlekar<\/li>\n<\/ul>\n<p><\/p>\n<p>Skipper \u00e4r en trygg och bekv\u00e4m r\u00e4ddningsv\u00e4st, s\u00e4rskilt popul\u00e4r bland barn. Med ett brett storleksutbud passar den b\u00e5de sm\u00e5 och stora \u00e4ventyrare och ger s\u00e4kerhet f\u00f6r hela familjen.<\/p>\n<p><strong>S\u00e4kerhet: <\/strong>Reflexer och visselpipa bidrar till att barnet syns och kan uppm\u00e4rksamma omgivningen i en n\u00f6dsituation. Med en b\u00e4rf\u00f6rm\u00e5ga p\u00e5 100N \u00e4r Skipper klassad som en r\u00e4ddningsv\u00e4st, designad f\u00f6r att hj\u00e4lpa till att h\u00e5lla luftv\u00e4garna \u00f6ver vattenytan. De tre minsta storlekarna har praktiska b\u00e4rhandtag bakom kragen f\u00f6r s\u00e4kra och enkla lyft, medan grenbandsbyxan ser till att v\u00e4sten sitter stadigt vid lek och r\u00f6relse.<\/p>\n<p><strong>Passform:<\/strong> Skippers smarta design kombinerar r\u00f6relsefrihet med s\u00e4kerhet, vilket g\u00f6r den idealisk f\u00f6r aktiva dagar p\u00e5 vattnet. V\u00e4sten sitter bekv\u00e4mt och tryggt p\u00e5 plats \u2013 perfekt f\u00f6r barn som vill utforska livet p\u00e5 sj\u00f6n.<\/p>\n<p><strong>Tillverkning och kvalitet:<\/strong> Tillverkad i Europa med p\u00e5litliga material och noggrant utvecklad f\u00f6r att m\u00f6ta familjens krav p\u00e5 b\u00e5de komfort och s\u00e4kerhet. En v\u00e4st som h\u00e5ller f\u00f6r alla era vatten\u00e4ventyr.<\/p>\n<p><\/p>\n<p>Vill du l\u00e4sa mer om olika s\u00e4kerhetsklasser och typer av flytv\u00e4star kan du g\u00f6ra det <a href=\"https:\/\/baltic.se\/att-valja-flytvast\/\" rel=\"noopener noreferrer\" target=\"_blank\">h\u00e4r.<\/a><\/p>\n<p><strong>T\u00c4NK P\u00c5:<\/strong> En flytv\u00e4st \u00e4r ett viktigt s\u00e4kerhetshj\u00e4lpmedel som kan minska risken f\u00f6r drunkning, men den garanterar inte r\u00e4ddning. Anv\u00e4nd alltid flytv\u00e4sten korrekt och f\u00f6lj alla s\u00e4kerhetsinstruktioner.<\/p>\n","protected":false},"excerpt":{"rendered":"<p>Baltic Skipper flytv\u00e4st finns i m\u00e5nga storlekar. Till den kompromissl\u00f6sa s\u00e4kerheten h\u00f6r reflexer, visselpipa och b\u00e4rhandtag p\u00e5 de minsta storlekarna.<\/p>\n","protected":false},"featured_media":25290,"template":"","meta":{"_et_pb_use_builder":"","_et_pb_old_content":"","_et_gb_content_width":"","inline_featured_image":false},"product_brand":[],"product_cat":[77,91,89,86,112,90],"product_tag":[],"acf":[],"_links":{"self":[{"href":"https:\/\/baltic.se\/de\/wp-json\/wp\/v2\/product\/359"}],"collection":[{"href":"https:\/\/baltic.se\/de\/wp-json\/wp\/v2\/product"}],"about":[{"href":"https:\/\/baltic.se\/de\/wp-json\/wp\/v2\/types\/product"}],"wp:featuredmedia":[{"embeddable":true,"href":"https:\/\/baltic.se\/de\/wp-json\/wp\/v2\/media\/25290"}],"wp:attachment":[{"href":"https:\/\/baltic.se\/de\/wp-json\/wp\/v2\/media?parent=359"}],"wp:term":[{"taxonomy":"product_brand","embeddable":true,"href":"https:\/\/baltic.se\/de\/wp-json\/wp\/v2\/product_brand?post=359"},{"taxonomy":"product_cat","embeddable":true,"href":"https:\/\/baltic.se\/de\/wp-json\/wp\/v2\/product_cat?post=359"},{"taxonomy":"product_tag","embeddable":true,"href":"https:\/\/baltic.se\/de\/wp-json\/wp\/v2\/product_tag?post=359"}],"curies":[{"name":"wp","href":"https:\/\/api.w.org\/{rel}","templated":true}]}}