{"id":348,"date":"2021-03-11T22:01:41","date_gmt":"2021-03-11T21:01:41","guid":{"rendered":"https:\/\/baltic.se\/?post_type=product&#038;p=348"},"modified":"2026-04-09T04:04:23","modified_gmt":"2026-04-09T02:04:23","slug":"split-front","status":"publish","type":"product","link":"https:\/\/baltic.se\/de\/produkt\/split-front\/","title":{"rendered":"Split Front Flytv\u00e4st"},"content":{"rendered":"<ul>\n<li>Allround <\/li>\n<li>Delat flytskum<\/li>\n<li>Barnstorlekar<\/li>\n<\/ul>\n<p><\/p>\n<p>Split Front \u00e4r en flexibel och s\u00e4ker flytv\u00e4st f\u00f6r barn som ger optimal r\u00f6relsefrihet. Den innovativa designen med delat flytmaterial p\u00e5 framsidan \u00f6kar f\u00f6ljsamheten, vilket g\u00f6r den perfekt f\u00f6r aktiva sm\u00e5 \u00e4ventyrare.<\/p>\n<p><strong>S\u00e4kerhet:<\/strong> Flytv\u00e4sten \u00e4r utrustad med reflexer, visselpipa och grenband f\u00f6r extra s\u00e4kerhet. Ett praktiskt handtag bakom kragen g\u00f6r det l\u00e4tt att lyfta barnet vid behov. F\u00f6r storlek 3-15 kg finns bredare grenband och dubbla f\u00e4sten f\u00f6r b\u00e4sta passform. Med en b\u00e4rf\u00f6rm\u00e5ga p\u00e5 100N klassas v\u00e4sten som en r\u00e4ddningsv\u00e4st, designad f\u00f6r att hj\u00e4lpa till att h\u00e5lla barnet i ryggl\u00e4ge och luftv\u00e4garna \u00f6ver vattenytan.<\/p>\n<p><strong>Passform:<\/strong> Split Front \u00e4r designad f\u00f6r att ge barnet maximal r\u00f6relsefrihet samtidigt som den sitter s\u00e4kert. Den justerbara passformen s\u00e4kerst\u00e4ller att v\u00e4sten alltid sitter p\u00e5 r\u00e4tt plats under alla typer av aktivitet.<\/p>\n<p><strong>Tillverkning och kvalitet:<\/strong> Tillverkad i Europa med material av h\u00f6g kvalitet, designad f\u00f6r att ge komfort hela dagen.<strong> <\/strong><\/p>\n<p><strong>T\u00c4NK P\u00c5:<\/strong> En flytv\u00e4st \u00e4r ett viktigt s\u00e4kerhetshj\u00e4lpmedel som kan minska risken f\u00f6r drunkning, men den garanterar inte r\u00e4ddning. Anv\u00e4nd alltid flytv\u00e4sten korrekt och f\u00f6lj alla s\u00e4kerhetsinstruktioner.<\/p>\n","protected":false},"excerpt":{"rendered":"<p>Baltic Pro Sailor Flytv\u00e4st f\u00f6r barn med h\u00f6g s\u00e4kerhet. Reflexer, visselpipa och b\u00e4rhandtag p\u00e5 de minsta storlekarna.<\/p>\n","protected":false},"featured_media":25282,"template":"","meta":{"_et_pb_use_builder":"","_et_pb_old_content":"","_et_gb_content_width":"","inline_featured_image":false},"product_brand":[],"product_cat":[77,91,86,112],"product_tag":[],"acf":[],"_links":{"self":[{"href":"https:\/\/baltic.se\/de\/wp-json\/wp\/v2\/product\/348"}],"collection":[{"href":"https:\/\/baltic.se\/de\/wp-json\/wp\/v2\/product"}],"about":[{"href":"https:\/\/baltic.se\/de\/wp-json\/wp\/v2\/types\/product"}],"wp:featuredmedia":[{"embeddable":true,"href":"https:\/\/baltic.se\/de\/wp-json\/wp\/v2\/media\/25282"}],"wp:attachment":[{"href":"https:\/\/baltic.se\/de\/wp-json\/wp\/v2\/media?parent=348"}],"wp:term":[{"taxonomy":"product_brand","embeddable":true,"href":"https:\/\/baltic.se\/de\/wp-json\/wp\/v2\/product_brand?post=348"},{"taxonomy":"product_cat","embeddable":true,"href":"https:\/\/baltic.se\/de\/wp-json\/wp\/v2\/product_cat?post=348"},{"taxonomy":"product_tag","embeddable":true,"href":"https:\/\/baltic.se\/de\/wp-json\/wp\/v2\/product_tag?post=348"}],"curies":[{"name":"wp","href":"https:\/\/api.w.org\/{rel}","templated":true}]}}