{"id":346,"date":"2021-03-11T22:01:39","date_gmt":"2021-03-11T21:01:39","guid":{"rendered":"https:\/\/baltic.se\/?post_type=product&#038;p=346"},"modified":"2026-04-10T22:13:36","modified_gmt":"2026-04-10T20:13:36","slug":"visselpipa","status":"publish","type":"product","link":"https:\/\/baltic.se\/de\/produkt\/visselpipa\/","title":{"rendered":"Visselpipa"},"content":{"rendered":"<p>Visselpipa f\u00f6r r\u00e4ddningsv\u00e4st, godk\u00e4nd enligt EN ISO 12402-8.<\/p>\n","protected":false},"excerpt":{"rendered":"<p>Visselpipa f\u00f6r r\u00e4ddningsv\u00e4st, godk\u00e4nd enligt EN ISO 12402-8.<\/p>\n","protected":false},"featured_media":25617,"template":"","meta":{"_et_pb_use_builder":"","_et_pb_old_content":"","_et_gb_content_width":"","inline_featured_image":false},"product_brand":[],"product_cat":[82,315],"product_tag":[],"acf":[],"_links":{"self":[{"href":"https:\/\/baltic.se\/de\/wp-json\/wp\/v2\/product\/346"}],"collection":[{"href":"https:\/\/baltic.se\/de\/wp-json\/wp\/v2\/product"}],"about":[{"href":"https:\/\/baltic.se\/de\/wp-json\/wp\/v2\/types\/product"}],"wp:featuredmedia":[{"embeddable":true,"href":"https:\/\/baltic.se\/de\/wp-json\/wp\/v2\/media\/25617"}],"wp:attachment":[{"href":"https:\/\/baltic.se\/de\/wp-json\/wp\/v2\/media?parent=346"}],"wp:term":[{"taxonomy":"product_brand","embeddable":true,"href":"https:\/\/baltic.se\/de\/wp-json\/wp\/v2\/product_brand?post=346"},{"taxonomy":"product_cat","embeddable":true,"href":"https:\/\/baltic.se\/de\/wp-json\/wp\/v2\/product_cat?post=346"},{"taxonomy":"product_tag","embeddable":true,"href":"https:\/\/baltic.se\/de\/wp-json\/wp\/v2\/product_tag?post=346"}],"curies":[{"name":"wp","href":"https:\/\/api.w.org\/{rel}","templated":true}]}}