{"id":343,"date":"2021-03-11T22:01:37","date_gmt":"2021-03-11T21:01:37","guid":{"rendered":"https:\/\/baltic.se\/?post_type=product&#038;p=343"},"modified":"2026-04-11T02:02:01","modified_gmt":"2026-04-11T00:02:01","slug":"ifloat-sup-flytvast","status":"publish","type":"product","link":"https:\/\/baltic.se\/de\/produkt\/ifloat-sup-flytvast\/","title":{"rendered":"iFloat Sup Flytv\u00e4st"},"content":{"rendered":"<ul>\n<li>F\u00f6r SUP<\/li>\n<\/ul>\n<p><\/p>\n<p><span style=\"background-color: transparent\">iFLOAT SUP \u00e4r en manuell uppbl\u00e5sbar flytv\u00e4st med 50N b\u00e4rf\u00f6rm\u00e5ga, perfekt f\u00f6r dig som vill ha maximal r\u00f6relsefrihet vid SUP-paddling.<\/span><\/p>\n<p><strong style=\"background-color: transparent\">S\u00e4kerhet: <\/strong><span style=\"background-color: transparent\">V\u00e4sten b\u00e4rs runt magen som en kompakt midjev\u00e4ska och aktiveras manuellt vid behov. Flytlungan dras enkelt fram, tr\u00e4s \u00f6ver huvudet och bl\u00e5ses upp. iFLOAT SUP rekommenderas endast till simkunniga personer, och det \u00e4r viktigt att bekanta sig med v\u00e4sten innan anv\u00e4ndning i skarpa l\u00e4gen.<\/span><\/p>\n<p><strong style=\"background-color: transparent\">Passform och komfort: <\/strong><span style=\"background-color: transparent\">Den minimalistiska designen ger maximal r\u00f6relsefrihet och passar perfekt f\u00f6r SUP-paddling eller andra vattenaktiviteter d\u00e4r smidighet \u00e4r avg\u00f6rande. V\u00e4sten \u00e4r l\u00e4tt och bekv\u00e4m att b\u00e4ra utan att vara i v\u00e4gen.<\/span><\/p>\n<p><strong style=\"background-color: transparent\">Tillverkning och kvalitet: <\/strong><span style=\"background-color: transparent\">iFLOAT SUP \u00e4r tillverkad med noggrant utvalda material som s\u00e4kerst\u00e4ller b\u00e5de funktion och h\u00e5llbarhet. Den kompakta designen kombinerar praktisk anv\u00e4ndning med h\u00f6g kvalitet f\u00f6r att m\u00f6ta kraven hos aktiva paddlare.<\/span><\/p>\n<p><strong>T\u00c4NK P\u00c5:<\/strong> En flytv\u00e4st \u00e4r ett viktigt s\u00e4kerhetshj\u00e4lpmedel som kan minska risken f\u00f6r drunkning, men den garanterar inte r\u00e4ddning. Anv\u00e4nd alltid flytv\u00e4sten korrekt och f\u00f6lj alla s\u00e4kerhetsinstruktioner.<\/p>\n","protected":false},"excerpt":{"rendered":"<p>Baltic iFloat SUP \u00e4r den ultimata flytv\u00e4sten f\u00f6r dig som paddlar SUP och inte vill kompromissa med s\u00e4kerhet eller r\u00f6relsef\u00f6rm\u00e5ga. <\/p>\n","protected":false},"featured_media":25493,"template":"","meta":{"_et_pb_use_builder":"","_et_pb_old_content":"","_et_gb_content_width":"","inline_featured_image":false},"product_brand":[],"product_cat":[80,711,90],"product_tag":[],"acf":[],"_links":{"self":[{"href":"https:\/\/baltic.se\/de\/wp-json\/wp\/v2\/product\/343"}],"collection":[{"href":"https:\/\/baltic.se\/de\/wp-json\/wp\/v2\/product"}],"about":[{"href":"https:\/\/baltic.se\/de\/wp-json\/wp\/v2\/types\/product"}],"wp:featuredmedia":[{"embeddable":true,"href":"https:\/\/baltic.se\/de\/wp-json\/wp\/v2\/media\/25493"}],"wp:attachment":[{"href":"https:\/\/baltic.se\/de\/wp-json\/wp\/v2\/media?parent=343"}],"wp:term":[{"taxonomy":"product_brand","embeddable":true,"href":"https:\/\/baltic.se\/de\/wp-json\/wp\/v2\/product_brand?post=343"},{"taxonomy":"product_cat","embeddable":true,"href":"https:\/\/baltic.se\/de\/wp-json\/wp\/v2\/product_cat?post=343"},{"taxonomy":"product_tag","embeddable":true,"href":"https:\/\/baltic.se\/de\/wp-json\/wp\/v2\/product_tag?post=343"}],"curies":[{"name":"wp","href":"https:\/\/api.w.org\/{rel}","templated":true}]}}