{"id":34276,"date":"2022-09-15T15:22:50","date_gmt":"2022-09-15T13:22:50","guid":{"rendered":"https:\/\/baltic.se\/?post_type=product&#038;p=34276"},"modified":"2026-04-12T04:37:42","modified_gmt":"2026-04-12T02:37:42","slug":"mist-e-i-flytvast","status":"publish","type":"product","link":"https:\/\/baltic.se\/de\/produkt\/mist-e-i-flytvast\/","title":{"rendered":"Mist E.I Flytv\u00e4st"},"content":{"rendered":"<ul>\n<li>Allround <\/li>\n<li>Delat flytskum<\/li>\n<li>F\u00f6ljsam passform<\/li>\n<li>\u00c5tervunnet material<\/li>\n<\/ul>\n<p><\/p>\n<p>Baltic Mist E.I \u00e4r perfekt f\u00f6r vattensporter som segling, motorb\u00e5t och fiske. Tillverkad av \u00e5tervunnet material, erbjuder den b\u00e5de h\u00f6g prestanda och milj\u00f6v\u00e4nlighet.<\/p>\n<p><strong>S\u00e4kerhet:<\/strong> Den h\u00e4r flytv\u00e4sten \u00e4r CE-certifierad och har en b\u00e4rf\u00f6rm\u00e5ga p\u00e5 50N. Med sex justeringspunkter \u2013 tv\u00e5 p\u00e5 varje sida och p\u00e5 axlarna \u2013 kan du enkelt anpassa passformen. Reflexpipning framtill g\u00f6r dig mer synlig, och grenband och visselpipa kan k\u00f6pas som tillval f\u00f6r extra s\u00e4kerhet.<\/p>\n<p><strong>Passform och komfort:<\/strong> Baltic Mist \u00e4r designad f\u00f6r att vara bekv\u00e4m under l\u00e5nga vattenturer. Den har neoprenskydd \u00f6ver axlarna f\u00f6r att minska skav och ett tredelat flytmaterial som ger bra r\u00f6relsefrihet. V\u00e4sten har ocks\u00e5 en ficka med dragkedja, knytsn\u00f6re och frontdragkedja f\u00f6r praktisk anv\u00e4ndning.<\/p>\n<p><strong>Tillverkning och kvalitet:<\/strong> Flytv\u00e4sten tillverkas i Europa med h\u00f6ga kvalitets- och h\u00e5llbarhetsstandarder. Flytmaterialet \u00e4r av \u00e5tervunnet polyeten och tyget av \u00e5tervunnen polyester, vilket minskar milj\u00f6p\u00e5verkan utan att kompromissa p\u00e5 kvaliteten.<\/p>\n<p>Vill du l\u00e4sa mer om olika s\u00e4kerhetsklasser och typer av flytv\u00e4star kan du g\u00f6ra det<span style=\"font-size: 16px\">&nbsp;<\/span><a href=\"https:\/\/baltic.se\/att-valja-flytvast\/\" rel=\"noopener noreferrer\" target=\"_blank\" style=\"font-size: 16px\">h\u00e4r<\/a><span style=\"font-size: 16px\">.<\/span><\/p>\n<p><strong>T\u00c4NK P\u00c5:<\/strong> En flytv\u00e4st \u00e4r ett viktigt s\u00e4kerhetshj\u00e4lpmedel som kan minska risken f\u00f6r drunkning, men den garanterar inte r\u00e4ddning. Anv\u00e4nd alltid flytv\u00e4sten korrekt och f\u00f6lj alla s\u00e4kerhetsinstruktioner.<\/p>\n","protected":false},"excerpt":{"rendered":"<p>Baltics flytv\u00e4st Mist lanseras nu i en helt ny tappning tillverkad i \u00e5tervunnet material, fortsatt med samma kompromissl\u00f6sa kvalit\u00e9.<\/p>\n","protected":false},"featured_media":116361,"template":"","meta":{"_et_pb_use_builder":"","_et_pb_old_content":"","_et_gb_content_width":"","inline_featured_image":false},"product_brand":[],"product_cat":[771,561,80,710,86,90],"product_tag":[],"acf":[],"_links":{"self":[{"href":"https:\/\/baltic.se\/de\/wp-json\/wp\/v2\/product\/34276"}],"collection":[{"href":"https:\/\/baltic.se\/de\/wp-json\/wp\/v2\/product"}],"about":[{"href":"https:\/\/baltic.se\/de\/wp-json\/wp\/v2\/types\/product"}],"wp:featuredmedia":[{"embeddable":true,"href":"https:\/\/baltic.se\/de\/wp-json\/wp\/v2\/media\/116361"}],"wp:attachment":[{"href":"https:\/\/baltic.se\/de\/wp-json\/wp\/v2\/media?parent=34276"}],"wp:term":[{"taxonomy":"product_brand","embeddable":true,"href":"https:\/\/baltic.se\/de\/wp-json\/wp\/v2\/product_brand?post=34276"},{"taxonomy":"product_cat","embeddable":true,"href":"https:\/\/baltic.se\/de\/wp-json\/wp\/v2\/product_cat?post=34276"},{"taxonomy":"product_tag","embeddable":true,"href":"https:\/\/baltic.se\/de\/wp-json\/wp\/v2\/product_tag?post=34276"}],"curies":[{"name":"wp","href":"https:\/\/api.w.org\/{rel}","templated":true}]}}