{"id":34226,"date":"2022-09-15T03:39:11","date_gmt":"2022-09-15T01:39:11","guid":{"rendered":"https:\/\/baltic.se\/?post_type=product&#038;p=34226"},"modified":"2026-04-21T04:35:21","modified_gmt":"2026-04-21T02:35:21","slug":"poseidon-auto-sele-flytvast","status":"publish","type":"product","link":"https:\/\/baltic.se\/de\/produkt\/poseidon-auto-sele-flytvast\/","title":{"rendered":"Poseidon auto sele flytv\u00e4st"},"content":{"rendered":"<ul>\n<li>Ergonomisk passform<\/li>\n<li>Justerbar rygg<\/li>\n<li>F\u00f6r Segling<\/li>\n<li>Integrerad sele<\/li>\n<li>Automatisk uppbl\u00e5sning<\/li>\n<\/ul>\n<p><\/p>\n<p>Poseidon Auto Sele \u00e4r en uppbl\u00e5sbar r\u00e4ddningsv\u00e4st med integrerad s\u00e4kerhetsele, designad f\u00f6r att ge enast\u00e5ende komfort och r\u00f6relsefrihet. En perfekt kombination av s\u00e4kerhet och ergonomi f\u00f6r alla vattenaktiviteter.<\/p>\n<p><strong>S\u00e4kerhet: <\/strong>Med en b\u00e4rf\u00f6rm\u00e5ga p\u00e5 165N \u00e4r Poseidon en p\u00e5litlig r\u00e4ddningsv\u00e4st som uppfyller h\u00f6ga s\u00e4kerhetskrav. Den integrerade s\u00e4kerhetsselen ger extra trygghet vid aktiviteter som kr\u00e4ver fasts\u00e4ttning. Ventilen och patronen \u00e4r strategiskt placerade f\u00f6r maximal s\u00e4kerhet och smidighet.<\/p>\n<p><strong>Passform och komfort: <\/strong>Den ergonomiska designen ger en n\u00e4tt och f\u00f6ljsam passform som anpassar sig efter din kropp. Flytv\u00e4sten kan enkelt justeras f\u00f6r en optimal passform och st\u00e4ngs med en mjukt vadderad velcro, som ger extra skydd och komfort vid midjebandets sp\u00e4nne. Det g\u00f6r den till ett bekv\u00e4mt val f\u00f6r l\u00e5nga dagar p\u00e5 vattnet.<\/p>\n<p><strong>Tillverkning och kvalitet: <\/strong>Poseidon \u00e4r framtagen i Europa med starka material som \u00e4r noggrant utvalda f\u00f6r att t\u00e5la tuffa f\u00f6rh\u00e5llanden p\u00e5 vattnet. Den genomt\u00e4nkta designen och de unika justeringsm\u00f6jligheterna g\u00f6r den till ett sj\u00e4lvklart val f\u00f6r b\u00e5de proffs och fritidsanv\u00e4ndare.<\/p>\n<p>Vill du l\u00e4sa mer om olika s\u00e4kerhetsklasser och typer av flytv\u00e4star kan du g\u00f6ra det <a href=\"https:\/\/baltic.se\/att-valja-flytvast\/\" rel=\"noopener noreferrer\" target=\"_blank\">h\u00e4r<\/a>.<\/p>\n<p><strong>T\u00c4NK P\u00c5:<\/strong> En flytv\u00e4st \u00e4r ett viktigt s\u00e4kerhetshj\u00e4lpmedel som kan minska risken f\u00f6r drunkning, men den garanterar inte r\u00e4ddning. Anv\u00e4nd alltid flytv\u00e4sten korrekt och f\u00f6lj alla s\u00e4kerhetsinstruktioner.<\/p>\n","protected":false},"excerpt":{"rendered":"<p>Ergonomisk passform Justerbar rygg F\u00f6r Segling Integrerad sele Automatisk uppbl\u00e5sning Poseidon Auto Sele \u00e4r en uppbl\u00e5sbar r\u00e4ddningsv\u00e4st med integrerad s\u00e4kerhetsele, designad f\u00f6r att ge enast\u00e5ende komfort och r\u00f6relsefrihet. En perfekt kombination av s\u00e4kerhet och ergonomi f\u00f6r alla vattenaktiviteter. S\u00e4kerhet: Med en b\u00e4rf\u00f6rm\u00e5ga p\u00e5 165N \u00e4r Poseidon en p\u00e5litlig r\u00e4ddningsv\u00e4st som uppfyller h\u00f6ga s\u00e4kerhetskrav. Den integrerade [&hellip;]<\/p>\n","protected":false},"featured_media":116438,"template":"","meta":{"_et_pb_use_builder":"","_et_pb_old_content":"","_et_gb_content_width":"","inline_featured_image":false},"product_brand":[],"product_cat":[561,112,733,877,72,374],"product_tag":[],"acf":[],"_links":{"self":[{"href":"https:\/\/baltic.se\/de\/wp-json\/wp\/v2\/product\/34226"}],"collection":[{"href":"https:\/\/baltic.se\/de\/wp-json\/wp\/v2\/product"}],"about":[{"href":"https:\/\/baltic.se\/de\/wp-json\/wp\/v2\/types\/product"}],"wp:featuredmedia":[{"embeddable":true,"href":"https:\/\/baltic.se\/de\/wp-json\/wp\/v2\/media\/116438"}],"wp:attachment":[{"href":"https:\/\/baltic.se\/de\/wp-json\/wp\/v2\/media?parent=34226"}],"wp:term":[{"taxonomy":"product_brand","embeddable":true,"href":"https:\/\/baltic.se\/de\/wp-json\/wp\/v2\/product_brand?post=34226"},{"taxonomy":"product_cat","embeddable":true,"href":"https:\/\/baltic.se\/de\/wp-json\/wp\/v2\/product_cat?post=34226"},{"taxonomy":"product_tag","embeddable":true,"href":"https:\/\/baltic.se\/de\/wp-json\/wp\/v2\/product_tag?post=34226"}],"curies":[{"name":"wp","href":"https:\/\/api.w.org\/{rel}","templated":true}]}}