{"id":34143,"date":"2022-09-10T03:39:37","date_gmt":"2022-09-10T01:39:37","guid":{"rendered":"https:\/\/baltic.se\/?post_type=product&#038;p=34143"},"modified":"2026-04-08T04:35:55","modified_gmt":"2026-04-08T02:35:55","slug":"split-front-e-i-flytvast","status":"publish","type":"product","link":"https:\/\/baltic.se\/de\/produkt\/split-front-e-i-flytvast\/","title":{"rendered":"Split Front E.I Flytv\u00e4st"},"content":{"rendered":"<ul>\n<li>Allround <\/li>\n<li>Delat flytskum<\/li>\n<li>Barnstorlekar<\/li>\n<li>\u00c5tervunnet material<\/li>\n<\/ul>\n<p><\/p>\n<p>Baltic Split Front E.I \u00e4r en trygg och flexibel flytv\u00e4st f\u00f6r barn som vill leka och r\u00f6ra sig fritt vid vatten och strand. Den delade flytdesignen framtill ger god f\u00f6ljsamhet och komfort, perfekt f\u00f6r b\u00e5de korta och l\u00e4ngre stunder i vattnet.<\/p>\n<p><strong>S\u00e4kerhet:<\/strong> V\u00e4sten \u00e4r CE-certifierad med 100N flytkraft och fungerar som r\u00e4ddningsv\u00e4st f\u00f6r barn. Den \u00e4r utrustad med reflexer, visselpipa och grenband f\u00f6r extra trygghet. Det praktiska handtaget bakom kragen g\u00f6r det enkelt att lyfta barnet vid behov, och designen hj\u00e4lper till att h\u00e5lla barnet i ryggl\u00e4ge med luftv\u00e4garna \u00f6ver vattenytan. F\u00f6r barn mellan 3\u201315 kg har v\u00e4sten bredare grenband och dubbla f\u00e4sten f\u00f6r b\u00e4sta passform och s\u00e4kerhet.<\/p>\n<p><strong>Passform:<\/strong> Split Front E.I sitter bekv\u00e4mt och s\u00e4kert tack vare den justerbara passformen och delade flytdelen framtill, vilket ger barnet full r\u00f6relsefrihet under lek och aktiviteter.<\/p>\n<p><strong>Tillverkning och kvalitet:<\/strong> Tillverkad i Europa med h\u00f6gkvalitativa material, delvis \u00e5tervunnet, inklusive polyeten fr\u00e5n industriavfall och tyg tillverkat av PET-flaskor. Kombinationen av h\u00e5llbarhet och kvalitet s\u00e4kerst\u00e4ller b\u00e5de s\u00e4kerhet och l\u00e5ngvarig komfort.<\/p>\n<p>Vill du l\u00e4sa mer om olika s\u00e4kerhetsklasser och typer av flytv\u00e4star kan du g\u00f6ra det<span style=\"font-size: 16px\">&nbsp;<\/span><a href=\"https:\/\/baltic.se\/att-valja-flytvast\/\" rel=\"noopener noreferrer\" target=\"_blank\" style=\"font-size: 16px\">h\u00e4r<\/a><span style=\"font-size: 16px\">.<\/span><\/p>\n<p><strong>T\u00c4NK P\u00c5:<\/strong> En flytv\u00e4st \u00e4r ett viktigt s\u00e4kerhetshj\u00e4lpmedel som kan minska risken f\u00f6r drunkning, men den garanterar inte r\u00e4ddning. Anv\u00e4nd alltid flytv\u00e4sten korrekt och f\u00f6lj alla s\u00e4kerhetsinstruktioner.<\/p>\n","protected":false},"excerpt":{"rendered":"<p>Split Front \u00e4r flytv\u00e4sten som ska forma kommande generationer till sm\u00e5 sj\u00f6m\u00e4n, f\u00f6r en gemensam framtid p\u00e5 v\u00e5r vatten.<\/p>\n","protected":false},"featured_media":116592,"template":"","meta":{"_et_pb_use_builder":"","_et_pb_old_content":"","_et_gb_content_width":"","inline_featured_image":false},"product_brand":[],"product_cat":[771,561,77,91,86],"product_tag":[],"acf":[],"_links":{"self":[{"href":"https:\/\/baltic.se\/de\/wp-json\/wp\/v2\/product\/34143"}],"collection":[{"href":"https:\/\/baltic.se\/de\/wp-json\/wp\/v2\/product"}],"about":[{"href":"https:\/\/baltic.se\/de\/wp-json\/wp\/v2\/types\/product"}],"wp:featuredmedia":[{"embeddable":true,"href":"https:\/\/baltic.se\/de\/wp-json\/wp\/v2\/media\/116592"}],"wp:attachment":[{"href":"https:\/\/baltic.se\/de\/wp-json\/wp\/v2\/media?parent=34143"}],"wp:term":[{"taxonomy":"product_brand","embeddable":true,"href":"https:\/\/baltic.se\/de\/wp-json\/wp\/v2\/product_brand?post=34143"},{"taxonomy":"product_cat","embeddable":true,"href":"https:\/\/baltic.se\/de\/wp-json\/wp\/v2\/product_cat?post=34143"},{"taxonomy":"product_tag","embeddable":true,"href":"https:\/\/baltic.se\/de\/wp-json\/wp\/v2\/product_tag?post=34143"}],"curies":[{"name":"wp","href":"https:\/\/api.w.org\/{rel}","templated":true}]}}