{"id":33388,"date":"2022-09-09T03:38:15","date_gmt":"2022-09-09T01:38:15","guid":{"rendered":"https:\/\/baltic.se\/?post_type=product&#038;p=33388"},"modified":"2026-04-19T04:35:28","modified_gmt":"2026-04-19T02:35:28","slug":"mako-flytvast","status":"publish","type":"product","link":"https:\/\/baltic.se\/de\/produkt\/mako-flytvast\/","title":{"rendered":"Mako Flytv\u00e4st"},"content":{"rendered":"<ul>\n<li>F\u00f6r Fiske<\/li>\n<li>Smart f\u00f6rvaring<\/li>\n<li>D-ring f\u00f6r d\u00f6dmansgrepp<\/li>\n<li>Automatisk uppbl\u00e5sning<\/li>\n<li>Kortare modell<\/li>\n<\/ul>\n<p><\/p>\n<p>Denna flytv\u00e4st \u00e4r designad f\u00f6r att m\u00f6ta sportfiskares krav och har utvecklats i n\u00e4ra samarbete med erfarna experter. Med sin automatiska uppbl\u00e5sningsfunktion \u00e4r Mako ett p\u00e5litligt val f\u00f6r s\u00e4kerhet och komfort under l\u00e5nga dagar p\u00e5 vattnet.<\/p>\n<p><strong>S\u00e4kerhet:<\/strong> Med en b\u00e4rf\u00f6rm\u00e5ga p\u00e5 165N och certifiering enligt EN ISO 12402-3 erbjuder denna flytv\u00e4st \u00f6verl\u00e4gset skydd. V\u00e4sten bl\u00e5ses upp automatiskt vid kontakt med vatten, vilket s\u00e4kerst\u00e4ller snabb hj\u00e4lp n\u00e4r det beh\u00f6vs som mest. Det inbyggda inspektionsf\u00f6nstret med gr\u00f6na indikatorer g\u00f6r det enkelt att kontrollera att v\u00e4sten \u00e4r klar f\u00f6r anv\u00e4ndning. D-ringen till\u00e5ter smidig anslutning av d\u00f6dmansgrepp f\u00f6r ytterligare s\u00e4kerhet.<\/p>\n<p><strong>Passform och komfort:<\/strong> Flytv\u00e4sten \u00e4r byggd f\u00f6r att vara bekv\u00e4m under hela dagen. Den har en dragkedjef\u00f6rsedd ficka och en l\u00e4tt\u00e5tkomlig n\u00e4tficka, perfekt f\u00f6r f\u00f6rvaring av sm\u00e5saker som fj\u00e4rrkontroller och fiskekrokar. Den ergonomiska passformen ser till att v\u00e4sten sitter bra utan att begr\u00e4nsa r\u00f6relsefriheten.<\/p>\n<p><strong>Tillverkning och kvalitet:<\/strong> Byggd f\u00f6r att klara av tuffa vattenmilj\u00f6er, \u00e4r denna flytv\u00e4st tillverkad med h\u00e5llbara material och noggrant utformade detaljer. Den \u00e4r robust och tillf\u00f6rlitlig, vilket g\u00f6r den idealisk f\u00f6r b\u00e5de dagligt fiske och mer kr\u00e4vande f\u00f6rh\u00e5llanden. Ett sj\u00e4lvklart val f\u00f6r dedikerade sportfiskare som s\u00f6ker en flytv\u00e4st som b\u00e5de \u00e4r funktionell och h\u00e5llbar.<\/p>\n<p><\/p>\n<p>Vill du l\u00e4sa mer om olika s\u00e4kerhetsklasser och typer av flytv\u00e4star kan du g\u00f6ra det <a href=\"https:\/\/baltic.se\/att-valja-flytvast\/\" rel=\"noopener noreferrer\" target=\"_blank\">h\u00e4r<\/a>.<\/p>\n<p><strong>T\u00c4NK P\u00c5:<\/strong> En flytv\u00e4st \u00e4r ett viktigt s\u00e4kerhetshj\u00e4lpmedel som kan minska risken f\u00f6r drunkning, men den garanterar inte r\u00e4ddning. Anv\u00e4nd alltid flytv\u00e4sten korrekt och f\u00f6lj alla s\u00e4kerhetsinstruktioner.<\/p>\n","protected":false},"excerpt":{"rendered":"<p>Flytv\u00e4sten Mako fr\u00e5n Baltic \u00e4r utvecklad tillsammans med erfarna sportfiskare f\u00f6r att ta fram den perfekta flytv\u00e4sten till detta \u00e4ndam\u00e5l. <\/p>\n","protected":false},"featured_media":116441,"template":"","meta":{"_et_pb_use_builder":"","_et_pb_old_content":"","_et_gb_content_width":"","inline_featured_image":false},"product_brand":[],"product_cat":[561,89,86,72,374],"product_tag":[],"acf":[],"_links":{"self":[{"href":"https:\/\/baltic.se\/de\/wp-json\/wp\/v2\/product\/33388"}],"collection":[{"href":"https:\/\/baltic.se\/de\/wp-json\/wp\/v2\/product"}],"about":[{"href":"https:\/\/baltic.se\/de\/wp-json\/wp\/v2\/types\/product"}],"wp:featuredmedia":[{"embeddable":true,"href":"https:\/\/baltic.se\/de\/wp-json\/wp\/v2\/media\/116441"}],"wp:attachment":[{"href":"https:\/\/baltic.se\/de\/wp-json\/wp\/v2\/media?parent=33388"}],"wp:term":[{"taxonomy":"product_brand","embeddable":true,"href":"https:\/\/baltic.se\/de\/wp-json\/wp\/v2\/product_brand?post=33388"},{"taxonomy":"product_cat","embeddable":true,"href":"https:\/\/baltic.se\/de\/wp-json\/wp\/v2\/product_cat?post=33388"},{"taxonomy":"product_tag","embeddable":true,"href":"https:\/\/baltic.se\/de\/wp-json\/wp\/v2\/product_tag?post=33388"}],"curies":[{"name":"wp","href":"https:\/\/api.w.org\/{rel}","templated":true}]}}