{"id":33384,"date":"2022-09-09T03:38:03","date_gmt":"2022-09-09T01:38:03","guid":{"rendered":"https:\/\/baltic.se\/?post_type=product&#038;p=33384"},"modified":"2026-04-12T04:35:36","modified_gmt":"2026-04-12T02:35:36","slug":"mako-manuell-flytvast","status":"publish","type":"product","link":"https:\/\/baltic.se\/de\/produkt\/mako-manuell-flytvast\/","title":{"rendered":"Mako Manuell Flytv\u00e4st"},"content":{"rendered":"<ul>\n<li>F\u00f6r Fiske<\/li>\n<li>Smart f\u00f6rvaring<\/li>\n<li>D-ring f\u00f6r d\u00f6dmansgrepp<\/li>\n<li>Manuell uppbl\u00e5sning<\/li>\n<li>Kortare modell<\/li>\n<\/ul>\n<p><\/p>\n<p>Flytv\u00e4sten \u00e4r idealisk f\u00f6r sportfiskare och har en l\u00e4tt, praktisk design. Mako Manuell \u00e4r utvecklad med experter och \u00e4r manuellt uppbl\u00e5sbar, vilket ger dig kontroll. Med h\u00f6g s\u00e4kerhet och anv\u00e4ndbara funktioner \u00e4r den idealisk f\u00f6r l\u00e5nga dagar p\u00e5 vattnet.<\/p>\n<p><strong>S\u00e4kerhet:<\/strong> Mako har en b\u00e4rf\u00f6rm\u00e5ga p\u00e5 165N och \u00e4r certifierad enligt EN ISO 12402-3, vilket ger ett s\u00e4kert skydd. V\u00e4sten bl\u00e5ses upp manuellt n\u00e4r du beh\u00f6ver det och har ett inspektionsf\u00f6nster med gr\u00f6na indikatorer som visar n\u00e4r den \u00e4r redo att anv\u00e4ndas. D-ringen g\u00f6r det enkelt att f\u00e4sta d\u00f6dmansgrepp f\u00f6r extra s\u00e4kerhet.<\/p>\n<p><strong>Passform och komfort:<\/strong> Flytv\u00e4sten \u00e4r bekv\u00e4m att b\u00e4ra hela dagen. Den har en dragkedjef\u00f6rsedd ficka och en n\u00e4tficka f\u00f6r sm\u00e5 saker som kontrollen till elmotorn eller fiskekrokar. Den ergonomiska passformen ser till att v\u00e4sten sitter bra utan att hindra din r\u00f6relsefrihet.<\/p>\n<p><strong>Tillverkning och kvalitet:<\/strong> Mako \u00e4r byggd f\u00f6r att klara tuffa vattenmilj\u00f6er. Med slitstarka material och noggrant utf\u00f6rda detaljer \u00e4r den h\u00e5llbar och p\u00e5litlig. V\u00e4sten \u00e4r utformad f\u00f6r att klara b\u00e5de vardagligt fiske och mer kr\u00e4vande f\u00f6rh\u00e5llanden, vilket g\u00f6r den till ett p\u00e5litligt val f\u00f6r seri\u00f6sa sportfiskare.<\/p>\n<p>Vill du l\u00e4sa mer om olika s\u00e4kerhetsklasser och typer av flytv\u00e4star kan du g\u00f6ra det <a href=\"https:\/\/baltic.se\/att-valja-flytvast\/\" rel=\"noopener noreferrer\" target=\"_blank\"><u>h\u00e4r<\/u><\/a>.<\/p>\n<p><strong>T\u00c4NK P\u00c5:<\/strong> En flytv\u00e4st \u00e4r ett viktigt s\u00e4kerhetshj\u00e4lpmedel som kan minska risken f\u00f6r drunkning, men den garanterar inte r\u00e4ddning. Anv\u00e4nd alltid flytv\u00e4sten korrekt och f\u00f6lj alla s\u00e4kerhetsinstruktioner.<\/p>\n","protected":false},"excerpt":{"rendered":"<p>F\u00f6r Fiske Smart f\u00f6rvaring D-ring f\u00f6r d\u00f6dmansgrepp Manuell uppbl\u00e5sning Kortare modell Flytv\u00e4sten \u00e4r idealisk f\u00f6r sportfiskare och har en l\u00e4tt, praktisk design. Mako Manuell \u00e4r utvecklad med experter och \u00e4r manuellt uppbl\u00e5sbar, vilket ger dig kontroll. Med h\u00f6g s\u00e4kerhet och anv\u00e4ndbara funktioner \u00e4r den idealisk f\u00f6r l\u00e5nga dagar p\u00e5 vattnet. S\u00e4kerhet: Mako har en b\u00e4rf\u00f6rm\u00e5ga [&hellip;]<\/p>\n","protected":false},"featured_media":116395,"template":"","meta":{"_et_pb_use_builder":"","_et_pb_old_content":"","_et_gb_content_width":"","inline_featured_image":false},"product_brand":[],"product_cat":[374,561,89,86,115],"product_tag":[],"acf":[],"_links":{"self":[{"href":"https:\/\/baltic.se\/de\/wp-json\/wp\/v2\/product\/33384"}],"collection":[{"href":"https:\/\/baltic.se\/de\/wp-json\/wp\/v2\/product"}],"about":[{"href":"https:\/\/baltic.se\/de\/wp-json\/wp\/v2\/types\/product"}],"wp:featuredmedia":[{"embeddable":true,"href":"https:\/\/baltic.se\/de\/wp-json\/wp\/v2\/media\/116395"}],"wp:attachment":[{"href":"https:\/\/baltic.se\/de\/wp-json\/wp\/v2\/media?parent=33384"}],"wp:term":[{"taxonomy":"product_brand","embeddable":true,"href":"https:\/\/baltic.se\/de\/wp-json\/wp\/v2\/product_brand?post=33384"},{"taxonomy":"product_cat","embeddable":true,"href":"https:\/\/baltic.se\/de\/wp-json\/wp\/v2\/product_cat?post=33384"},{"taxonomy":"product_tag","embeddable":true,"href":"https:\/\/baltic.se\/de\/wp-json\/wp\/v2\/product_tag?post=33384"}],"curies":[{"name":"wp","href":"https:\/\/api.w.org\/{rel}","templated":true}]}}