{"id":302,"date":"2021-03-11T22:01:06","date_gmt":"2021-03-11T21:01:06","guid":{"rendered":"https:\/\/baltic.se\/?post_type=product&#038;p=302"},"modified":"2026-04-16T00:02:12","modified_gmt":"2026-04-15T22:02:12","slug":"genua-flytvast","status":"publish","type":"product","link":"https:\/\/baltic.se\/de\/produkt\/genua-flytvast\/","title":{"rendered":"Genua Flytv\u00e4st"},"content":{"rendered":"<ul>\n<li>Allround <\/li>\n<li>Delat flytskum<\/li>\n<li>F\u00f6ljsam passform<\/li>\n<li>Kortare modell<\/li>\n<\/ul>\n<p><\/p>\n<p>Genua Flytv\u00e4st \u00e4r utformad f\u00f6r dig som s\u00f6ker en smidig och bekv\u00e4m flytv\u00e4st som fungerar utm\u00e4rkt i sittande positioner, exempelvis i motorb\u00e5tar, jollar eller kajaker. Denna klassiska modell har blivit en favorit tack vare sin h\u00f6ga komfort och m\u00e5ngsidighet.<\/p>\n<p><strong>S\u00e4kerhet: <\/strong>Med en b\u00e4rf\u00f6rm\u00e5ga p\u00e5 50N erbjuder Genua p\u00e5litlig s\u00e4kerhet f\u00f6r simkunniga personer \u00f6ver 25 kg. V\u00e4sten \u00e4r CE-m\u00e4rkt, vilket garanterar att den uppfyller de europeiska s\u00e4kerhetsstandarderna. F\u00f6r extra skydd kan du l\u00e4gga till tillval som grenband och visselpipa.<\/p>\n<p><strong>Passform och Komfort: <\/strong>Genua \u00e4r designad f\u00f6r att ge optimal r\u00f6relsefrihet tack vare delade flytkroppar som anpassar sig efter kroppens r\u00f6relser. Ett robust axelband f\u00f6rst\u00e4rker h\u00e5llbarheten, och den praktiska frontdragkedjan tillsammans med ett justerbart midjeband med snabbsp\u00e4nne g\u00f6r det enkelt att anpassa passformen. Den kortare designen \u00e4r s\u00e4rskilt f\u00f6rdelaktig vid aktiviteter d\u00e4r du sitter mycket, som vid kajakpaddling eller i motorb\u00e5t.<\/p>\n<p><strong>Tillverkning och Kvalitet: <\/strong>Tillverkad i Europa med noggrant utvalda material, erbjuder Genua Flytv\u00e4st b\u00e5de h\u00e5llbarhet och p\u00e5litlighet f\u00f6r l\u00e5ngvarig anv\u00e4ndning.<\/p>\n<p><strong>T\u00c4NK P\u00c5:<\/strong> En flytv\u00e4st \u00e4r ett viktigt s\u00e4kerhetshj\u00e4lpmedel som kan minska risken f\u00f6r drunkning, men den garanterar inte r\u00e4ddning. Anv\u00e4nd alltid flytv\u00e4sten korrekt och f\u00f6lj alla s\u00e4kerhetsinstruktioner.<\/p>\n","protected":false},"excerpt":{"rendered":"<p>Baltic Genua flytv\u00e4st \u00e4r en bekv\u00e4m allround-klassiker, kort modell f\u00f6r sittande position. H\u00e4r finns smarta fickor och bra passform. <\/p>\n","protected":false},"featured_media":25237,"template":"","meta":{"_et_pb_use_builder":"","_et_pb_old_content":"","_et_gb_content_width":"","inline_featured_image":false},"product_brand":[],"product_cat":[80,91,86,112,90],"product_tag":[],"acf":[],"_links":{"self":[{"href":"https:\/\/baltic.se\/de\/wp-json\/wp\/v2\/product\/302"}],"collection":[{"href":"https:\/\/baltic.se\/de\/wp-json\/wp\/v2\/product"}],"about":[{"href":"https:\/\/baltic.se\/de\/wp-json\/wp\/v2\/types\/product"}],"wp:featuredmedia":[{"embeddable":true,"href":"https:\/\/baltic.se\/de\/wp-json\/wp\/v2\/media\/25237"}],"wp:attachment":[{"href":"https:\/\/baltic.se\/de\/wp-json\/wp\/v2\/media?parent=302"}],"wp:term":[{"taxonomy":"product_brand","embeddable":true,"href":"https:\/\/baltic.se\/de\/wp-json\/wp\/v2\/product_brand?post=302"},{"taxonomy":"product_cat","embeddable":true,"href":"https:\/\/baltic.se\/de\/wp-json\/wp\/v2\/product_cat?post=302"},{"taxonomy":"product_tag","embeddable":true,"href":"https:\/\/baltic.se\/de\/wp-json\/wp\/v2\/product_tag?post=302"}],"curies":[{"name":"wp","href":"https:\/\/api.w.org\/{rel}","templated":true}]}}