{"id":262,"date":"2021-03-10T14:13:09","date_gmt":"2021-03-10T13:13:09","guid":{"rendered":"https:\/\/baltic.se\/?post_type=product&#038;p=262"},"modified":"2026-04-22T12:00:08","modified_gmt":"2026-04-22T10:00:08","slug":"force-190-sele-hammar-flytvast","status":"publish","type":"product","link":"https:\/\/baltic.se\/de\/produkt\/force-190-sele-hammar-flytvast\/","title":{"rendered":"Force 190 Sele Hammar Flytv\u00e4st"},"content":{"rendered":"<ul>\n<li>F\u00f6r offshore segling<\/li>\n<li>Ergonomisk passform<\/li>\n<li>Automatisk Hammaruppbl\u00e5sning<\/li>\n<\/ul>\n<p><\/p>\n<p>Force 190 Sele Hammar \u00e4r en uppbl\u00e5sbar flytv\u00e4st, speciellt utformad f\u00f6r att klara av de mest kr\u00e4vande kappseglingsf\u00f6rh\u00e5llandena. V\u00e4sten \u00e4r utrustad med den svensktillverkade hydrostatiska automatventilen Hammar MA1, som aktiveras av vattentryck n\u00e4r anv\u00e4ndaren hamnar i vattnet.<\/p>\n<p><strong>S\u00e4kerhet:<\/strong> Med en b\u00e4rf\u00f6rm\u00e5ga p\u00e5 190N klassas Force som en r\u00e4ddningsv\u00e4st, och den \u00e4r designad f\u00f6r att automatiskt v\u00e4nda anv\u00e4ndaren till ryggl\u00e4ge och h\u00e5lla luftv\u00e4garna fria. Oavsett om anv\u00e4ndaren inte kan simma eller f\u00f6rlorar medvetandet, erbjuder Force en h\u00f6g s\u00e4kerhetsniv\u00e5 och trygghet f\u00f6r alla ombord.<\/p>\n<p><strong>Passform och komfort:<\/strong> Den ergonomiska utformningen s\u00e4kerst\u00e4ller en bekv\u00e4m passform \u00e4ven under l\u00e5nga perioder. Med en integrerad s\u00e4kerhetssele som har dubbla \u00f6glor f\u00f6r livlina, l\u00f6stagbart grenband och visselpipa, kombineras komfort och s\u00e4kerhet p\u00e5 ett optimalt s\u00e4tt.<\/p>\n<p><strong>Tillverkning och kvalitet:<\/strong> Force \u00e4r tillverkad f\u00f6r att klara de tuffaste f\u00f6rh\u00e5llandena och bibeh\u00e5lla sin prestanda \u00f6ver tid. Med fokus p\u00e5 maximal s\u00e4kerhet och funktionalitet \u00e4r denna flytv\u00e4st ett oumb\u00e4rligt verktyg f\u00f6r alla seglare.<\/p>\n<p><strong>Viktigt att veta: <\/strong>Hammar MA1 \u00e4r en uppbl\u00e5sningsventil med hydrostatisk aktivering. Det inneb\u00e4r att ventilen aktiveras automatiskt vid ett vattendjup p\u00e5 cirka 10 cm och snabbt fyller v\u00e4sten med CO2-gas. Vill du veta mer om hur Hammar-ventiler fungerar? L\u00e4r mer <a href=\"https:\/\/www.youtube.com\/watch?v=_wBnxa3NDHA\" rel=\"noopener noreferrer\" target=\"_blank\">H\u00c4R<\/a>.<\/p>\n<p><strong>T\u00c4NK P\u00c5:<\/strong> En flytv\u00e4st \u00e4r ett viktigt s\u00e4kerhetshj\u00e4lpmedel som kan minska risken f\u00f6r drunkning, men den garanterar inte r\u00e4ddning. Anv\u00e4nd alltid flytv\u00e4sten korrekt och f\u00f6lj alla s\u00e4kerhetsinstruktioner.<\/p>\n","protected":false},"excerpt":{"rendered":"<p>Baltic Force 190 Sele Hammar \u00e4r en flytv\u00e4st f\u00f6r segling n\u00e4r allt m\u00e5ste funka. Med dubbla \u00f6glor f\u00f6r sele och hammarutl\u00f6sning. Maximal b\u00e4rkraft, s\u00e4kerhet, funktion och passform.<\/p>\n","protected":false},"featured_media":25437,"template":"","meta":{"_et_pb_use_builder":"","_et_pb_old_content":"","_et_gb_content_width":"","inline_featured_image":false},"product_brand":[],"product_cat":[86,112,90,72],"product_tag":[],"acf":[],"_links":{"self":[{"href":"https:\/\/baltic.se\/de\/wp-json\/wp\/v2\/product\/262"}],"collection":[{"href":"https:\/\/baltic.se\/de\/wp-json\/wp\/v2\/product"}],"about":[{"href":"https:\/\/baltic.se\/de\/wp-json\/wp\/v2\/types\/product"}],"wp:featuredmedia":[{"embeddable":true,"href":"https:\/\/baltic.se\/de\/wp-json\/wp\/v2\/media\/25437"}],"wp:attachment":[{"href":"https:\/\/baltic.se\/de\/wp-json\/wp\/v2\/media?parent=262"}],"wp:term":[{"taxonomy":"product_brand","embeddable":true,"href":"https:\/\/baltic.se\/de\/wp-json\/wp\/v2\/product_brand?post=262"},{"taxonomy":"product_cat","embeddable":true,"href":"https:\/\/baltic.se\/de\/wp-json\/wp\/v2\/product_cat?post=262"},{"taxonomy":"product_tag","embeddable":true,"href":"https:\/\/baltic.se\/de\/wp-json\/wp\/v2\/product_tag?post=262"}],"curies":[{"name":"wp","href":"https:\/\/api.w.org\/{rel}","templated":true}]}}